{"id":9660,"date":"2025-07-16T13:00:41","date_gmt":"2025-07-16T16:00:41","guid":{"rendered":"https:\/\/www.lojadacentral.com.br\/?post_type=product&#038;p=9660"},"modified":"2025-11-29T03:02:23","modified_gmt":"2025-11-29T06:02:23","slug":"kit-porta-cracha-magnetico-redondo","status":"publish","type":"product","link":"https:\/\/www.lojadacentral.com.br\/?product=kit-porta-cracha-magnetico-redondo","title":{"rendered":"Kit Porta Crach\u00e1 Magn\u00e9tico Redondo &#8211; 50 und."},"content":{"rendered":"<p>Kit com 50 unidades.<\/p>\n","protected":false},"excerpt":{"rendered":"<p><strong>+ Praticidade, seguran\u00e7a e eleg\u00e2ncia para seus crach\u00e1s.<\/strong><\/p>\n<p>&nbsp;<\/p>\n<p>Nosso porta crach\u00e1 magn\u00e9tico redondo \u00e9 perfeito para fixa\u00e7\u00e3o de crach\u00e1s e bottons, eliminando a necessidade de perfurar suas roupas, mochilas, etc., com alfinetes, garantindo assim mais praticidade, seguran\u00e7a e eleg\u00e2ncia.<\/p>\n<p>Com alto poder de ader\u00eancia magn\u00e9tica, ele oferece uma solu\u00e7\u00e3o eficiente para uso de crach\u00e1s, bottons e o que mais sua imagina\u00e7\u00e3o permitir, sem danificar os tecidos.<\/p>\n<p>&nbsp;<\/p>\n<p><strong>O kit inclui 50 im\u00e3s de 17mm de di\u00e2metro com dupla face no verso.<\/strong><\/p>\n","protected":false},"featured_media":9768,"template":"","meta":[],"product_brand":[],"product_cat":[44],"product_tag":[],"class_list":{"0":"post-9660","1":"product","2":"type-product","3":"status-publish","4":"has-post-thumbnail","6":"product_cat-acessorios","8":"first","9":"instock","10":"taxable","11":"shipping-taxable","12":"purchasable","13":"product-type-simple"},"yoast_head":"<!-- This site is optimized with the Yoast SEO plugin v27.4 - https:\/\/yoast.com\/product\/yoast-seo-wordpress\/ -->\n<title>Kit Porta Crach\u00e1 Magn\u00e9tico Redondo - 50 und. - Loja da Central<\/title>\n<meta name=\"robots\" content=\"index, follow, max-snippet:-1, max-image-preview:large, max-video-preview:-1\" \/>\n<link rel=\"canonical\" href=\"https:\/\/www.lojadacentral.com.br\/?product=kit-porta-cracha-magnetico-redondo\" \/>\n<meta property=\"og:locale\" content=\"pt_BR\" \/>\n<meta property=\"og:type\" content=\"article\" \/>\n<meta property=\"og:title\" content=\"Kit Porta Crach\u00e1 Magn\u00e9tico Redondo - 50 und. - Loja da Central\" \/>\n<meta property=\"og:description\" content=\"+ Praticidade, seguran\u00e7a e eleg\u00e2ncia para seus crach\u00e1s.  &nbsp;  Nosso porta crach\u00e1 magn\u00e9tico redondo \u00e9 perfeito para fixa\u00e7\u00e3o de crach\u00e1s e bottons, eliminando a necessidade de perfurar suas roupas, mochilas, etc., com alfinetes, garantindo assim mais praticidade, seguran\u00e7a e eleg\u00e2ncia.  Com alto poder de ader\u00eancia magn\u00e9tica, ele oferece uma solu\u00e7\u00e3o eficiente para uso de crach\u00e1s, bottons e o que mais sua imagina\u00e7\u00e3o permitir, sem danificar os tecidos.  &nbsp;  O kit inclui 50 im\u00e3s de 17mm de di\u00e2metro com dupla face no verso.\" \/>\n<meta property=\"og:url\" content=\"https:\/\/www.lojadacentral.com.br\/?product=kit-porta-cracha-magnetico-redondo\" \/>\n<meta property=\"og:site_name\" content=\"Loja da Central\" \/>\n<meta property=\"article:modified_time\" content=\"2025-11-29T06:02:23+00:00\" \/>\n<meta property=\"og:image\" content=\"https:\/\/www.lojadacentral.com.br\/wp-content\/uploads\/2025\/07\/Ima-redondo-3.jpg\" \/>\n\t<meta property=\"og:image:width\" content=\"1080\" \/>\n\t<meta property=\"og:image:height\" content=\"1349\" \/>\n\t<meta property=\"og:image:type\" content=\"image\/jpeg\" \/>\n<meta name=\"twitter:card\" content=\"summary_large_image\" \/>\n<meta name=\"twitter:label1\" content=\"Est. tempo de leitura\" \/>\n\t<meta name=\"twitter:data1\" content=\"1 minuto\" \/>\n<script type=\"application\/ld+json\" class=\"yoast-schema-graph\">{\"@context\":\"https:\\\/\\\/schema.org\",\"@graph\":[{\"@type\":\"WebPage\",\"@id\":\"https:\\\/\\\/www.lojadacentral.com.br\\\/?product=kit-porta-cracha-magnetico-redondo\",\"url\":\"https:\\\/\\\/www.lojadacentral.com.br\\\/?product=kit-porta-cracha-magnetico-redondo\",\"name\":\"Kit Porta Crach\u00e1 Magn\u00e9tico Redondo - 50 und. - Loja da Central\",\"isPartOf\":{\"@id\":\"https:\\\/\\\/www.lojadacentral.com.br\\\/#website\"},\"primaryImageOfPage\":{\"@id\":\"https:\\\/\\\/www.lojadacentral.com.br\\\/?product=kit-porta-cracha-magnetico-redondo#primaryimage\"},\"image\":{\"@id\":\"https:\\\/\\\/www.lojadacentral.com.br\\\/?product=kit-porta-cracha-magnetico-redondo#primaryimage\"},\"thumbnailUrl\":\"https:\\\/\\\/www.lojadacentral.com.br\\\/wp-content\\\/uploads\\\/2025\\\/07\\\/Ima-redondo-3.jpg\",\"datePublished\":\"2025-07-16T16:00:41+00:00\",\"dateModified\":\"2025-11-29T06:02:23+00:00\",\"breadcrumb\":{\"@id\":\"https:\\\/\\\/www.lojadacentral.com.br\\\/?product=kit-porta-cracha-magnetico-redondo#breadcrumb\"},\"inLanguage\":\"pt-BR\",\"potentialAction\":[{\"@type\":\"ReadAction\",\"target\":[\"https:\\\/\\\/www.lojadacentral.com.br\\\/?product=kit-porta-cracha-magnetico-redondo\"]}]},{\"@type\":\"ImageObject\",\"inLanguage\":\"pt-BR\",\"@id\":\"https:\\\/\\\/www.lojadacentral.com.br\\\/?product=kit-porta-cracha-magnetico-redondo#primaryimage\",\"url\":\"https:\\\/\\\/www.lojadacentral.com.br\\\/wp-content\\\/uploads\\\/2025\\\/07\\\/Ima-redondo-3.jpg\",\"contentUrl\":\"https:\\\/\\\/www.lojadacentral.com.br\\\/wp-content\\\/uploads\\\/2025\\\/07\\\/Ima-redondo-3.jpg\",\"width\":1080,\"height\":1349},{\"@type\":\"BreadcrumbList\",\"@id\":\"https:\\\/\\\/www.lojadacentral.com.br\\\/?product=kit-porta-cracha-magnetico-redondo#breadcrumb\",\"itemListElement\":[{\"@type\":\"ListItem\",\"position\":1,\"name\":\"In\u00edcio\",\"item\":\"https:\\\/\\\/www.lojadacentral.com.br\\\/\"},{\"@type\":\"ListItem\",\"position\":2,\"name\":\"Home\",\"item\":\"https:\\\/\\\/www.lojadacentral.com.br\\\/\"},{\"@type\":\"ListItem\",\"position\":3,\"name\":\"Kit Porta Crach\u00e1 Magn\u00e9tico Redondo &#8211; 50 und.\"}]},{\"@type\":\"WebSite\",\"@id\":\"https:\\\/\\\/www.lojadacentral.com.br\\\/#website\",\"url\":\"https:\\\/\\\/www.lojadacentral.com.br\\\/\",\"name\":\"Loja da Central =)\",\"description\":\"Os materiais da Central Do Acr\u00edlico que voc\u00ea j\u00e1 conhece e confia agora dispon\u00edveis online na loja da Central. Compre e receba em sua casa!\",\"publisher\":{\"@id\":\"https:\\\/\\\/www.lojadacentral.com.br\\\/#organization\"},\"potentialAction\":[{\"@type\":\"SearchAction\",\"target\":{\"@type\":\"EntryPoint\",\"urlTemplate\":\"https:\\\/\\\/www.lojadacentral.com.br\\\/?s={search_term_string}\"},\"query-input\":{\"@type\":\"PropertyValueSpecification\",\"valueRequired\":true,\"valueName\":\"search_term_string\"}}],\"inLanguage\":\"pt-BR\"},{\"@type\":\"Organization\",\"@id\":\"https:\\\/\\\/www.lojadacentral.com.br\\\/#organization\",\"name\":\"Central Do Acr\u00edlico\",\"url\":\"https:\\\/\\\/www.lojadacentral.com.br\\\/\",\"logo\":{\"@type\":\"ImageObject\",\"inLanguage\":\"pt-BR\",\"@id\":\"https:\\\/\\\/www.lojadacentral.com.br\\\/#\\\/schema\\\/logo\\\/image\\\/\",\"url\":\"https:\\\/\\\/www.lojadacentral.com.br\\\/wp-content\\\/uploads\\\/2024\\\/02\\\/Logo-Central-PNG.png\",\"contentUrl\":\"https:\\\/\\\/www.lojadacentral.com.br\\\/wp-content\\\/uploads\\\/2024\\\/02\\\/Logo-Central-PNG.png\",\"width\":3891,\"height\":700,\"caption\":\"Central Do Acr\u00edlico\"},\"image\":{\"@id\":\"https:\\\/\\\/www.lojadacentral.com.br\\\/#\\\/schema\\\/logo\\\/image\\\/\"},\"sameAs\":[\"https:\\\/\\\/www.instagram.com\\\/centraldoacrilico\\\/\"]}]}<\/script>\n<!-- \/ Yoast SEO plugin. -->","yoast_head_json":{"title":"Kit Porta Crach\u00e1 Magn\u00e9tico Redondo - 50 und. - Loja da Central","robots":{"index":"index","follow":"follow","max-snippet":"max-snippet:-1","max-image-preview":"max-image-preview:large","max-video-preview":"max-video-preview:-1"},"canonical":"https:\/\/www.lojadacentral.com.br\/?product=kit-porta-cracha-magnetico-redondo","og_locale":"pt_BR","og_type":"article","og_title":"Kit Porta Crach\u00e1 Magn\u00e9tico Redondo - 50 und. - Loja da Central","og_description":"+ Praticidade, seguran\u00e7a e eleg\u00e2ncia para seus crach\u00e1s.  &nbsp;  Nosso porta crach\u00e1 magn\u00e9tico redondo \u00e9 perfeito para fixa\u00e7\u00e3o de crach\u00e1s e bottons, eliminando a necessidade de perfurar suas roupas, mochilas, etc., com alfinetes, garantindo assim mais praticidade, seguran\u00e7a e eleg\u00e2ncia.  Com alto poder de ader\u00eancia magn\u00e9tica, ele oferece uma solu\u00e7\u00e3o eficiente para uso de crach\u00e1s, bottons e o que mais sua imagina\u00e7\u00e3o permitir, sem danificar os tecidos.  &nbsp;  O kit inclui 50 im\u00e3s de 17mm de di\u00e2metro com dupla face no verso.","og_url":"https:\/\/www.lojadacentral.com.br\/?product=kit-porta-cracha-magnetico-redondo","og_site_name":"Loja da Central","article_modified_time":"2025-11-29T06:02:23+00:00","og_image":[{"width":1080,"height":1349,"url":"https:\/\/www.lojadacentral.com.br\/wp-content\/uploads\/2025\/07\/Ima-redondo-3.jpg","type":"image\/jpeg"}],"twitter_card":"summary_large_image","twitter_misc":{"Est. tempo de leitura":"1 minuto"},"schema":{"@context":"https:\/\/schema.org","@graph":[{"@type":"WebPage","@id":"https:\/\/www.lojadacentral.com.br\/?product=kit-porta-cracha-magnetico-redondo","url":"https:\/\/www.lojadacentral.com.br\/?product=kit-porta-cracha-magnetico-redondo","name":"Kit Porta Crach\u00e1 Magn\u00e9tico Redondo - 50 und. - Loja da Central","isPartOf":{"@id":"https:\/\/www.lojadacentral.com.br\/#website"},"primaryImageOfPage":{"@id":"https:\/\/www.lojadacentral.com.br\/?product=kit-porta-cracha-magnetico-redondo#primaryimage"},"image":{"@id":"https:\/\/www.lojadacentral.com.br\/?product=kit-porta-cracha-magnetico-redondo#primaryimage"},"thumbnailUrl":"https:\/\/www.lojadacentral.com.br\/wp-content\/uploads\/2025\/07\/Ima-redondo-3.jpg","datePublished":"2025-07-16T16:00:41+00:00","dateModified":"2025-11-29T06:02:23+00:00","breadcrumb":{"@id":"https:\/\/www.lojadacentral.com.br\/?product=kit-porta-cracha-magnetico-redondo#breadcrumb"},"inLanguage":"pt-BR","potentialAction":[{"@type":"ReadAction","target":["https:\/\/www.lojadacentral.com.br\/?product=kit-porta-cracha-magnetico-redondo"]}]},{"@type":"ImageObject","inLanguage":"pt-BR","@id":"https:\/\/www.lojadacentral.com.br\/?product=kit-porta-cracha-magnetico-redondo#primaryimage","url":"https:\/\/www.lojadacentral.com.br\/wp-content\/uploads\/2025\/07\/Ima-redondo-3.jpg","contentUrl":"https:\/\/www.lojadacentral.com.br\/wp-content\/uploads\/2025\/07\/Ima-redondo-3.jpg","width":1080,"height":1349},{"@type":"BreadcrumbList","@id":"https:\/\/www.lojadacentral.com.br\/?product=kit-porta-cracha-magnetico-redondo#breadcrumb","itemListElement":[{"@type":"ListItem","position":1,"name":"In\u00edcio","item":"https:\/\/www.lojadacentral.com.br\/"},{"@type":"ListItem","position":2,"name":"Home","item":"https:\/\/www.lojadacentral.com.br\/"},{"@type":"ListItem","position":3,"name":"Kit Porta Crach\u00e1 Magn\u00e9tico Redondo &#8211; 50 und."}]},{"@type":"WebSite","@id":"https:\/\/www.lojadacentral.com.br\/#website","url":"https:\/\/www.lojadacentral.com.br\/","name":"Loja da Central =)","description":"Os materiais da Central Do Acr\u00edlico que voc\u00ea j\u00e1 conhece e confia agora dispon\u00edveis online na loja da Central. Compre e receba em sua casa!","publisher":{"@id":"https:\/\/www.lojadacentral.com.br\/#organization"},"potentialAction":[{"@type":"SearchAction","target":{"@type":"EntryPoint","urlTemplate":"https:\/\/www.lojadacentral.com.br\/?s={search_term_string}"},"query-input":{"@type":"PropertyValueSpecification","valueRequired":true,"valueName":"search_term_string"}}],"inLanguage":"pt-BR"},{"@type":"Organization","@id":"https:\/\/www.lojadacentral.com.br\/#organization","name":"Central Do Acr\u00edlico","url":"https:\/\/www.lojadacentral.com.br\/","logo":{"@type":"ImageObject","inLanguage":"pt-BR","@id":"https:\/\/www.lojadacentral.com.br\/#\/schema\/logo\/image\/","url":"https:\/\/www.lojadacentral.com.br\/wp-content\/uploads\/2024\/02\/Logo-Central-PNG.png","contentUrl":"https:\/\/www.lojadacentral.com.br\/wp-content\/uploads\/2024\/02\/Logo-Central-PNG.png","width":3891,"height":700,"caption":"Central Do Acr\u00edlico"},"image":{"@id":"https:\/\/www.lojadacentral.com.br\/#\/schema\/logo\/image\/"},"sameAs":["https:\/\/www.instagram.com\/centraldoacrilico\/"]}]}},"_links":{"self":[{"href":"https:\/\/www.lojadacentral.com.br\/index.php?rest_route=\/wp\/v2\/product\/9660","targetHints":{"allow":["GET"]}}],"collection":[{"href":"https:\/\/www.lojadacentral.com.br\/index.php?rest_route=\/wp\/v2\/product"}],"about":[{"href":"https:\/\/www.lojadacentral.com.br\/index.php?rest_route=\/wp\/v2\/types\/product"}],"wp:featuredmedia":[{"embeddable":true,"href":"https:\/\/www.lojadacentral.com.br\/index.php?rest_route=\/wp\/v2\/media\/9768"}],"wp:attachment":[{"href":"https:\/\/www.lojadacentral.com.br\/index.php?rest_route=%2Fwp%2Fv2%2Fmedia&parent=9660"}],"wp:term":[{"taxonomy":"product_brand","embeddable":true,"href":"https:\/\/www.lojadacentral.com.br\/index.php?rest_route=%2Fwp%2Fv2%2Fproduct_brand&post=9660"},{"taxonomy":"product_cat","embeddable":true,"href":"https:\/\/www.lojadacentral.com.br\/index.php?rest_route=%2Fwp%2Fv2%2Fproduct_cat&post=9660"},{"taxonomy":"product_tag","embeddable":true,"href":"https:\/\/www.lojadacentral.com.br\/index.php?rest_route=%2Fwp%2Fv2%2Fproduct_tag&post=9660"}],"curies":[{"name":"wp","href":"https:\/\/api.w.org\/{rel}","templated":true}]}}