{"id":7849,"date":"2025-02-14T11:46:50","date_gmt":"2025-02-14T14:46:50","guid":{"rendered":"https:\/\/www.lojadacentral.com.br\/?post_type=product&#038;p=7849"},"modified":"2025-11-29T03:02:24","modified_gmt":"2025-11-29T06:02:24","slug":"kit-cristal-3mm-mini-chapas-acrilico","status":"publish","type":"product","link":"https:\/\/www.lojadacentral.com.br\/?product=kit-cristal-3mm-mini-chapas-acrilico","title":{"rendered":"mini Chapa Cristal 3mm &#8211; 01un."},"content":{"rendered":"","protected":false},"excerpt":{"rendered":"<p class=\"selectable-text copyable-text x15bjb6t x1n2onr6\" dir=\"ltr\"><span class=\"selectable-text copyable-text false\">Nosso Acr\u00edlico Cristal de 3mm que voc\u00eas j\u00e1 conhecem e amam agora em vers\u00e3o mini =)<\/span><\/p>\n<p>&nbsp;<\/p>\n<p class=\"selectable-text copyable-text x15bjb6t x1n2onr6\" dir=\"ltr\"><span class=\"selectable-text copyable-text false\">Nossas Chapas de Acr\u00edlico 100% puras com a qualidade e beleza que voc\u00ea j\u00e1 conhece, fracionadas em medidas menores para que voc\u00ea tenha muito mais cores \u00e0 disposi\u00e7\u00e3o da sua imagina\u00e7\u00e3o.<\/span><\/p>\n<p class=\"selectable-text copyable-text x15bjb6t x1n2onr6\" dir=\"ltr\"><span class=\"selectable-text copyable-text false\">As mini Chapas foram criadas para que voc\u00ea amente sua cole\u00e7\u00e3o e tenha todos os seus Acr\u00edlicos favoritos. Al\u00e9m disso, como o nome sugere, elas s\u00e3o pequenas para caberem em m\u00e1quinas de corte a laser menores.<\/span><\/p>\n<p>&nbsp;<\/p>\n<p class=\"selectable-text copyable-text x15bjb6t x1n2onr6\" dir=\"ltr\"><span class=\"selectable-text copyable-text false\"><strong>Medida<\/strong>: 400x500mm;<\/span><\/p>\n<p><span class=\"selectable-text copyable-text false\"><strong>Espessura<\/strong>: 3mm;<\/span><\/p>\n<p><strong>Cor<\/strong>: Cristal.<\/p>\n<p>&nbsp;<\/p>\n[modula id=\"7968\"]\n<p>&nbsp;<\/p>\n<p>&nbsp;<\/p>\n<p><a href=\"https:\/\/www.lojadacentral.com.br\/?page_id=3816\">Para kits com mini Chapas de 2,0mm clique aqui.<\/a><\/p>\n","protected":false},"featured_media":7852,"template":"","meta":[],"product_brand":[],"product_cat":[79],"product_tag":[],"class_list":{"0":"post-7849","1":"product","2":"type-product","3":"status-publish","4":"has-post-thumbnail","6":"product_cat-minichapas","8":"first","9":"instock","10":"taxable","11":"shipping-taxable","12":"purchasable","13":"product-type-simple"},"yoast_head":"<!-- This site is optimized with the Yoast SEO plugin v27.5 - https:\/\/yoast.com\/product\/yoast-seo-wordpress\/ -->\n<title>mini Chapa Cristal 3mm - 01un. - Loja da Central<\/title>\n<meta name=\"robots\" content=\"index, follow, max-snippet:-1, max-image-preview:large, max-video-preview:-1\" \/>\n<link rel=\"canonical\" href=\"https:\/\/www.lojadacentral.com.br\/?product=kit-cristal-3mm-mini-chapas-acrilico\" \/>\n<meta property=\"og:locale\" content=\"pt_BR\" \/>\n<meta property=\"og:type\" content=\"article\" \/>\n<meta property=\"og:title\" content=\"mini Chapa Cristal 3mm - 01un. - Loja da Central\" \/>\n<meta property=\"og:description\" content=\"Nosso Acr\u00edlico Cristal de 3mm que voc\u00eas j\u00e1 conhecem e amam agora em vers\u00e3o mini =) &nbsp; Nossas Chapas de Acr\u00edlico 100% puras com a qualidade e beleza que voc\u00ea j\u00e1 conhece, fracionadas em medidas menores para que voc\u00ea tenha muito mais cores \u00e0 disposi\u00e7\u00e3o da sua imagina\u00e7\u00e3o. As mini Chapas foram criadas para que voc\u00ea amente sua cole\u00e7\u00e3o e tenha todos os seus Acr\u00edlicos favoritos. Al\u00e9m disso, como o nome sugere, elas s\u00e3o pequenas para caberem em m\u00e1quinas de corte a laser menores. &nbsp; Medida: 400x500mm; Espessura: 3mm;  Cor: Cristal.  &nbsp;    &nbsp;  &nbsp;  Para kits com mini Chapas de 2,0mm clique aqui.\" \/>\n<meta property=\"og:url\" content=\"https:\/\/www.lojadacentral.com.br\/?product=kit-cristal-3mm-mini-chapas-acrilico\" \/>\n<meta property=\"og:site_name\" content=\"Loja da Central\" \/>\n<meta property=\"article:modified_time\" content=\"2025-11-29T06:02:24+00:00\" \/>\n<meta property=\"og:image\" content=\"https:\/\/www.lojadacentral.com.br\/wp-content\/uploads\/2025\/02\/MiniChapaCristal-Central-do-Acrilico-1.png\" \/>\n\t<meta property=\"og:image:width\" content=\"1080\" \/>\n\t<meta property=\"og:image:height\" content=\"1349\" \/>\n\t<meta property=\"og:image:type\" content=\"image\/png\" \/>\n<meta name=\"twitter:card\" content=\"summary_large_image\" \/>\n<meta name=\"twitter:label1\" content=\"Est. tempo de leitura\" \/>\n\t<meta name=\"twitter:data1\" content=\"1 minuto\" \/>\n<script type=\"application\/ld+json\" class=\"yoast-schema-graph\">{\"@context\":\"https:\\\/\\\/schema.org\",\"@graph\":[{\"@type\":\"WebPage\",\"@id\":\"https:\\\/\\\/www.lojadacentral.com.br\\\/?product=kit-cristal-3mm-mini-chapas-acrilico\",\"url\":\"https:\\\/\\\/www.lojadacentral.com.br\\\/?product=kit-cristal-3mm-mini-chapas-acrilico\",\"name\":\"mini Chapa Cristal 3mm - 01un. - Loja da Central\",\"isPartOf\":{\"@id\":\"https:\\\/\\\/www.lojadacentral.com.br\\\/#website\"},\"primaryImageOfPage\":{\"@id\":\"https:\\\/\\\/www.lojadacentral.com.br\\\/?product=kit-cristal-3mm-mini-chapas-acrilico#primaryimage\"},\"image\":{\"@id\":\"https:\\\/\\\/www.lojadacentral.com.br\\\/?product=kit-cristal-3mm-mini-chapas-acrilico#primaryimage\"},\"thumbnailUrl\":\"https:\\\/\\\/www.lojadacentral.com.br\\\/wp-content\\\/uploads\\\/2025\\\/02\\\/MiniChapaCristal-Central-do-Acrilico-1.png\",\"datePublished\":\"2025-02-14T14:46:50+00:00\",\"dateModified\":\"2025-11-29T06:02:24+00:00\",\"breadcrumb\":{\"@id\":\"https:\\\/\\\/www.lojadacentral.com.br\\\/?product=kit-cristal-3mm-mini-chapas-acrilico#breadcrumb\"},\"inLanguage\":\"pt-BR\",\"potentialAction\":[{\"@type\":\"ReadAction\",\"target\":[\"https:\\\/\\\/www.lojadacentral.com.br\\\/?product=kit-cristal-3mm-mini-chapas-acrilico\"]}]},{\"@type\":\"ImageObject\",\"inLanguage\":\"pt-BR\",\"@id\":\"https:\\\/\\\/www.lojadacentral.com.br\\\/?product=kit-cristal-3mm-mini-chapas-acrilico#primaryimage\",\"url\":\"https:\\\/\\\/www.lojadacentral.com.br\\\/wp-content\\\/uploads\\\/2025\\\/02\\\/MiniChapaCristal-Central-do-Acrilico-1.png\",\"contentUrl\":\"https:\\\/\\\/www.lojadacentral.com.br\\\/wp-content\\\/uploads\\\/2025\\\/02\\\/MiniChapaCristal-Central-do-Acrilico-1.png\",\"width\":1080,\"height\":1349},{\"@type\":\"BreadcrumbList\",\"@id\":\"https:\\\/\\\/www.lojadacentral.com.br\\\/?product=kit-cristal-3mm-mini-chapas-acrilico#breadcrumb\",\"itemListElement\":[{\"@type\":\"ListItem\",\"position\":1,\"name\":\"In\u00edcio\",\"item\":\"https:\\\/\\\/www.lojadacentral.com.br\\\/\"},{\"@type\":\"ListItem\",\"position\":2,\"name\":\"Home\",\"item\":\"https:\\\/\\\/www.lojadacentral.com.br\\\/\"},{\"@type\":\"ListItem\",\"position\":3,\"name\":\"mini Chapa Cristal 3mm &#8211; 01un.\"}]},{\"@type\":\"WebSite\",\"@id\":\"https:\\\/\\\/www.lojadacentral.com.br\\\/#website\",\"url\":\"https:\\\/\\\/www.lojadacentral.com.br\\\/\",\"name\":\"Loja da Central =)\",\"description\":\"Os materiais da Central Do Acr\u00edlico que voc\u00ea j\u00e1 conhece e confia agora dispon\u00edveis online na loja da Central. Compre e receba em sua casa!\",\"publisher\":{\"@id\":\"https:\\\/\\\/www.lojadacentral.com.br\\\/#organization\"},\"potentialAction\":[{\"@type\":\"SearchAction\",\"target\":{\"@type\":\"EntryPoint\",\"urlTemplate\":\"https:\\\/\\\/www.lojadacentral.com.br\\\/?s={search_term_string}\"},\"query-input\":{\"@type\":\"PropertyValueSpecification\",\"valueRequired\":true,\"valueName\":\"search_term_string\"}}],\"inLanguage\":\"pt-BR\"},{\"@type\":\"Organization\",\"@id\":\"https:\\\/\\\/www.lojadacentral.com.br\\\/#organization\",\"name\":\"Central Do Acr\u00edlico\",\"url\":\"https:\\\/\\\/www.lojadacentral.com.br\\\/\",\"logo\":{\"@type\":\"ImageObject\",\"inLanguage\":\"pt-BR\",\"@id\":\"https:\\\/\\\/www.lojadacentral.com.br\\\/#\\\/schema\\\/logo\\\/image\\\/\",\"url\":\"https:\\\/\\\/www.lojadacentral.com.br\\\/wp-content\\\/uploads\\\/2024\\\/02\\\/Logo-Central-PNG.png\",\"contentUrl\":\"https:\\\/\\\/www.lojadacentral.com.br\\\/wp-content\\\/uploads\\\/2024\\\/02\\\/Logo-Central-PNG.png\",\"width\":3891,\"height\":700,\"caption\":\"Central Do Acr\u00edlico\"},\"image\":{\"@id\":\"https:\\\/\\\/www.lojadacentral.com.br\\\/#\\\/schema\\\/logo\\\/image\\\/\"},\"sameAs\":[\"https:\\\/\\\/www.instagram.com\\\/centraldoacrilico\\\/\"]}]}<\/script>\n<!-- \/ Yoast SEO plugin. -->","yoast_head_json":{"title":"mini Chapa Cristal 3mm - 01un. - Loja da Central","robots":{"index":"index","follow":"follow","max-snippet":"max-snippet:-1","max-image-preview":"max-image-preview:large","max-video-preview":"max-video-preview:-1"},"canonical":"https:\/\/www.lojadacentral.com.br\/?product=kit-cristal-3mm-mini-chapas-acrilico","og_locale":"pt_BR","og_type":"article","og_title":"mini Chapa Cristal 3mm - 01un. - Loja da Central","og_description":"Nosso Acr\u00edlico Cristal de 3mm que voc\u00eas j\u00e1 conhecem e amam agora em vers\u00e3o mini =) &nbsp; Nossas Chapas de Acr\u00edlico 100% puras com a qualidade e beleza que voc\u00ea j\u00e1 conhece, fracionadas em medidas menores para que voc\u00ea tenha muito mais cores \u00e0 disposi\u00e7\u00e3o da sua imagina\u00e7\u00e3o. As mini Chapas foram criadas para que voc\u00ea amente sua cole\u00e7\u00e3o e tenha todos os seus Acr\u00edlicos favoritos. Al\u00e9m disso, como o nome sugere, elas s\u00e3o pequenas para caberem em m\u00e1quinas de corte a laser menores. &nbsp; Medida: 400x500mm; Espessura: 3mm;  Cor: Cristal.  &nbsp;    &nbsp;  &nbsp;  Para kits com mini Chapas de 2,0mm clique aqui.","og_url":"https:\/\/www.lojadacentral.com.br\/?product=kit-cristal-3mm-mini-chapas-acrilico","og_site_name":"Loja da Central","article_modified_time":"2025-11-29T06:02:24+00:00","og_image":[{"width":1080,"height":1349,"url":"https:\/\/www.lojadacentral.com.br\/wp-content\/uploads\/2025\/02\/MiniChapaCristal-Central-do-Acrilico-1.png","type":"image\/png"}],"twitter_card":"summary_large_image","twitter_misc":{"Est. tempo de leitura":"1 minuto"},"schema":{"@context":"https:\/\/schema.org","@graph":[{"@type":"WebPage","@id":"https:\/\/www.lojadacentral.com.br\/?product=kit-cristal-3mm-mini-chapas-acrilico","url":"https:\/\/www.lojadacentral.com.br\/?product=kit-cristal-3mm-mini-chapas-acrilico","name":"mini Chapa Cristal 3mm - 01un. - Loja da Central","isPartOf":{"@id":"https:\/\/www.lojadacentral.com.br\/#website"},"primaryImageOfPage":{"@id":"https:\/\/www.lojadacentral.com.br\/?product=kit-cristal-3mm-mini-chapas-acrilico#primaryimage"},"image":{"@id":"https:\/\/www.lojadacentral.com.br\/?product=kit-cristal-3mm-mini-chapas-acrilico#primaryimage"},"thumbnailUrl":"https:\/\/www.lojadacentral.com.br\/wp-content\/uploads\/2025\/02\/MiniChapaCristal-Central-do-Acrilico-1.png","datePublished":"2025-02-14T14:46:50+00:00","dateModified":"2025-11-29T06:02:24+00:00","breadcrumb":{"@id":"https:\/\/www.lojadacentral.com.br\/?product=kit-cristal-3mm-mini-chapas-acrilico#breadcrumb"},"inLanguage":"pt-BR","potentialAction":[{"@type":"ReadAction","target":["https:\/\/www.lojadacentral.com.br\/?product=kit-cristal-3mm-mini-chapas-acrilico"]}]},{"@type":"ImageObject","inLanguage":"pt-BR","@id":"https:\/\/www.lojadacentral.com.br\/?product=kit-cristal-3mm-mini-chapas-acrilico#primaryimage","url":"https:\/\/www.lojadacentral.com.br\/wp-content\/uploads\/2025\/02\/MiniChapaCristal-Central-do-Acrilico-1.png","contentUrl":"https:\/\/www.lojadacentral.com.br\/wp-content\/uploads\/2025\/02\/MiniChapaCristal-Central-do-Acrilico-1.png","width":1080,"height":1349},{"@type":"BreadcrumbList","@id":"https:\/\/www.lojadacentral.com.br\/?product=kit-cristal-3mm-mini-chapas-acrilico#breadcrumb","itemListElement":[{"@type":"ListItem","position":1,"name":"In\u00edcio","item":"https:\/\/www.lojadacentral.com.br\/"},{"@type":"ListItem","position":2,"name":"Home","item":"https:\/\/www.lojadacentral.com.br\/"},{"@type":"ListItem","position":3,"name":"mini Chapa Cristal 3mm &#8211; 01un."}]},{"@type":"WebSite","@id":"https:\/\/www.lojadacentral.com.br\/#website","url":"https:\/\/www.lojadacentral.com.br\/","name":"Loja da Central =)","description":"Os materiais da Central Do Acr\u00edlico que voc\u00ea j\u00e1 conhece e confia agora dispon\u00edveis online na loja da Central. Compre e receba em sua casa!","publisher":{"@id":"https:\/\/www.lojadacentral.com.br\/#organization"},"potentialAction":[{"@type":"SearchAction","target":{"@type":"EntryPoint","urlTemplate":"https:\/\/www.lojadacentral.com.br\/?s={search_term_string}"},"query-input":{"@type":"PropertyValueSpecification","valueRequired":true,"valueName":"search_term_string"}}],"inLanguage":"pt-BR"},{"@type":"Organization","@id":"https:\/\/www.lojadacentral.com.br\/#organization","name":"Central Do Acr\u00edlico","url":"https:\/\/www.lojadacentral.com.br\/","logo":{"@type":"ImageObject","inLanguage":"pt-BR","@id":"https:\/\/www.lojadacentral.com.br\/#\/schema\/logo\/image\/","url":"https:\/\/www.lojadacentral.com.br\/wp-content\/uploads\/2024\/02\/Logo-Central-PNG.png","contentUrl":"https:\/\/www.lojadacentral.com.br\/wp-content\/uploads\/2024\/02\/Logo-Central-PNG.png","width":3891,"height":700,"caption":"Central Do Acr\u00edlico"},"image":{"@id":"https:\/\/www.lojadacentral.com.br\/#\/schema\/logo\/image\/"},"sameAs":["https:\/\/www.instagram.com\/centraldoacrilico\/"]}]}},"_links":{"self":[{"href":"https:\/\/www.lojadacentral.com.br\/index.php?rest_route=\/wp\/v2\/product\/7849","targetHints":{"allow":["GET"]}}],"collection":[{"href":"https:\/\/www.lojadacentral.com.br\/index.php?rest_route=\/wp\/v2\/product"}],"about":[{"href":"https:\/\/www.lojadacentral.com.br\/index.php?rest_route=\/wp\/v2\/types\/product"}],"wp:featuredmedia":[{"embeddable":true,"href":"https:\/\/www.lojadacentral.com.br\/index.php?rest_route=\/wp\/v2\/media\/7852"}],"wp:attachment":[{"href":"https:\/\/www.lojadacentral.com.br\/index.php?rest_route=%2Fwp%2Fv2%2Fmedia&parent=7849"}],"wp:term":[{"taxonomy":"product_brand","embeddable":true,"href":"https:\/\/www.lojadacentral.com.br\/index.php?rest_route=%2Fwp%2Fv2%2Fproduct_brand&post=7849"},{"taxonomy":"product_cat","embeddable":true,"href":"https:\/\/www.lojadacentral.com.br\/index.php?rest_route=%2Fwp%2Fv2%2Fproduct_cat&post=7849"},{"taxonomy":"product_tag","embeddable":true,"href":"https:\/\/www.lojadacentral.com.br\/index.php?rest_route=%2Fwp%2Fv2%2Fproduct_tag&post=7849"}],"curies":[{"name":"wp","href":"https:\/\/api.w.org\/{rel}","templated":true}]}}