{"id":2509,"date":"2024-05-02T16:47:15","date_gmt":"2024-05-02T19:47:15","guid":{"rendered":"https:\/\/loja.centraldoacrilico.com.br\/?post_type=product&#038;p=2509"},"modified":"2026-03-04T14:25:40","modified_gmt":"2026-03-04T17:25:40","slug":"base-led-rgb","status":"publish","type":"product","link":"https:\/\/www.lojadacentral.com.br\/?product=base-led-rgb","title":{"rendered":"Base LED RGB"},"content":{"rendered":"","protected":false},"excerpt":{"rendered":"<div class=\"elementor-element elementor-element-97c8905 elementor-widget elementor-widget-heading\" data-id=\"97c8905\" data-element_type=\"widget\" data-widget_type=\"heading.default\">\n<div class=\"elementor-widget-container\">\n<p class=\"elementor-heading-title elementor-size-default\"><strong>Medidas:<\/strong><\/p>\n<p>&nbsp;<\/p>\n<\/div>\n<\/div>\n<div class=\"elementor-element elementor-element-574aa3a elementor-widget elementor-widget-text-editor\" data-id=\"574aa3a\" data-element_type=\"widget\" data-widget_type=\"text-editor.default\">\n<div class=\"elementor-widget-container\">\n<ul>\n<li>94mm\u00a0<strong>di\u00e2metro;<\/strong><\/li>\n<li>40mm\u00a0<strong>altura;<\/strong><\/li>\n<li>82mm\u00a0<strong>encaixe.<\/strong><\/li>\n<li>3mm de espessura de <strong>encaixe<\/strong>.<\/li>\n<\/ul>\n<p>&nbsp;<\/p>\n<\/div>\n<\/div>\n<p>Bases para lumin\u00e1rias de LED em Acr\u00edlico, com controle de cor via bot\u00e3o touch e\/ou controle sem fio.<\/p>\n<p>A Base Led \u00e9 utilizada para lumin\u00e1rias, placas, displays, objetos decorativos em Acr\u00edlico, iluminando o Acr\u00edlico e destacando seu trabalho.<\/p>\n<p>Com a versatilidade do Acr\u00edlico, as possibilidades de cria\u00e7\u00e3o s\u00e3o infinitas, e a ilumina\u00e7\u00e3o das nossas Bases LED deixa sua pe\u00e7a ainda mais sofisticada e moderna.<\/p>\n<p>Nossas bases t\u00eam bot\u00e3o touch de controle de cor com\u00a0<b>07 cores<\/b>\u00a0e diferentes jogos de luz.<\/p>\n<p>J\u00e1 v\u00e3o acompanhadas de\u00a0<b>cabo micro usb<\/b>\u00a0e tamb\u00e9m possuem compartimento para 3 pilhas AA (n\u00e3o inclusas).<\/p>\n<p>Al\u00e9m disso, voc\u00ea ainda pode optar por\u00a0<b>base + controle RGB<\/b>\u00a0sem fio, para oferecer uma experi\u00eancia ainda mais exclusiva para seus clientes.<\/p>\n","protected":false},"featured_media":2527,"template":"","meta":[],"product_brand":[],"product_cat":[44,190],"product_tag":[],"class_list":{"0":"post-2509","1":"product","2":"type-product","3":"status-publish","4":"has-post-thumbnail","6":"product_cat-acessorios","7":"product_cat-bases-led","8":"pa_controle-controle","9":"pa_controle-sem-controle","11":"first","12":"instock","13":"taxable","14":"shipping-taxable","15":"purchasable","16":"product-type-variable"},"yoast_head":"<!-- This site is optimized with the Yoast SEO plugin v27.5 - https:\/\/yoast.com\/product\/yoast-seo-wordpress\/ -->\n<title>Base LED RGB - Loja da Central<\/title>\n<meta name=\"robots\" content=\"index, follow, max-snippet:-1, max-image-preview:large, max-video-preview:-1\" \/>\n<link rel=\"canonical\" href=\"https:\/\/www.lojadacentral.com.br\/?product=base-led-rgb\" \/>\n<meta property=\"og:locale\" content=\"pt_BR\" \/>\n<meta property=\"og:type\" content=\"article\" \/>\n<meta property=\"og:title\" content=\"Base LED RGB - Loja da Central\" \/>\n<meta property=\"og:description\" content=\"Medidas: &nbsp;        94mm\u00a0di\u00e2metro;  40mm\u00a0altura;  82mm\u00a0encaixe.  3mm de espessura de encaixe.  &nbsp;    Bases para lumin\u00e1rias de LED em Acr\u00edlico, com controle de cor via bot\u00e3o touch e\/ou controle sem fio.  A Base Led \u00e9 utilizada para lumin\u00e1rias, placas, displays, objetos decorativos em Acr\u00edlico, iluminando o Acr\u00edlico e destacando seu trabalho.  Com a versatilidade do Acr\u00edlico, as possibilidades de cria\u00e7\u00e3o s\u00e3o infinitas, e a ilumina\u00e7\u00e3o das nossas Bases LED deixa sua pe\u00e7a ainda mais sofisticada e moderna.  Nossas bases t\u00eam bot\u00e3o touch de controle de cor com\u00a007 cores\u00a0e diferentes jogos de luz.  J\u00e1 v\u00e3o acompanhadas de\u00a0cabo micro usb\u00a0e tamb\u00e9m possuem compartimento para 3 pilhas AA (n\u00e3o inclusas).  Al\u00e9m disso, voc\u00ea ainda pode optar por\u00a0base + controle RGB\u00a0sem fio, para oferecer uma experi\u00eancia ainda mais exclusiva para seus clientes.\" \/>\n<meta property=\"og:url\" content=\"https:\/\/www.lojadacentral.com.br\/?product=base-led-rgb\" \/>\n<meta property=\"og:site_name\" content=\"Loja da Central\" \/>\n<meta property=\"article:modified_time\" content=\"2026-03-04T17:25:40+00:00\" \/>\n<meta property=\"og:image\" content=\"https:\/\/www.lojadacentral.com.br\/wp-content\/uploads\/2024\/05\/Foto2BaseLed-Central-Do-Acrilico.jpg\" \/>\n\t<meta property=\"og:image:width\" content=\"1080\" \/>\n\t<meta property=\"og:image:height\" content=\"1349\" \/>\n\t<meta property=\"og:image:type\" content=\"image\/jpeg\" \/>\n<meta name=\"twitter:card\" content=\"summary_large_image\" \/>\n<meta name=\"twitter:label1\" content=\"Est. tempo de leitura\" \/>\n\t<meta name=\"twitter:data1\" content=\"1 minuto\" \/>\n<script type=\"application\/ld+json\" class=\"yoast-schema-graph\">{\"@context\":\"https:\\\/\\\/schema.org\",\"@graph\":[{\"@type\":\"WebPage\",\"@id\":\"https:\\\/\\\/www.lojadacentral.com.br\\\/?product=base-led-rgb\",\"url\":\"https:\\\/\\\/www.lojadacentral.com.br\\\/?product=base-led-rgb\",\"name\":\"Base LED RGB - Loja da Central\",\"isPartOf\":{\"@id\":\"https:\\\/\\\/www.lojadacentral.com.br\\\/#website\"},\"primaryImageOfPage\":{\"@id\":\"https:\\\/\\\/www.lojadacentral.com.br\\\/?product=base-led-rgb#primaryimage\"},\"image\":{\"@id\":\"https:\\\/\\\/www.lojadacentral.com.br\\\/?product=base-led-rgb#primaryimage\"},\"thumbnailUrl\":\"https:\\\/\\\/www.lojadacentral.com.br\\\/wp-content\\\/uploads\\\/2024\\\/05\\\/Foto2BaseLed-Central-Do-Acrilico.jpg\",\"datePublished\":\"2024-05-02T19:47:15+00:00\",\"dateModified\":\"2026-03-04T17:25:40+00:00\",\"breadcrumb\":{\"@id\":\"https:\\\/\\\/www.lojadacentral.com.br\\\/?product=base-led-rgb#breadcrumb\"},\"inLanguage\":\"pt-BR\",\"potentialAction\":[{\"@type\":\"ReadAction\",\"target\":[\"https:\\\/\\\/www.lojadacentral.com.br\\\/?product=base-led-rgb\"]}]},{\"@type\":\"ImageObject\",\"inLanguage\":\"pt-BR\",\"@id\":\"https:\\\/\\\/www.lojadacentral.com.br\\\/?product=base-led-rgb#primaryimage\",\"url\":\"https:\\\/\\\/www.lojadacentral.com.br\\\/wp-content\\\/uploads\\\/2024\\\/05\\\/Foto2BaseLed-Central-Do-Acrilico.jpg\",\"contentUrl\":\"https:\\\/\\\/www.lojadacentral.com.br\\\/wp-content\\\/uploads\\\/2024\\\/05\\\/Foto2BaseLed-Central-Do-Acrilico.jpg\",\"width\":1080,\"height\":1349},{\"@type\":\"BreadcrumbList\",\"@id\":\"https:\\\/\\\/www.lojadacentral.com.br\\\/?product=base-led-rgb#breadcrumb\",\"itemListElement\":[{\"@type\":\"ListItem\",\"position\":1,\"name\":\"In\u00edcio\",\"item\":\"https:\\\/\\\/www.lojadacentral.com.br\\\/\"},{\"@type\":\"ListItem\",\"position\":2,\"name\":\"Home\",\"item\":\"https:\\\/\\\/www.lojadacentral.com.br\\\/\"},{\"@type\":\"ListItem\",\"position\":3,\"name\":\"Base LED RGB\"}]},{\"@type\":\"WebSite\",\"@id\":\"https:\\\/\\\/www.lojadacentral.com.br\\\/#website\",\"url\":\"https:\\\/\\\/www.lojadacentral.com.br\\\/\",\"name\":\"Loja da Central =)\",\"description\":\"Os materiais da Central Do Acr\u00edlico que voc\u00ea j\u00e1 conhece e confia agora dispon\u00edveis online na loja da Central. Compre e receba em sua casa!\",\"publisher\":{\"@id\":\"https:\\\/\\\/www.lojadacentral.com.br\\\/#organization\"},\"potentialAction\":[{\"@type\":\"SearchAction\",\"target\":{\"@type\":\"EntryPoint\",\"urlTemplate\":\"https:\\\/\\\/www.lojadacentral.com.br\\\/?s={search_term_string}\"},\"query-input\":{\"@type\":\"PropertyValueSpecification\",\"valueRequired\":true,\"valueName\":\"search_term_string\"}}],\"inLanguage\":\"pt-BR\"},{\"@type\":\"Organization\",\"@id\":\"https:\\\/\\\/www.lojadacentral.com.br\\\/#organization\",\"name\":\"Central Do Acr\u00edlico\",\"url\":\"https:\\\/\\\/www.lojadacentral.com.br\\\/\",\"logo\":{\"@type\":\"ImageObject\",\"inLanguage\":\"pt-BR\",\"@id\":\"https:\\\/\\\/www.lojadacentral.com.br\\\/#\\\/schema\\\/logo\\\/image\\\/\",\"url\":\"https:\\\/\\\/www.lojadacentral.com.br\\\/wp-content\\\/uploads\\\/2024\\\/02\\\/Logo-Central-PNG.png\",\"contentUrl\":\"https:\\\/\\\/www.lojadacentral.com.br\\\/wp-content\\\/uploads\\\/2024\\\/02\\\/Logo-Central-PNG.png\",\"width\":3891,\"height\":700,\"caption\":\"Central Do Acr\u00edlico\"},\"image\":{\"@id\":\"https:\\\/\\\/www.lojadacentral.com.br\\\/#\\\/schema\\\/logo\\\/image\\\/\"},\"sameAs\":[\"https:\\\/\\\/www.instagram.com\\\/centraldoacrilico\\\/\"]}]}<\/script>\n<!-- \/ Yoast SEO plugin. -->","yoast_head_json":{"title":"Base LED RGB - Loja da Central","robots":{"index":"index","follow":"follow","max-snippet":"max-snippet:-1","max-image-preview":"max-image-preview:large","max-video-preview":"max-video-preview:-1"},"canonical":"https:\/\/www.lojadacentral.com.br\/?product=base-led-rgb","og_locale":"pt_BR","og_type":"article","og_title":"Base LED RGB - Loja da Central","og_description":"Medidas: &nbsp;        94mm\u00a0di\u00e2metro;  40mm\u00a0altura;  82mm\u00a0encaixe.  3mm de espessura de encaixe.  &nbsp;    Bases para lumin\u00e1rias de LED em Acr\u00edlico, com controle de cor via bot\u00e3o touch e\/ou controle sem fio.  A Base Led \u00e9 utilizada para lumin\u00e1rias, placas, displays, objetos decorativos em Acr\u00edlico, iluminando o Acr\u00edlico e destacando seu trabalho.  Com a versatilidade do Acr\u00edlico, as possibilidades de cria\u00e7\u00e3o s\u00e3o infinitas, e a ilumina\u00e7\u00e3o das nossas Bases LED deixa sua pe\u00e7a ainda mais sofisticada e moderna.  Nossas bases t\u00eam bot\u00e3o touch de controle de cor com\u00a007 cores\u00a0e diferentes jogos de luz.  J\u00e1 v\u00e3o acompanhadas de\u00a0cabo micro usb\u00a0e tamb\u00e9m possuem compartimento para 3 pilhas AA (n\u00e3o inclusas).  Al\u00e9m disso, voc\u00ea ainda pode optar por\u00a0base + controle RGB\u00a0sem fio, para oferecer uma experi\u00eancia ainda mais exclusiva para seus clientes.","og_url":"https:\/\/www.lojadacentral.com.br\/?product=base-led-rgb","og_site_name":"Loja da Central","article_modified_time":"2026-03-04T17:25:40+00:00","og_image":[{"width":1080,"height":1349,"url":"https:\/\/www.lojadacentral.com.br\/wp-content\/uploads\/2024\/05\/Foto2BaseLed-Central-Do-Acrilico.jpg","type":"image\/jpeg"}],"twitter_card":"summary_large_image","twitter_misc":{"Est. tempo de leitura":"1 minuto"},"schema":{"@context":"https:\/\/schema.org","@graph":[{"@type":"WebPage","@id":"https:\/\/www.lojadacentral.com.br\/?product=base-led-rgb","url":"https:\/\/www.lojadacentral.com.br\/?product=base-led-rgb","name":"Base LED RGB - Loja da Central","isPartOf":{"@id":"https:\/\/www.lojadacentral.com.br\/#website"},"primaryImageOfPage":{"@id":"https:\/\/www.lojadacentral.com.br\/?product=base-led-rgb#primaryimage"},"image":{"@id":"https:\/\/www.lojadacentral.com.br\/?product=base-led-rgb#primaryimage"},"thumbnailUrl":"https:\/\/www.lojadacentral.com.br\/wp-content\/uploads\/2024\/05\/Foto2BaseLed-Central-Do-Acrilico.jpg","datePublished":"2024-05-02T19:47:15+00:00","dateModified":"2026-03-04T17:25:40+00:00","breadcrumb":{"@id":"https:\/\/www.lojadacentral.com.br\/?product=base-led-rgb#breadcrumb"},"inLanguage":"pt-BR","potentialAction":[{"@type":"ReadAction","target":["https:\/\/www.lojadacentral.com.br\/?product=base-led-rgb"]}]},{"@type":"ImageObject","inLanguage":"pt-BR","@id":"https:\/\/www.lojadacentral.com.br\/?product=base-led-rgb#primaryimage","url":"https:\/\/www.lojadacentral.com.br\/wp-content\/uploads\/2024\/05\/Foto2BaseLed-Central-Do-Acrilico.jpg","contentUrl":"https:\/\/www.lojadacentral.com.br\/wp-content\/uploads\/2024\/05\/Foto2BaseLed-Central-Do-Acrilico.jpg","width":1080,"height":1349},{"@type":"BreadcrumbList","@id":"https:\/\/www.lojadacentral.com.br\/?product=base-led-rgb#breadcrumb","itemListElement":[{"@type":"ListItem","position":1,"name":"In\u00edcio","item":"https:\/\/www.lojadacentral.com.br\/"},{"@type":"ListItem","position":2,"name":"Home","item":"https:\/\/www.lojadacentral.com.br\/"},{"@type":"ListItem","position":3,"name":"Base LED RGB"}]},{"@type":"WebSite","@id":"https:\/\/www.lojadacentral.com.br\/#website","url":"https:\/\/www.lojadacentral.com.br\/","name":"Loja da Central =)","description":"Os materiais da Central Do Acr\u00edlico que voc\u00ea j\u00e1 conhece e confia agora dispon\u00edveis online na loja da Central. Compre e receba em sua casa!","publisher":{"@id":"https:\/\/www.lojadacentral.com.br\/#organization"},"potentialAction":[{"@type":"SearchAction","target":{"@type":"EntryPoint","urlTemplate":"https:\/\/www.lojadacentral.com.br\/?s={search_term_string}"},"query-input":{"@type":"PropertyValueSpecification","valueRequired":true,"valueName":"search_term_string"}}],"inLanguage":"pt-BR"},{"@type":"Organization","@id":"https:\/\/www.lojadacentral.com.br\/#organization","name":"Central Do Acr\u00edlico","url":"https:\/\/www.lojadacentral.com.br\/","logo":{"@type":"ImageObject","inLanguage":"pt-BR","@id":"https:\/\/www.lojadacentral.com.br\/#\/schema\/logo\/image\/","url":"https:\/\/www.lojadacentral.com.br\/wp-content\/uploads\/2024\/02\/Logo-Central-PNG.png","contentUrl":"https:\/\/www.lojadacentral.com.br\/wp-content\/uploads\/2024\/02\/Logo-Central-PNG.png","width":3891,"height":700,"caption":"Central Do Acr\u00edlico"},"image":{"@id":"https:\/\/www.lojadacentral.com.br\/#\/schema\/logo\/image\/"},"sameAs":["https:\/\/www.instagram.com\/centraldoacrilico\/"]}]}},"_links":{"self":[{"href":"https:\/\/www.lojadacentral.com.br\/index.php?rest_route=\/wp\/v2\/product\/2509","targetHints":{"allow":["GET"]}}],"collection":[{"href":"https:\/\/www.lojadacentral.com.br\/index.php?rest_route=\/wp\/v2\/product"}],"about":[{"href":"https:\/\/www.lojadacentral.com.br\/index.php?rest_route=\/wp\/v2\/types\/product"}],"wp:featuredmedia":[{"embeddable":true,"href":"https:\/\/www.lojadacentral.com.br\/index.php?rest_route=\/wp\/v2\/media\/2527"}],"wp:attachment":[{"href":"https:\/\/www.lojadacentral.com.br\/index.php?rest_route=%2Fwp%2Fv2%2Fmedia&parent=2509"}],"wp:term":[{"taxonomy":"product_brand","embeddable":true,"href":"https:\/\/www.lojadacentral.com.br\/index.php?rest_route=%2Fwp%2Fv2%2Fproduct_brand&post=2509"},{"taxonomy":"product_cat","embeddable":true,"href":"https:\/\/www.lojadacentral.com.br\/index.php?rest_route=%2Fwp%2Fv2%2Fproduct_cat&post=2509"},{"taxonomy":"product_tag","embeddable":true,"href":"https:\/\/www.lojadacentral.com.br\/index.php?rest_route=%2Fwp%2Fv2%2Fproduct_tag&post=2509"}],"curies":[{"name":"wp","href":"https:\/\/api.w.org\/{rel}","templated":true}]}}