{"id":2155,"date":"2024-04-01T16:41:07","date_gmt":"2024-04-01T19:41:07","guid":{"rendered":"https:\/\/loja.centraldoacrilico.com.br\/?post_type=product&#038;p=2155"},"modified":"2025-11-29T03:02:25","modified_gmt":"2025-11-29T06:02:25","slug":"cola-ca-50","status":"publish","type":"product","link":"https:\/\/www.lojadacentral.com.br\/?product=cola-ca-50","title":{"rendered":"Cola CA-50 | Super R\u00e1pida"},"content":{"rendered":"","protected":false},"excerpt":{"rendered":"<p>Cola fluida, cristalina e transparente de secagem\u00a0Super-R\u00e1pida. Indicada para aplica\u00e7\u00e3o na maioria das colagens convencionais, montagem de pe\u00e7as leves, acess\u00f3rios decorativos em geral e colagens t\u00e9cnicas de pequenas \u00e1reas.<\/p>\n<p><strong>Recomenda\u00e7\u00f5es:<\/strong><\/p>\n<p>Tipo de colagem:<\/p>\n<p>Indicada para colagens por capilaridade e imers\u00e3o.<\/p>\n<p>Tempo de Cura:<br \/>\nAder\u00eancia inicial: 10 segundos;<br \/>\nCura parcial: 30 minutos;<br \/>\nCura total: 08 horas.<\/p>\n<p>Para melhores resultados, certifique-se de que os materiais a serem colados sejam planos e lisos e estejam secos e limpos.<br \/>\nN\u00e3o nos responsabilizamos pelo uso indevido do produto.<\/p>\n<p>&nbsp;<\/p>\n<p><strong>LEIA COM ATEN\u00c7\u00c3O<\/strong><\/p>\n<p>Sempre utilize EPI\u2019s (Equipamentos de Prote\u00e7\u00e3o Individual), como m\u00e1scaras, luvas e \u00f3culos. Utilize o\u00a0produto em locais bem ventilados. N\u00e3o fume ou\u00a0alimente-se durante seu uso.\u00a0Pode provocar rea\u00e7\u00f5es al\u00e9rgicas, se inalado pode\u00a0causar tontura, dificuldades respirat\u00f3rias, asma,\u00a0al\u00e9m de afetar o sistema nervoso central e\u00a0cardiorespirat\u00f3rio.<\/p>\n<p>Provoca irrita\u00e7\u00e3o ocular grave. Em caso de contato com os olhos, enx\u00e1gue com \u00e1gua e caso a irrita\u00e7\u00e3o ocular persista procure um m\u00e9dico. Produto nocivo se ingerido. Neste caso, entre em contato com um Centro de Informa\u00e7\u00f5es Toxicol\u00f3gicas e consulte um m\u00e9dico. Em caso de contato com a pele, lave com \u00e1gua e sab\u00e3o. Mantenha longe de crian\u00e7as e animais.<\/p>\n<p><strong>VENDA PROIBIDA PARA MENORES DE 18 ANOS. EXCLUSIVO PARA USO PROFISSIONAL.<\/strong><\/p>\n","protected":false},"featured_media":2178,"template":"","meta":[],"product_brand":[],"product_cat":[121],"product_tag":[],"class_list":{"0":"post-2155","1":"product","2":"type-product","3":"status-publish","4":"has-post-thumbnail","6":"product_cat-colas","8":"first","9":"instock","10":"sold-individually","11":"taxable","12":"shipping-taxable","13":"purchasable","14":"product-type-variable"},"yoast_head":"<!-- This site is optimized with the Yoast SEO plugin v27.3 - https:\/\/yoast.com\/product\/yoast-seo-wordpress\/ -->\n<title>Cola CA-50 | Super R\u00e1pida - Loja da Central<\/title>\n<meta name=\"robots\" content=\"index, follow, max-snippet:-1, max-image-preview:large, max-video-preview:-1\" \/>\n<link rel=\"canonical\" href=\"https:\/\/www.lojadacentral.com.br\/?product=cola-ca-50\" \/>\n<meta property=\"og:locale\" content=\"pt_BR\" \/>\n<meta property=\"og:type\" content=\"article\" \/>\n<meta property=\"og:title\" content=\"Cola CA-50 | Super R\u00e1pida - Loja da Central\" \/>\n<meta property=\"og:description\" content=\"Cola fluida, cristalina e transparente de secagem\u00a0Super-R\u00e1pida. Indicada para aplica\u00e7\u00e3o na maioria das colagens convencionais, montagem de pe\u00e7as leves, acess\u00f3rios decorativos em geral e colagens t\u00e9cnicas de pequenas \u00e1reas.  Recomenda\u00e7\u00f5es:  Tipo de colagem:  Indicada para colagens por capilaridade e imers\u00e3o.  Tempo de Cura: Ader\u00eancia inicial: 10 segundos; Cura parcial: 30 minutos; Cura total: 08 horas.  Para melhores resultados, certifique-se de que os materiais a serem colados sejam planos e lisos e estejam secos e limpos. N\u00e3o nos responsabilizamos pelo uso indevido do produto.  &nbsp;  LEIA COM ATEN\u00c7\u00c3O  Sempre utilize EPI\u2019s (Equipamentos de Prote\u00e7\u00e3o Individual), como m\u00e1scaras, luvas e \u00f3culos. Utilize o\u00a0produto em locais bem ventilados. N\u00e3o fume ou\u00a0alimente-se durante seu uso.\u00a0Pode provocar rea\u00e7\u00f5es al\u00e9rgicas, se inalado pode\u00a0causar tontura, dificuldades respirat\u00f3rias, asma,\u00a0al\u00e9m de afetar o sistema nervoso central e\u00a0cardiorespirat\u00f3rio.  Provoca irrita\u00e7\u00e3o ocular grave. Em caso de contato com os olhos, enx\u00e1gue com \u00e1gua e caso a irrita\u00e7\u00e3o ocular persista procure um m\u00e9dico. Produto nocivo se ingerido. Neste caso, entre em contato com um Centro de Informa\u00e7\u00f5es Toxicol\u00f3gicas e consulte um m\u00e9dico. Em caso de contato com a pele, lave com \u00e1gua e sab\u00e3o. Mantenha longe de crian\u00e7as e animais.  VENDA PROIBIDA PARA MENORES DE 18 ANOS. EXCLUSIVO PARA USO PROFISSIONAL.\" \/>\n<meta property=\"og:url\" content=\"https:\/\/www.lojadacentral.com.br\/?product=cola-ca-50\" \/>\n<meta property=\"og:site_name\" content=\"Loja da Central\" \/>\n<meta property=\"article:modified_time\" content=\"2025-11-29T06:02:25+00:00\" \/>\n<meta property=\"og:image\" content=\"https:\/\/www.lojadacentral.com.br\/wp-content\/uploads\/2024\/04\/Ca-50TamanhosV2.png\" \/>\n\t<meta property=\"og:image:width\" content=\"1080\" \/>\n\t<meta property=\"og:image:height\" content=\"1349\" \/>\n\t<meta property=\"og:image:type\" content=\"image\/png\" \/>\n<meta name=\"twitter:card\" content=\"summary_large_image\" \/>\n<meta name=\"twitter:label1\" content=\"Est. tempo de leitura\" \/>\n\t<meta name=\"twitter:data1\" content=\"1 minuto\" \/>\n<script type=\"application\/ld+json\" class=\"yoast-schema-graph\">{\"@context\":\"https:\\\/\\\/schema.org\",\"@graph\":[{\"@type\":\"WebPage\",\"@id\":\"https:\\\/\\\/www.lojadacentral.com.br\\\/?product=cola-ca-50\",\"url\":\"https:\\\/\\\/www.lojadacentral.com.br\\\/?product=cola-ca-50\",\"name\":\"Cola CA-50 | Super R\u00e1pida - Loja da Central\",\"isPartOf\":{\"@id\":\"https:\\\/\\\/www.lojadacentral.com.br\\\/#website\"},\"primaryImageOfPage\":{\"@id\":\"https:\\\/\\\/www.lojadacentral.com.br\\\/?product=cola-ca-50#primaryimage\"},\"image\":{\"@id\":\"https:\\\/\\\/www.lojadacentral.com.br\\\/?product=cola-ca-50#primaryimage\"},\"thumbnailUrl\":\"https:\\\/\\\/www.lojadacentral.com.br\\\/wp-content\\\/uploads\\\/2024\\\/04\\\/Ca-50TamanhosV2.png\",\"datePublished\":\"2024-04-01T19:41:07+00:00\",\"dateModified\":\"2025-11-29T06:02:25+00:00\",\"breadcrumb\":{\"@id\":\"https:\\\/\\\/www.lojadacentral.com.br\\\/?product=cola-ca-50#breadcrumb\"},\"inLanguage\":\"pt-BR\",\"potentialAction\":[{\"@type\":\"ReadAction\",\"target\":[\"https:\\\/\\\/www.lojadacentral.com.br\\\/?product=cola-ca-50\"]}]},{\"@type\":\"ImageObject\",\"inLanguage\":\"pt-BR\",\"@id\":\"https:\\\/\\\/www.lojadacentral.com.br\\\/?product=cola-ca-50#primaryimage\",\"url\":\"https:\\\/\\\/www.lojadacentral.com.br\\\/wp-content\\\/uploads\\\/2024\\\/04\\\/Ca-50TamanhosV2.png\",\"contentUrl\":\"https:\\\/\\\/www.lojadacentral.com.br\\\/wp-content\\\/uploads\\\/2024\\\/04\\\/Ca-50TamanhosV2.png\",\"width\":1080,\"height\":1349},{\"@type\":\"BreadcrumbList\",\"@id\":\"https:\\\/\\\/www.lojadacentral.com.br\\\/?product=cola-ca-50#breadcrumb\",\"itemListElement\":[{\"@type\":\"ListItem\",\"position\":1,\"name\":\"In\u00edcio\",\"item\":\"https:\\\/\\\/www.lojadacentral.com.br\\\/\"},{\"@type\":\"ListItem\",\"position\":2,\"name\":\"Home\",\"item\":\"https:\\\/\\\/www.lojadacentral.com.br\\\/\"},{\"@type\":\"ListItem\",\"position\":3,\"name\":\"Cola CA-50 | Super R\u00e1pida\"}]},{\"@type\":\"WebSite\",\"@id\":\"https:\\\/\\\/www.lojadacentral.com.br\\\/#website\",\"url\":\"https:\\\/\\\/www.lojadacentral.com.br\\\/\",\"name\":\"Loja da Central =)\",\"description\":\"Os materiais da Central Do Acr\u00edlico que voc\u00ea j\u00e1 conhece e confia agora dispon\u00edveis online na loja da Central. Compre e receba em sua casa!\",\"publisher\":{\"@id\":\"https:\\\/\\\/www.lojadacentral.com.br\\\/#organization\"},\"potentialAction\":[{\"@type\":\"SearchAction\",\"target\":{\"@type\":\"EntryPoint\",\"urlTemplate\":\"https:\\\/\\\/www.lojadacentral.com.br\\\/?s={search_term_string}\"},\"query-input\":{\"@type\":\"PropertyValueSpecification\",\"valueRequired\":true,\"valueName\":\"search_term_string\"}}],\"inLanguage\":\"pt-BR\"},{\"@type\":\"Organization\",\"@id\":\"https:\\\/\\\/www.lojadacentral.com.br\\\/#organization\",\"name\":\"Central Do Acr\u00edlico\",\"url\":\"https:\\\/\\\/www.lojadacentral.com.br\\\/\",\"logo\":{\"@type\":\"ImageObject\",\"inLanguage\":\"pt-BR\",\"@id\":\"https:\\\/\\\/www.lojadacentral.com.br\\\/#\\\/schema\\\/logo\\\/image\\\/\",\"url\":\"https:\\\/\\\/www.lojadacentral.com.br\\\/wp-content\\\/uploads\\\/2024\\\/02\\\/Logo-Central-PNG.png\",\"contentUrl\":\"https:\\\/\\\/www.lojadacentral.com.br\\\/wp-content\\\/uploads\\\/2024\\\/02\\\/Logo-Central-PNG.png\",\"width\":3891,\"height\":700,\"caption\":\"Central Do Acr\u00edlico\"},\"image\":{\"@id\":\"https:\\\/\\\/www.lojadacentral.com.br\\\/#\\\/schema\\\/logo\\\/image\\\/\"},\"sameAs\":[\"https:\\\/\\\/www.instagram.com\\\/centraldoacrilico\\\/\"]}]}<\/script>\n<!-- \/ Yoast SEO plugin. -->","yoast_head_json":{"title":"Cola CA-50 | Super R\u00e1pida - Loja da Central","robots":{"index":"index","follow":"follow","max-snippet":"max-snippet:-1","max-image-preview":"max-image-preview:large","max-video-preview":"max-video-preview:-1"},"canonical":"https:\/\/www.lojadacentral.com.br\/?product=cola-ca-50","og_locale":"pt_BR","og_type":"article","og_title":"Cola CA-50 | Super R\u00e1pida - Loja da Central","og_description":"Cola fluida, cristalina e transparente de secagem\u00a0Super-R\u00e1pida. Indicada para aplica\u00e7\u00e3o na maioria das colagens convencionais, montagem de pe\u00e7as leves, acess\u00f3rios decorativos em geral e colagens t\u00e9cnicas de pequenas \u00e1reas.  Recomenda\u00e7\u00f5es:  Tipo de colagem:  Indicada para colagens por capilaridade e imers\u00e3o.  Tempo de Cura: Ader\u00eancia inicial: 10 segundos; Cura parcial: 30 minutos; Cura total: 08 horas.  Para melhores resultados, certifique-se de que os materiais a serem colados sejam planos e lisos e estejam secos e limpos. N\u00e3o nos responsabilizamos pelo uso indevido do produto.  &nbsp;  LEIA COM ATEN\u00c7\u00c3O  Sempre utilize EPI\u2019s (Equipamentos de Prote\u00e7\u00e3o Individual), como m\u00e1scaras, luvas e \u00f3culos. Utilize o\u00a0produto em locais bem ventilados. N\u00e3o fume ou\u00a0alimente-se durante seu uso.\u00a0Pode provocar rea\u00e7\u00f5es al\u00e9rgicas, se inalado pode\u00a0causar tontura, dificuldades respirat\u00f3rias, asma,\u00a0al\u00e9m de afetar o sistema nervoso central e\u00a0cardiorespirat\u00f3rio.  Provoca irrita\u00e7\u00e3o ocular grave. Em caso de contato com os olhos, enx\u00e1gue com \u00e1gua e caso a irrita\u00e7\u00e3o ocular persista procure um m\u00e9dico. Produto nocivo se ingerido. Neste caso, entre em contato com um Centro de Informa\u00e7\u00f5es Toxicol\u00f3gicas e consulte um m\u00e9dico. Em caso de contato com a pele, lave com \u00e1gua e sab\u00e3o. Mantenha longe de crian\u00e7as e animais.  VENDA PROIBIDA PARA MENORES DE 18 ANOS. EXCLUSIVO PARA USO PROFISSIONAL.","og_url":"https:\/\/www.lojadacentral.com.br\/?product=cola-ca-50","og_site_name":"Loja da Central","article_modified_time":"2025-11-29T06:02:25+00:00","og_image":[{"width":1080,"height":1349,"url":"https:\/\/www.lojadacentral.com.br\/wp-content\/uploads\/2024\/04\/Ca-50TamanhosV2.png","type":"image\/png"}],"twitter_card":"summary_large_image","twitter_misc":{"Est. tempo de leitura":"1 minuto"},"schema":{"@context":"https:\/\/schema.org","@graph":[{"@type":"WebPage","@id":"https:\/\/www.lojadacentral.com.br\/?product=cola-ca-50","url":"https:\/\/www.lojadacentral.com.br\/?product=cola-ca-50","name":"Cola CA-50 | Super R\u00e1pida - Loja da Central","isPartOf":{"@id":"https:\/\/www.lojadacentral.com.br\/#website"},"primaryImageOfPage":{"@id":"https:\/\/www.lojadacentral.com.br\/?product=cola-ca-50#primaryimage"},"image":{"@id":"https:\/\/www.lojadacentral.com.br\/?product=cola-ca-50#primaryimage"},"thumbnailUrl":"https:\/\/www.lojadacentral.com.br\/wp-content\/uploads\/2024\/04\/Ca-50TamanhosV2.png","datePublished":"2024-04-01T19:41:07+00:00","dateModified":"2025-11-29T06:02:25+00:00","breadcrumb":{"@id":"https:\/\/www.lojadacentral.com.br\/?product=cola-ca-50#breadcrumb"},"inLanguage":"pt-BR","potentialAction":[{"@type":"ReadAction","target":["https:\/\/www.lojadacentral.com.br\/?product=cola-ca-50"]}]},{"@type":"ImageObject","inLanguage":"pt-BR","@id":"https:\/\/www.lojadacentral.com.br\/?product=cola-ca-50#primaryimage","url":"https:\/\/www.lojadacentral.com.br\/wp-content\/uploads\/2024\/04\/Ca-50TamanhosV2.png","contentUrl":"https:\/\/www.lojadacentral.com.br\/wp-content\/uploads\/2024\/04\/Ca-50TamanhosV2.png","width":1080,"height":1349},{"@type":"BreadcrumbList","@id":"https:\/\/www.lojadacentral.com.br\/?product=cola-ca-50#breadcrumb","itemListElement":[{"@type":"ListItem","position":1,"name":"In\u00edcio","item":"https:\/\/www.lojadacentral.com.br\/"},{"@type":"ListItem","position":2,"name":"Home","item":"https:\/\/www.lojadacentral.com.br\/"},{"@type":"ListItem","position":3,"name":"Cola CA-50 | Super R\u00e1pida"}]},{"@type":"WebSite","@id":"https:\/\/www.lojadacentral.com.br\/#website","url":"https:\/\/www.lojadacentral.com.br\/","name":"Loja da Central =)","description":"Os materiais da Central Do Acr\u00edlico que voc\u00ea j\u00e1 conhece e confia agora dispon\u00edveis online na loja da Central. Compre e receba em sua casa!","publisher":{"@id":"https:\/\/www.lojadacentral.com.br\/#organization"},"potentialAction":[{"@type":"SearchAction","target":{"@type":"EntryPoint","urlTemplate":"https:\/\/www.lojadacentral.com.br\/?s={search_term_string}"},"query-input":{"@type":"PropertyValueSpecification","valueRequired":true,"valueName":"search_term_string"}}],"inLanguage":"pt-BR"},{"@type":"Organization","@id":"https:\/\/www.lojadacentral.com.br\/#organization","name":"Central Do Acr\u00edlico","url":"https:\/\/www.lojadacentral.com.br\/","logo":{"@type":"ImageObject","inLanguage":"pt-BR","@id":"https:\/\/www.lojadacentral.com.br\/#\/schema\/logo\/image\/","url":"https:\/\/www.lojadacentral.com.br\/wp-content\/uploads\/2024\/02\/Logo-Central-PNG.png","contentUrl":"https:\/\/www.lojadacentral.com.br\/wp-content\/uploads\/2024\/02\/Logo-Central-PNG.png","width":3891,"height":700,"caption":"Central Do Acr\u00edlico"},"image":{"@id":"https:\/\/www.lojadacentral.com.br\/#\/schema\/logo\/image\/"},"sameAs":["https:\/\/www.instagram.com\/centraldoacrilico\/"]}]}},"_links":{"self":[{"href":"https:\/\/www.lojadacentral.com.br\/index.php?rest_route=\/wp\/v2\/product\/2155","targetHints":{"allow":["GET"]}}],"collection":[{"href":"https:\/\/www.lojadacentral.com.br\/index.php?rest_route=\/wp\/v2\/product"}],"about":[{"href":"https:\/\/www.lojadacentral.com.br\/index.php?rest_route=\/wp\/v2\/types\/product"}],"wp:featuredmedia":[{"embeddable":true,"href":"https:\/\/www.lojadacentral.com.br\/index.php?rest_route=\/wp\/v2\/media\/2178"}],"wp:attachment":[{"href":"https:\/\/www.lojadacentral.com.br\/index.php?rest_route=%2Fwp%2Fv2%2Fmedia&parent=2155"}],"wp:term":[{"taxonomy":"product_brand","embeddable":true,"href":"https:\/\/www.lojadacentral.com.br\/index.php?rest_route=%2Fwp%2Fv2%2Fproduct_brand&post=2155"},{"taxonomy":"product_cat","embeddable":true,"href":"https:\/\/www.lojadacentral.com.br\/index.php?rest_route=%2Fwp%2Fv2%2Fproduct_cat&post=2155"},{"taxonomy":"product_tag","embeddable":true,"href":"https:\/\/www.lojadacentral.com.br\/index.php?rest_route=%2Fwp%2Fv2%2Fproduct_tag&post=2155"}],"curies":[{"name":"wp","href":"https:\/\/api.w.org\/{rel}","templated":true}]}}