{"id":2140,"date":"2024-04-01T16:28:12","date_gmt":"2024-04-01T19:28:12","guid":{"rendered":"https:\/\/loja.centraldoacrilico.com.br\/?post_type=product&#038;p=2140"},"modified":"2024-12-20T08:46:54","modified_gmt":"2024-12-20T11:46:54","slug":"polidor-para-acrilico","status":"publish","type":"product","link":"https:\/\/www.lojadacentral.com.br\/?product=polidor-para-acrilico","title":{"rendered":"Polidor para Acr\u00edlico"},"content":{"rendered":"","protected":false},"excerpt":{"rendered":"<div class=\"elementor-element elementor-element-2ae2dd4 elementor-widget elementor-widget-text-editor\" data-id=\"2ae2dd4\" data-element_type=\"widget\" data-widget_type=\"text-editor.default\">\n<div class=\"elementor-widget-container\">\n<p><strong>Brilho, limpeza e prote\u00e7\u00e3o.<\/strong><\/p>\n<\/div>\n<\/div>\n<div class=\"elementor-element elementor-element-51cd644 elementor-hidden-mobile elementor-widget elementor-widget-text-editor\" data-id=\"51cd644\" data-element_type=\"widget\" data-widget_type=\"text-editor.default\">\n<div class=\"elementor-widget-container\">\n<p>Nosso Polidor l\u00edquido \u00e9 utilizado manualmente para dar o toque final em suas pe\u00e7as, limpando e dando brilho.<br \/>\nTamb\u00e9m pode ser utilizado para A\u00e7o Inox, Cromado e F\u00f3rmica.<\/p>\n<\/div>\n<p><b>Instru\u00e7\u00f5es de uso:<\/b><\/p>\n<p><b><\/b>Agite antes de utilizar o produto. Aplique uma pequena quantidade do Polidor com aux\u00edlio de uma estopa ou algod\u00e3o para polimento. Espalhe bem o produto na superf\u00edcie a ser polida, friccionando-o, e finalize com movimentos circulares. Deixe o produto secar por alguns segundos e limpe com uma flanela limpa e seca.<\/p>\n<p><strong>Tamanho:<\/strong><\/p>\n<p>Cont\u00e9m 500ml.<strong><br \/>\n<\/strong><\/p>\n<\/div>\n","protected":false},"featured_media":2141,"template":"","meta":[],"product_brand":[],"product_cat":[123],"product_tag":[],"class_list":{"0":"post-2140","1":"product","2":"type-product","3":"status-publish","4":"has-post-thumbnail","6":"product_cat-polimento","8":"first","9":"instock","10":"taxable","11":"shipping-taxable","12":"purchasable","13":"product-type-simple"},"yoast_head":"<!-- This site is optimized with the Yoast SEO plugin v27.3 - https:\/\/yoast.com\/product\/yoast-seo-wordpress\/ -->\n<title>Polidor para Acr\u00edlico - Loja da Central<\/title>\n<meta name=\"robots\" content=\"index, follow, max-snippet:-1, max-image-preview:large, max-video-preview:-1\" \/>\n<link rel=\"canonical\" href=\"https:\/\/www.lojadacentral.com.br\/?product=polidor-para-acrilico\" \/>\n<meta property=\"og:locale\" content=\"pt_BR\" \/>\n<meta property=\"og:type\" content=\"article\" \/>\n<meta property=\"og:title\" content=\"Polidor para Acr\u00edlico - Loja da Central\" \/>\n<meta property=\"og:description\" content=\"Brilho, limpeza e prote\u00e7\u00e3o.       Nosso Polidor l\u00edquido \u00e9 utilizado manualmente para dar o toque final em suas pe\u00e7as, limpando e dando brilho. Tamb\u00e9m pode ser utilizado para A\u00e7o Inox, Cromado e F\u00f3rmica.   Instru\u00e7\u00f5es de uso:  Agite antes de utilizar o produto. Aplique uma pequena quantidade do Polidor com aux\u00edlio de uma estopa ou algod\u00e3o para polimento. Espalhe bem o produto na superf\u00edcie a ser polida, friccionando-o, e finalize com movimentos circulares. Deixe o produto secar por alguns segundos e limpe com uma flanela limpa e seca.  Tamanho:  Cont\u00e9m 500ml.\" \/>\n<meta property=\"og:url\" content=\"https:\/\/www.lojadacentral.com.br\/?product=polidor-para-acrilico\" \/>\n<meta property=\"og:site_name\" content=\"Loja da Central\" \/>\n<meta property=\"article:modified_time\" content=\"2024-12-20T11:46:54+00:00\" \/>\n<meta property=\"og:image\" content=\"https:\/\/www.lojadacentral.com.br\/wp-content\/uploads\/2024\/04\/Foto3Polidor-Central-Do-Acrilico.png\" \/>\n\t<meta property=\"og:image:width\" content=\"1080\" \/>\n\t<meta property=\"og:image:height\" content=\"1349\" \/>\n\t<meta property=\"og:image:type\" content=\"image\/png\" \/>\n<meta name=\"twitter:card\" content=\"summary_large_image\" \/>\n<meta name=\"twitter:label1\" content=\"Est. tempo de leitura\" \/>\n\t<meta name=\"twitter:data1\" content=\"1 minuto\" \/>\n<script type=\"application\/ld+json\" class=\"yoast-schema-graph\">{\"@context\":\"https:\\\/\\\/schema.org\",\"@graph\":[{\"@type\":\"WebPage\",\"@id\":\"https:\\\/\\\/www.lojadacentral.com.br\\\/?product=polidor-para-acrilico\",\"url\":\"https:\\\/\\\/www.lojadacentral.com.br\\\/?product=polidor-para-acrilico\",\"name\":\"Polidor para Acr\u00edlico - Loja da Central\",\"isPartOf\":{\"@id\":\"https:\\\/\\\/www.lojadacentral.com.br\\\/#website\"},\"primaryImageOfPage\":{\"@id\":\"https:\\\/\\\/www.lojadacentral.com.br\\\/?product=polidor-para-acrilico#primaryimage\"},\"image\":{\"@id\":\"https:\\\/\\\/www.lojadacentral.com.br\\\/?product=polidor-para-acrilico#primaryimage\"},\"thumbnailUrl\":\"https:\\\/\\\/www.lojadacentral.com.br\\\/wp-content\\\/uploads\\\/2024\\\/04\\\/Foto3Polidor-Central-Do-Acrilico.png\",\"datePublished\":\"2024-04-01T19:28:12+00:00\",\"dateModified\":\"2024-12-20T11:46:54+00:00\",\"breadcrumb\":{\"@id\":\"https:\\\/\\\/www.lojadacentral.com.br\\\/?product=polidor-para-acrilico#breadcrumb\"},\"inLanguage\":\"pt-BR\",\"potentialAction\":[{\"@type\":\"ReadAction\",\"target\":[\"https:\\\/\\\/www.lojadacentral.com.br\\\/?product=polidor-para-acrilico\"]}]},{\"@type\":\"ImageObject\",\"inLanguage\":\"pt-BR\",\"@id\":\"https:\\\/\\\/www.lojadacentral.com.br\\\/?product=polidor-para-acrilico#primaryimage\",\"url\":\"https:\\\/\\\/www.lojadacentral.com.br\\\/wp-content\\\/uploads\\\/2024\\\/04\\\/Foto3Polidor-Central-Do-Acrilico.png\",\"contentUrl\":\"https:\\\/\\\/www.lojadacentral.com.br\\\/wp-content\\\/uploads\\\/2024\\\/04\\\/Foto3Polidor-Central-Do-Acrilico.png\",\"width\":1080,\"height\":1349},{\"@type\":\"BreadcrumbList\",\"@id\":\"https:\\\/\\\/www.lojadacentral.com.br\\\/?product=polidor-para-acrilico#breadcrumb\",\"itemListElement\":[{\"@type\":\"ListItem\",\"position\":1,\"name\":\"In\u00edcio\",\"item\":\"https:\\\/\\\/www.lojadacentral.com.br\\\/\"},{\"@type\":\"ListItem\",\"position\":2,\"name\":\"Home\",\"item\":\"https:\\\/\\\/www.lojadacentral.com.br\\\/\"},{\"@type\":\"ListItem\",\"position\":3,\"name\":\"Polidor para Acr\u00edlico\"}]},{\"@type\":\"WebSite\",\"@id\":\"https:\\\/\\\/www.lojadacentral.com.br\\\/#website\",\"url\":\"https:\\\/\\\/www.lojadacentral.com.br\\\/\",\"name\":\"Loja da Central =)\",\"description\":\"Os materiais da Central Do Acr\u00edlico que voc\u00ea j\u00e1 conhece e confia agora dispon\u00edveis online na loja da Central. Compre e receba em sua casa!\",\"publisher\":{\"@id\":\"https:\\\/\\\/www.lojadacentral.com.br\\\/#organization\"},\"potentialAction\":[{\"@type\":\"SearchAction\",\"target\":{\"@type\":\"EntryPoint\",\"urlTemplate\":\"https:\\\/\\\/www.lojadacentral.com.br\\\/?s={search_term_string}\"},\"query-input\":{\"@type\":\"PropertyValueSpecification\",\"valueRequired\":true,\"valueName\":\"search_term_string\"}}],\"inLanguage\":\"pt-BR\"},{\"@type\":\"Organization\",\"@id\":\"https:\\\/\\\/www.lojadacentral.com.br\\\/#organization\",\"name\":\"Central Do Acr\u00edlico\",\"url\":\"https:\\\/\\\/www.lojadacentral.com.br\\\/\",\"logo\":{\"@type\":\"ImageObject\",\"inLanguage\":\"pt-BR\",\"@id\":\"https:\\\/\\\/www.lojadacentral.com.br\\\/#\\\/schema\\\/logo\\\/image\\\/\",\"url\":\"https:\\\/\\\/www.lojadacentral.com.br\\\/wp-content\\\/uploads\\\/2024\\\/02\\\/Logo-Central-PNG.png\",\"contentUrl\":\"https:\\\/\\\/www.lojadacentral.com.br\\\/wp-content\\\/uploads\\\/2024\\\/02\\\/Logo-Central-PNG.png\",\"width\":3891,\"height\":700,\"caption\":\"Central Do Acr\u00edlico\"},\"image\":{\"@id\":\"https:\\\/\\\/www.lojadacentral.com.br\\\/#\\\/schema\\\/logo\\\/image\\\/\"},\"sameAs\":[\"https:\\\/\\\/www.instagram.com\\\/centraldoacrilico\\\/\"]}]}<\/script>\n<!-- \/ Yoast SEO plugin. -->","yoast_head_json":{"title":"Polidor para Acr\u00edlico - Loja da Central","robots":{"index":"index","follow":"follow","max-snippet":"max-snippet:-1","max-image-preview":"max-image-preview:large","max-video-preview":"max-video-preview:-1"},"canonical":"https:\/\/www.lojadacentral.com.br\/?product=polidor-para-acrilico","og_locale":"pt_BR","og_type":"article","og_title":"Polidor para Acr\u00edlico - Loja da Central","og_description":"Brilho, limpeza e prote\u00e7\u00e3o.       Nosso Polidor l\u00edquido \u00e9 utilizado manualmente para dar o toque final em suas pe\u00e7as, limpando e dando brilho. Tamb\u00e9m pode ser utilizado para A\u00e7o Inox, Cromado e F\u00f3rmica.   Instru\u00e7\u00f5es de uso:  Agite antes de utilizar o produto. Aplique uma pequena quantidade do Polidor com aux\u00edlio de uma estopa ou algod\u00e3o para polimento. Espalhe bem o produto na superf\u00edcie a ser polida, friccionando-o, e finalize com movimentos circulares. Deixe o produto secar por alguns segundos e limpe com uma flanela limpa e seca.  Tamanho:  Cont\u00e9m 500ml.","og_url":"https:\/\/www.lojadacentral.com.br\/?product=polidor-para-acrilico","og_site_name":"Loja da Central","article_modified_time":"2024-12-20T11:46:54+00:00","og_image":[{"width":1080,"height":1349,"url":"https:\/\/www.lojadacentral.com.br\/wp-content\/uploads\/2024\/04\/Foto3Polidor-Central-Do-Acrilico.png","type":"image\/png"}],"twitter_card":"summary_large_image","twitter_misc":{"Est. tempo de leitura":"1 minuto"},"schema":{"@context":"https:\/\/schema.org","@graph":[{"@type":"WebPage","@id":"https:\/\/www.lojadacentral.com.br\/?product=polidor-para-acrilico","url":"https:\/\/www.lojadacentral.com.br\/?product=polidor-para-acrilico","name":"Polidor para Acr\u00edlico - Loja da Central","isPartOf":{"@id":"https:\/\/www.lojadacentral.com.br\/#website"},"primaryImageOfPage":{"@id":"https:\/\/www.lojadacentral.com.br\/?product=polidor-para-acrilico#primaryimage"},"image":{"@id":"https:\/\/www.lojadacentral.com.br\/?product=polidor-para-acrilico#primaryimage"},"thumbnailUrl":"https:\/\/www.lojadacentral.com.br\/wp-content\/uploads\/2024\/04\/Foto3Polidor-Central-Do-Acrilico.png","datePublished":"2024-04-01T19:28:12+00:00","dateModified":"2024-12-20T11:46:54+00:00","breadcrumb":{"@id":"https:\/\/www.lojadacentral.com.br\/?product=polidor-para-acrilico#breadcrumb"},"inLanguage":"pt-BR","potentialAction":[{"@type":"ReadAction","target":["https:\/\/www.lojadacentral.com.br\/?product=polidor-para-acrilico"]}]},{"@type":"ImageObject","inLanguage":"pt-BR","@id":"https:\/\/www.lojadacentral.com.br\/?product=polidor-para-acrilico#primaryimage","url":"https:\/\/www.lojadacentral.com.br\/wp-content\/uploads\/2024\/04\/Foto3Polidor-Central-Do-Acrilico.png","contentUrl":"https:\/\/www.lojadacentral.com.br\/wp-content\/uploads\/2024\/04\/Foto3Polidor-Central-Do-Acrilico.png","width":1080,"height":1349},{"@type":"BreadcrumbList","@id":"https:\/\/www.lojadacentral.com.br\/?product=polidor-para-acrilico#breadcrumb","itemListElement":[{"@type":"ListItem","position":1,"name":"In\u00edcio","item":"https:\/\/www.lojadacentral.com.br\/"},{"@type":"ListItem","position":2,"name":"Home","item":"https:\/\/www.lojadacentral.com.br\/"},{"@type":"ListItem","position":3,"name":"Polidor para Acr\u00edlico"}]},{"@type":"WebSite","@id":"https:\/\/www.lojadacentral.com.br\/#website","url":"https:\/\/www.lojadacentral.com.br\/","name":"Loja da Central =)","description":"Os materiais da Central Do Acr\u00edlico que voc\u00ea j\u00e1 conhece e confia agora dispon\u00edveis online na loja da Central. Compre e receba em sua casa!","publisher":{"@id":"https:\/\/www.lojadacentral.com.br\/#organization"},"potentialAction":[{"@type":"SearchAction","target":{"@type":"EntryPoint","urlTemplate":"https:\/\/www.lojadacentral.com.br\/?s={search_term_string}"},"query-input":{"@type":"PropertyValueSpecification","valueRequired":true,"valueName":"search_term_string"}}],"inLanguage":"pt-BR"},{"@type":"Organization","@id":"https:\/\/www.lojadacentral.com.br\/#organization","name":"Central Do Acr\u00edlico","url":"https:\/\/www.lojadacentral.com.br\/","logo":{"@type":"ImageObject","inLanguage":"pt-BR","@id":"https:\/\/www.lojadacentral.com.br\/#\/schema\/logo\/image\/","url":"https:\/\/www.lojadacentral.com.br\/wp-content\/uploads\/2024\/02\/Logo-Central-PNG.png","contentUrl":"https:\/\/www.lojadacentral.com.br\/wp-content\/uploads\/2024\/02\/Logo-Central-PNG.png","width":3891,"height":700,"caption":"Central Do Acr\u00edlico"},"image":{"@id":"https:\/\/www.lojadacentral.com.br\/#\/schema\/logo\/image\/"},"sameAs":["https:\/\/www.instagram.com\/centraldoacrilico\/"]}]}},"_links":{"self":[{"href":"https:\/\/www.lojadacentral.com.br\/index.php?rest_route=\/wp\/v2\/product\/2140","targetHints":{"allow":["GET"]}}],"collection":[{"href":"https:\/\/www.lojadacentral.com.br\/index.php?rest_route=\/wp\/v2\/product"}],"about":[{"href":"https:\/\/www.lojadacentral.com.br\/index.php?rest_route=\/wp\/v2\/types\/product"}],"wp:featuredmedia":[{"embeddable":true,"href":"https:\/\/www.lojadacentral.com.br\/index.php?rest_route=\/wp\/v2\/media\/2141"}],"wp:attachment":[{"href":"https:\/\/www.lojadacentral.com.br\/index.php?rest_route=%2Fwp%2Fv2%2Fmedia&parent=2140"}],"wp:term":[{"taxonomy":"product_brand","embeddable":true,"href":"https:\/\/www.lojadacentral.com.br\/index.php?rest_route=%2Fwp%2Fv2%2Fproduct_brand&post=2140"},{"taxonomy":"product_cat","embeddable":true,"href":"https:\/\/www.lojadacentral.com.br\/index.php?rest_route=%2Fwp%2Fv2%2Fproduct_cat&post=2140"},{"taxonomy":"product_tag","embeddable":true,"href":"https:\/\/www.lojadacentral.com.br\/index.php?rest_route=%2Fwp%2Fv2%2Fproduct_tag&post=2140"}],"curies":[{"name":"wp","href":"https:\/\/api.w.org\/{rel}","templated":true}]}}