{"id":2101,"date":"2024-04-01T15:38:27","date_gmt":"2024-04-01T18:38:27","guid":{"rendered":"https:\/\/loja.centraldoacrilico.com.br\/?post_type=product&#038;p=2101"},"modified":"2025-12-05T09:09:05","modified_gmt":"2025-12-05T12:09:05","slug":"fita-dupla-face-pp","status":"publish","type":"product","link":"https:\/\/www.lojadacentral.com.br\/?product=fita-dupla-face-pp","title":{"rendered":"Fita Dupla Face PP (Fita Fabulosa)"},"content":{"rendered":"","protected":false},"excerpt":{"rendered":"<div class=\"elementor-element elementor-element-2ae2dd4 elementor-widget elementor-widget-text-editor\" data-id=\"2ae2dd4\" data-element_type=\"widget\" data-widget_type=\"text-editor.default\">\n<div class=\"elementor-widget-container\">\n<p><strong>Ideal para corte a laser, colagem permanente!<\/strong><\/p>\n<p>As Fitas Dupla Face PP da Central s\u00e3o perfeitas para\u00a0<b>otimizar seu trabalho<\/b>\u00a0pois s\u00e3o ideais para corte a laser.\u00a0Dessa forma, voc\u00ea pode aplicar a fita em suas Chapas de Acr\u00edlico antes mesmo de cort\u00e1-las, para que suas pe\u00e7as j\u00e1 saiam todas adesivadas e prontas para serem coladas.<\/p>\n<div class=\"elementor-element elementor-element-88154cd elementor-widget__width-initial elementor-widget elementor-widget-text-editor\" data-id=\"88154cd\" data-element_type=\"widget\" data-widget_type=\"text-editor.default\">\n<div class=\"elementor-widget-container\">\n<p>Conhecidas por nossos clientes como\u00a0<b>Fita Fabulosa<\/b>, nossa dupla face PP \u00e9 muito utilizada para transformar os mais diversos materiais, tornando-os autocolantes. Sua espessura extremamente baixa contrubu\u00ed para que o acabamento fique perfeito, a camada de fita \u00e9 quase impercept\u00edvel.<\/p>\n<\/div>\n<\/div>\n<div class=\"elementor-element elementor-element-ac1da68 elementor-widget__width-initial elementor-widget elementor-widget-text-editor\" data-id=\"ac1da68\" data-element_type=\"widget\" data-widget_type=\"text-editor.default\">\n<div class=\"elementor-widget-container\">\n<p>Al\u00e9m disso, a\u00a0<b>qualidade superior\u00a0<\/b>das nossas fitas garante uma fixa\u00e7\u00e3o extra forte, tornando sua\u00a0<b>colagem<\/b>\u00a0<b>permanente<\/b>.<\/p>\n<p><strong>Aplica\u00e7\u00f5es:<\/strong><\/p>\n<div class=\"elementor-element elementor-element-aaeef2b elementor-widget elementor-widget-text-editor\" data-id=\"aaeef2b\" data-element_type=\"widget\" data-widget_type=\"text-editor.default\">\n<div class=\"elementor-widget-container\">\n<p>Acr\u00edlico;<br \/>\nAcr\u00edlico Espelhado;<br \/>\nMDF;<br \/>\nCourino;<br \/>\nE.V.A.;<br \/>\nPapelaria;<br \/>\nCartonagem;<br \/>\nTecidos;<br \/>\nLonas;<br \/>\nArtesanato;<br \/>\nPlacas de sinaliza\u00e7\u00e3o;<br \/>\nPe\u00e7as sobrepostas.<\/p>\n<p><strong>Medidas:<br \/>\n<\/strong><\/p>\n<ul>\n<li>50mm;<\/li>\n<li>250mm;<\/li>\n<li>500mm;<\/li>\n<\/ul>\n<p>Rolos com <strong>30 metros<\/strong>. Espessura 0,09mm.<\/p>\n<\/div>\n<\/div>\n<\/div>\n<\/div>\n<\/div>\n<\/div>\n","protected":false},"featured_media":2110,"template":"","meta":[],"product_brand":[],"product_cat":[105],"product_tag":[],"class_list":{"0":"post-2101","1":"product","2":"type-product","3":"status-publish","4":"has-post-thumbnail","6":"product_cat-fitas","8":"first","9":"instock","10":"taxable","11":"shipping-taxable","12":"purchasable","13":"product-type-variable"},"yoast_head":"<!-- This site is optimized with the Yoast SEO plugin v27.5 - https:\/\/yoast.com\/product\/yoast-seo-wordpress\/ -->\n<title>Fita Dupla Face PP (Fita Fabulosa) - Loja da Central<\/title>\n<meta name=\"robots\" content=\"index, follow, max-snippet:-1, max-image-preview:large, max-video-preview:-1\" \/>\n<link rel=\"canonical\" href=\"https:\/\/www.lojadacentral.com.br\/?product=fita-dupla-face-pp\" \/>\n<meta property=\"og:locale\" content=\"pt_BR\" \/>\n<meta property=\"og:type\" content=\"article\" \/>\n<meta property=\"og:title\" content=\"Fita Dupla Face PP (Fita Fabulosa) - Loja da Central\" \/>\n<meta property=\"og:description\" content=\"Ideal para corte a laser, colagem permanente!  As Fitas Dupla Face PP da Central s\u00e3o perfeitas para\u00a0otimizar seu trabalho\u00a0pois s\u00e3o ideais para corte a laser.\u00a0Dessa forma, voc\u00ea pode aplicar a fita em suas Chapas de Acr\u00edlico antes mesmo de cort\u00e1-las, para que suas pe\u00e7as j\u00e1 saiam todas adesivadas e prontas para serem coladas.    Conhecidas por nossos clientes como\u00a0Fita Fabulosa, nossa dupla face PP \u00e9 muito utilizada para transformar os mais diversos materiais, tornando-os autocolantes. Sua espessura extremamente baixa contrubu\u00ed para que o acabamento fique perfeito, a camada de fita \u00e9 quase impercept\u00edvel.       Al\u00e9m disso, a\u00a0qualidade superior\u00a0das nossas fitas garante uma fixa\u00e7\u00e3o extra forte, tornando sua\u00a0colagem\u00a0permanente.  Aplica\u00e7\u00f5es:    Acr\u00edlico; Acr\u00edlico Espelhado; MDF; Courino; E.V.A.; Papelaria; Cartonagem; Tecidos; Lonas; Artesanato; Placas de sinaliza\u00e7\u00e3o; Pe\u00e7as sobrepostas.  Medidas:    50mm;  250mm;  500mm;  Rolos com 30 metros. Espessura 0,09mm.\" \/>\n<meta property=\"og:url\" content=\"https:\/\/www.lojadacentral.com.br\/?product=fita-dupla-face-pp\" \/>\n<meta property=\"og:site_name\" content=\"Loja da Central\" \/>\n<meta property=\"article:modified_time\" content=\"2025-12-05T12:09:05+00:00\" \/>\n<meta property=\"og:image\" content=\"https:\/\/www.lojadacentral.com.br\/wp-content\/uploads\/2024\/04\/Foto2PP-Central-Do-Acrilico.png\" \/>\n\t<meta property=\"og:image:width\" content=\"1080\" \/>\n\t<meta property=\"og:image:height\" content=\"1349\" \/>\n\t<meta property=\"og:image:type\" content=\"image\/png\" \/>\n<meta name=\"twitter:card\" content=\"summary_large_image\" \/>\n<meta name=\"twitter:label1\" content=\"Est. tempo de leitura\" \/>\n\t<meta name=\"twitter:data1\" content=\"1 minuto\" \/>\n<script type=\"application\/ld+json\" class=\"yoast-schema-graph\">{\"@context\":\"https:\\\/\\\/schema.org\",\"@graph\":[{\"@type\":\"WebPage\",\"@id\":\"https:\\\/\\\/www.lojadacentral.com.br\\\/?product=fita-dupla-face-pp\",\"url\":\"https:\\\/\\\/www.lojadacentral.com.br\\\/?product=fita-dupla-face-pp\",\"name\":\"Fita Dupla Face PP (Fita Fabulosa) - Loja da Central\",\"isPartOf\":{\"@id\":\"https:\\\/\\\/www.lojadacentral.com.br\\\/#website\"},\"primaryImageOfPage\":{\"@id\":\"https:\\\/\\\/www.lojadacentral.com.br\\\/?product=fita-dupla-face-pp#primaryimage\"},\"image\":{\"@id\":\"https:\\\/\\\/www.lojadacentral.com.br\\\/?product=fita-dupla-face-pp#primaryimage\"},\"thumbnailUrl\":\"https:\\\/\\\/www.lojadacentral.com.br\\\/wp-content\\\/uploads\\\/2024\\\/04\\\/Foto2PP-Central-Do-Acrilico.png\",\"datePublished\":\"2024-04-01T18:38:27+00:00\",\"dateModified\":\"2025-12-05T12:09:05+00:00\",\"breadcrumb\":{\"@id\":\"https:\\\/\\\/www.lojadacentral.com.br\\\/?product=fita-dupla-face-pp#breadcrumb\"},\"inLanguage\":\"pt-BR\",\"potentialAction\":[{\"@type\":\"ReadAction\",\"target\":[\"https:\\\/\\\/www.lojadacentral.com.br\\\/?product=fita-dupla-face-pp\"]}]},{\"@type\":\"ImageObject\",\"inLanguage\":\"pt-BR\",\"@id\":\"https:\\\/\\\/www.lojadacentral.com.br\\\/?product=fita-dupla-face-pp#primaryimage\",\"url\":\"https:\\\/\\\/www.lojadacentral.com.br\\\/wp-content\\\/uploads\\\/2024\\\/04\\\/Foto2PP-Central-Do-Acrilico.png\",\"contentUrl\":\"https:\\\/\\\/www.lojadacentral.com.br\\\/wp-content\\\/uploads\\\/2024\\\/04\\\/Foto2PP-Central-Do-Acrilico.png\",\"width\":1080,\"height\":1349},{\"@type\":\"BreadcrumbList\",\"@id\":\"https:\\\/\\\/www.lojadacentral.com.br\\\/?product=fita-dupla-face-pp#breadcrumb\",\"itemListElement\":[{\"@type\":\"ListItem\",\"position\":1,\"name\":\"In\u00edcio\",\"item\":\"https:\\\/\\\/www.lojadacentral.com.br\\\/\"},{\"@type\":\"ListItem\",\"position\":2,\"name\":\"Home\",\"item\":\"https:\\\/\\\/www.lojadacentral.com.br\\\/\"},{\"@type\":\"ListItem\",\"position\":3,\"name\":\"Fita Dupla Face PP (Fita Fabulosa)\"}]},{\"@type\":\"WebSite\",\"@id\":\"https:\\\/\\\/www.lojadacentral.com.br\\\/#website\",\"url\":\"https:\\\/\\\/www.lojadacentral.com.br\\\/\",\"name\":\"Loja da Central =)\",\"description\":\"Os materiais da Central Do Acr\u00edlico que voc\u00ea j\u00e1 conhece e confia agora dispon\u00edveis online na loja da Central. Compre e receba em sua casa!\",\"publisher\":{\"@id\":\"https:\\\/\\\/www.lojadacentral.com.br\\\/#organization\"},\"potentialAction\":[{\"@type\":\"SearchAction\",\"target\":{\"@type\":\"EntryPoint\",\"urlTemplate\":\"https:\\\/\\\/www.lojadacentral.com.br\\\/?s={search_term_string}\"},\"query-input\":{\"@type\":\"PropertyValueSpecification\",\"valueRequired\":true,\"valueName\":\"search_term_string\"}}],\"inLanguage\":\"pt-BR\"},{\"@type\":\"Organization\",\"@id\":\"https:\\\/\\\/www.lojadacentral.com.br\\\/#organization\",\"name\":\"Central Do Acr\u00edlico\",\"url\":\"https:\\\/\\\/www.lojadacentral.com.br\\\/\",\"logo\":{\"@type\":\"ImageObject\",\"inLanguage\":\"pt-BR\",\"@id\":\"https:\\\/\\\/www.lojadacentral.com.br\\\/#\\\/schema\\\/logo\\\/image\\\/\",\"url\":\"https:\\\/\\\/www.lojadacentral.com.br\\\/wp-content\\\/uploads\\\/2024\\\/02\\\/Logo-Central-PNG.png\",\"contentUrl\":\"https:\\\/\\\/www.lojadacentral.com.br\\\/wp-content\\\/uploads\\\/2024\\\/02\\\/Logo-Central-PNG.png\",\"width\":3891,\"height\":700,\"caption\":\"Central Do Acr\u00edlico\"},\"image\":{\"@id\":\"https:\\\/\\\/www.lojadacentral.com.br\\\/#\\\/schema\\\/logo\\\/image\\\/\"},\"sameAs\":[\"https:\\\/\\\/www.instagram.com\\\/centraldoacrilico\\\/\"]}]}<\/script>\n<!-- \/ Yoast SEO plugin. -->","yoast_head_json":{"title":"Fita Dupla Face PP (Fita Fabulosa) - Loja da Central","robots":{"index":"index","follow":"follow","max-snippet":"max-snippet:-1","max-image-preview":"max-image-preview:large","max-video-preview":"max-video-preview:-1"},"canonical":"https:\/\/www.lojadacentral.com.br\/?product=fita-dupla-face-pp","og_locale":"pt_BR","og_type":"article","og_title":"Fita Dupla Face PP (Fita Fabulosa) - Loja da Central","og_description":"Ideal para corte a laser, colagem permanente!  As Fitas Dupla Face PP da Central s\u00e3o perfeitas para\u00a0otimizar seu trabalho\u00a0pois s\u00e3o ideais para corte a laser.\u00a0Dessa forma, voc\u00ea pode aplicar a fita em suas Chapas de Acr\u00edlico antes mesmo de cort\u00e1-las, para que suas pe\u00e7as j\u00e1 saiam todas adesivadas e prontas para serem coladas.    Conhecidas por nossos clientes como\u00a0Fita Fabulosa, nossa dupla face PP \u00e9 muito utilizada para transformar os mais diversos materiais, tornando-os autocolantes. Sua espessura extremamente baixa contrubu\u00ed para que o acabamento fique perfeito, a camada de fita \u00e9 quase impercept\u00edvel.       Al\u00e9m disso, a\u00a0qualidade superior\u00a0das nossas fitas garante uma fixa\u00e7\u00e3o extra forte, tornando sua\u00a0colagem\u00a0permanente.  Aplica\u00e7\u00f5es:    Acr\u00edlico; Acr\u00edlico Espelhado; MDF; Courino; E.V.A.; Papelaria; Cartonagem; Tecidos; Lonas; Artesanato; Placas de sinaliza\u00e7\u00e3o; Pe\u00e7as sobrepostas.  Medidas:    50mm;  250mm;  500mm;  Rolos com 30 metros. Espessura 0,09mm.","og_url":"https:\/\/www.lojadacentral.com.br\/?product=fita-dupla-face-pp","og_site_name":"Loja da Central","article_modified_time":"2025-12-05T12:09:05+00:00","og_image":[{"width":1080,"height":1349,"url":"https:\/\/www.lojadacentral.com.br\/wp-content\/uploads\/2024\/04\/Foto2PP-Central-Do-Acrilico.png","type":"image\/png"}],"twitter_card":"summary_large_image","twitter_misc":{"Est. tempo de leitura":"1 minuto"},"schema":{"@context":"https:\/\/schema.org","@graph":[{"@type":"WebPage","@id":"https:\/\/www.lojadacentral.com.br\/?product=fita-dupla-face-pp","url":"https:\/\/www.lojadacentral.com.br\/?product=fita-dupla-face-pp","name":"Fita Dupla Face PP (Fita Fabulosa) - Loja da Central","isPartOf":{"@id":"https:\/\/www.lojadacentral.com.br\/#website"},"primaryImageOfPage":{"@id":"https:\/\/www.lojadacentral.com.br\/?product=fita-dupla-face-pp#primaryimage"},"image":{"@id":"https:\/\/www.lojadacentral.com.br\/?product=fita-dupla-face-pp#primaryimage"},"thumbnailUrl":"https:\/\/www.lojadacentral.com.br\/wp-content\/uploads\/2024\/04\/Foto2PP-Central-Do-Acrilico.png","datePublished":"2024-04-01T18:38:27+00:00","dateModified":"2025-12-05T12:09:05+00:00","breadcrumb":{"@id":"https:\/\/www.lojadacentral.com.br\/?product=fita-dupla-face-pp#breadcrumb"},"inLanguage":"pt-BR","potentialAction":[{"@type":"ReadAction","target":["https:\/\/www.lojadacentral.com.br\/?product=fita-dupla-face-pp"]}]},{"@type":"ImageObject","inLanguage":"pt-BR","@id":"https:\/\/www.lojadacentral.com.br\/?product=fita-dupla-face-pp#primaryimage","url":"https:\/\/www.lojadacentral.com.br\/wp-content\/uploads\/2024\/04\/Foto2PP-Central-Do-Acrilico.png","contentUrl":"https:\/\/www.lojadacentral.com.br\/wp-content\/uploads\/2024\/04\/Foto2PP-Central-Do-Acrilico.png","width":1080,"height":1349},{"@type":"BreadcrumbList","@id":"https:\/\/www.lojadacentral.com.br\/?product=fita-dupla-face-pp#breadcrumb","itemListElement":[{"@type":"ListItem","position":1,"name":"In\u00edcio","item":"https:\/\/www.lojadacentral.com.br\/"},{"@type":"ListItem","position":2,"name":"Home","item":"https:\/\/www.lojadacentral.com.br\/"},{"@type":"ListItem","position":3,"name":"Fita Dupla Face PP (Fita Fabulosa)"}]},{"@type":"WebSite","@id":"https:\/\/www.lojadacentral.com.br\/#website","url":"https:\/\/www.lojadacentral.com.br\/","name":"Loja da Central =)","description":"Os materiais da Central Do Acr\u00edlico que voc\u00ea j\u00e1 conhece e confia agora dispon\u00edveis online na loja da Central. Compre e receba em sua casa!","publisher":{"@id":"https:\/\/www.lojadacentral.com.br\/#organization"},"potentialAction":[{"@type":"SearchAction","target":{"@type":"EntryPoint","urlTemplate":"https:\/\/www.lojadacentral.com.br\/?s={search_term_string}"},"query-input":{"@type":"PropertyValueSpecification","valueRequired":true,"valueName":"search_term_string"}}],"inLanguage":"pt-BR"},{"@type":"Organization","@id":"https:\/\/www.lojadacentral.com.br\/#organization","name":"Central Do Acr\u00edlico","url":"https:\/\/www.lojadacentral.com.br\/","logo":{"@type":"ImageObject","inLanguage":"pt-BR","@id":"https:\/\/www.lojadacentral.com.br\/#\/schema\/logo\/image\/","url":"https:\/\/www.lojadacentral.com.br\/wp-content\/uploads\/2024\/02\/Logo-Central-PNG.png","contentUrl":"https:\/\/www.lojadacentral.com.br\/wp-content\/uploads\/2024\/02\/Logo-Central-PNG.png","width":3891,"height":700,"caption":"Central Do Acr\u00edlico"},"image":{"@id":"https:\/\/www.lojadacentral.com.br\/#\/schema\/logo\/image\/"},"sameAs":["https:\/\/www.instagram.com\/centraldoacrilico\/"]}]}},"_links":{"self":[{"href":"https:\/\/www.lojadacentral.com.br\/index.php?rest_route=\/wp\/v2\/product\/2101","targetHints":{"allow":["GET"]}}],"collection":[{"href":"https:\/\/www.lojadacentral.com.br\/index.php?rest_route=\/wp\/v2\/product"}],"about":[{"href":"https:\/\/www.lojadacentral.com.br\/index.php?rest_route=\/wp\/v2\/types\/product"}],"wp:featuredmedia":[{"embeddable":true,"href":"https:\/\/www.lojadacentral.com.br\/index.php?rest_route=\/wp\/v2\/media\/2110"}],"wp:attachment":[{"href":"https:\/\/www.lojadacentral.com.br\/index.php?rest_route=%2Fwp%2Fv2%2Fmedia&parent=2101"}],"wp:term":[{"taxonomy":"product_brand","embeddable":true,"href":"https:\/\/www.lojadacentral.com.br\/index.php?rest_route=%2Fwp%2Fv2%2Fproduct_brand&post=2101"},{"taxonomy":"product_cat","embeddable":true,"href":"https:\/\/www.lojadacentral.com.br\/index.php?rest_route=%2Fwp%2Fv2%2Fproduct_cat&post=2101"},{"taxonomy":"product_tag","embeddable":true,"href":"https:\/\/www.lojadacentral.com.br\/index.php?rest_route=%2Fwp%2Fv2%2Fproduct_tag&post=2101"}],"curies":[{"name":"wp","href":"https:\/\/api.w.org\/{rel}","templated":true}]}}