{"id":2091,"date":"2024-04-01T15:14:57","date_gmt":"2024-04-01T18:14:57","guid":{"rendered":"https:\/\/loja.centraldoacrilico.com.br\/?post_type=product&#038;p=2091"},"modified":"2026-02-09T09:27:45","modified_gmt":"2026-02-09T12:27:45","slug":"fita-dupla-face-pvc","status":"publish","type":"product","link":"https:\/\/www.lojadacentral.com.br\/?product=fita-dupla-face-pvc","title":{"rendered":"Fita Dupla Face PVC"},"content":{"rendered":"","protected":false},"excerpt":{"rendered":"<div class=\"elementor-element elementor-element-2ae2dd4 elementor-widget elementor-widget-text-editor\" data-id=\"2ae2dd4\" data-element_type=\"widget\" data-widget_type=\"text-editor.default\">\n<div class=\"elementor-widget-container\">\n<p><strong>Alto n\u00edvel de ader\u00eancia e durabilidade.<\/strong><\/p>\n<\/div>\n<p>Nossas fitas Dupla Face branca de PVC com adesivo acr\u00edlico oferecem alto n\u00edvel de ader\u00eancia e ades\u00e3o imediata, mesmo em superf\u00edcies \u00e1speras e a longo prazo.<br \/>\nIndicadas para colagem de PVC Expandido por serem mais resistentes \u00e0\u00a0plasticizantes. Utilizadas tamb\u00e9m para fixa\u00e7\u00e3o de fitas de led.<\/p>\n<p>Devido a sua ader\u00eancia e ades\u00e3o imediata, tamb\u00e9m s\u00e3o utilizadas na cartonagem para papelaria e cartonagem.<\/p>\n<ul>\n<li>Alta ader\u00eancia;<\/li>\n<li>Boa fixa\u00e7\u00e3o em superf\u00edcies irregulares;<\/li>\n<li>Longa durabilidade;<\/li>\n<li>Perfeita para PVC Expandido;<\/li>\n<li>Fixa\u00e7\u00e3o de Fita Led.<\/li>\n<\/ul>\n<p><strong>Medidas:<\/strong><\/p>\n<ul>\n<li>09mm;<\/li>\n<li>15mm;<\/li>\n<\/ul>\n<p>Rolos com <strong>50 metros<\/strong>. Espessura 0,225mm.<\/p>\n<\/div>\n","protected":false},"featured_media":2098,"template":"","meta":[],"product_brand":[],"product_cat":[105],"product_tag":[],"class_list":{"0":"post-2091","1":"product","2":"type-product","3":"status-publish","4":"has-post-thumbnail","6":"product_cat-fitas","8":"first","9":"instock","10":"taxable","11":"shipping-taxable","12":"purchasable","13":"product-type-variable"},"yoast_head":"<!-- This site is optimized with the Yoast SEO plugin v27.3 - https:\/\/yoast.com\/product\/yoast-seo-wordpress\/ -->\n<title>Fita Dupla Face PVC - Loja da Central<\/title>\n<meta name=\"robots\" content=\"index, follow, max-snippet:-1, max-image-preview:large, max-video-preview:-1\" \/>\n<link rel=\"canonical\" href=\"https:\/\/www.lojadacentral.com.br\/?product=fita-dupla-face-pvc\" \/>\n<meta property=\"og:locale\" content=\"pt_BR\" \/>\n<meta property=\"og:type\" content=\"article\" \/>\n<meta property=\"og:title\" content=\"Fita Dupla Face PVC - Loja da Central\" \/>\n<meta property=\"og:description\" content=\"Alto n\u00edvel de ader\u00eancia e durabilidade.   Nossas fitas Dupla Face branca de PVC com adesivo acr\u00edlico oferecem alto n\u00edvel de ader\u00eancia e ades\u00e3o imediata, mesmo em superf\u00edcies \u00e1speras e a longo prazo. Indicadas para colagem de PVC Expandido por serem mais resistentes \u00e0\u00a0plasticizantes. Utilizadas tamb\u00e9m para fixa\u00e7\u00e3o de fitas de led.  Devido a sua ader\u00eancia e ades\u00e3o imediata, tamb\u00e9m s\u00e3o utilizadas na cartonagem para papelaria e cartonagem.   Alta ader\u00eancia;  Boa fixa\u00e7\u00e3o em superf\u00edcies irregulares;  Longa durabilidade;  Perfeita para PVC Expandido;  Fixa\u00e7\u00e3o de Fita Led.  Medidas:   09mm;  15mm;  Rolos com 50 metros. Espessura 0,225mm.\" \/>\n<meta property=\"og:url\" content=\"https:\/\/www.lojadacentral.com.br\/?product=fita-dupla-face-pvc\" \/>\n<meta property=\"og:site_name\" content=\"Loja da Central\" \/>\n<meta property=\"article:modified_time\" content=\"2026-02-09T12:27:45+00:00\" \/>\n<meta property=\"og:image\" content=\"https:\/\/www.lojadacentral.com.br\/wp-content\/uploads\/2024\/04\/FitaDuplaFacePVCFoto2-Central-do-Acrilico-1.png\" \/>\n\t<meta property=\"og:image:width\" content=\"1080\" \/>\n\t<meta property=\"og:image:height\" content=\"1349\" \/>\n\t<meta property=\"og:image:type\" content=\"image\/png\" \/>\n<meta name=\"twitter:card\" content=\"summary_large_image\" \/>\n<meta name=\"twitter:label1\" content=\"Est. tempo de leitura\" \/>\n\t<meta name=\"twitter:data1\" content=\"1 minuto\" \/>\n<script type=\"application\/ld+json\" class=\"yoast-schema-graph\">{\"@context\":\"https:\\\/\\\/schema.org\",\"@graph\":[{\"@type\":\"WebPage\",\"@id\":\"https:\\\/\\\/www.lojadacentral.com.br\\\/?product=fita-dupla-face-pvc\",\"url\":\"https:\\\/\\\/www.lojadacentral.com.br\\\/?product=fita-dupla-face-pvc\",\"name\":\"Fita Dupla Face PVC - Loja da Central\",\"isPartOf\":{\"@id\":\"https:\\\/\\\/www.lojadacentral.com.br\\\/#website\"},\"primaryImageOfPage\":{\"@id\":\"https:\\\/\\\/www.lojadacentral.com.br\\\/?product=fita-dupla-face-pvc#primaryimage\"},\"image\":{\"@id\":\"https:\\\/\\\/www.lojadacentral.com.br\\\/?product=fita-dupla-face-pvc#primaryimage\"},\"thumbnailUrl\":\"https:\\\/\\\/www.lojadacentral.com.br\\\/wp-content\\\/uploads\\\/2024\\\/04\\\/FitaDuplaFacePVCFoto2-Central-do-Acrilico-1.png\",\"datePublished\":\"2024-04-01T18:14:57+00:00\",\"dateModified\":\"2026-02-09T12:27:45+00:00\",\"breadcrumb\":{\"@id\":\"https:\\\/\\\/www.lojadacentral.com.br\\\/?product=fita-dupla-face-pvc#breadcrumb\"},\"inLanguage\":\"pt-BR\",\"potentialAction\":[{\"@type\":\"ReadAction\",\"target\":[\"https:\\\/\\\/www.lojadacentral.com.br\\\/?product=fita-dupla-face-pvc\"]}]},{\"@type\":\"ImageObject\",\"inLanguage\":\"pt-BR\",\"@id\":\"https:\\\/\\\/www.lojadacentral.com.br\\\/?product=fita-dupla-face-pvc#primaryimage\",\"url\":\"https:\\\/\\\/www.lojadacentral.com.br\\\/wp-content\\\/uploads\\\/2024\\\/04\\\/FitaDuplaFacePVCFoto2-Central-do-Acrilico-1.png\",\"contentUrl\":\"https:\\\/\\\/www.lojadacentral.com.br\\\/wp-content\\\/uploads\\\/2024\\\/04\\\/FitaDuplaFacePVCFoto2-Central-do-Acrilico-1.png\",\"width\":1080,\"height\":1349},{\"@type\":\"BreadcrumbList\",\"@id\":\"https:\\\/\\\/www.lojadacentral.com.br\\\/?product=fita-dupla-face-pvc#breadcrumb\",\"itemListElement\":[{\"@type\":\"ListItem\",\"position\":1,\"name\":\"In\u00edcio\",\"item\":\"https:\\\/\\\/www.lojadacentral.com.br\\\/\"},{\"@type\":\"ListItem\",\"position\":2,\"name\":\"Home\",\"item\":\"https:\\\/\\\/www.lojadacentral.com.br\\\/\"},{\"@type\":\"ListItem\",\"position\":3,\"name\":\"Fita Dupla Face PVC\"}]},{\"@type\":\"WebSite\",\"@id\":\"https:\\\/\\\/www.lojadacentral.com.br\\\/#website\",\"url\":\"https:\\\/\\\/www.lojadacentral.com.br\\\/\",\"name\":\"Loja da Central =)\",\"description\":\"Os materiais da Central Do Acr\u00edlico que voc\u00ea j\u00e1 conhece e confia agora dispon\u00edveis online na loja da Central. Compre e receba em sua casa!\",\"publisher\":{\"@id\":\"https:\\\/\\\/www.lojadacentral.com.br\\\/#organization\"},\"potentialAction\":[{\"@type\":\"SearchAction\",\"target\":{\"@type\":\"EntryPoint\",\"urlTemplate\":\"https:\\\/\\\/www.lojadacentral.com.br\\\/?s={search_term_string}\"},\"query-input\":{\"@type\":\"PropertyValueSpecification\",\"valueRequired\":true,\"valueName\":\"search_term_string\"}}],\"inLanguage\":\"pt-BR\"},{\"@type\":\"Organization\",\"@id\":\"https:\\\/\\\/www.lojadacentral.com.br\\\/#organization\",\"name\":\"Central Do Acr\u00edlico\",\"url\":\"https:\\\/\\\/www.lojadacentral.com.br\\\/\",\"logo\":{\"@type\":\"ImageObject\",\"inLanguage\":\"pt-BR\",\"@id\":\"https:\\\/\\\/www.lojadacentral.com.br\\\/#\\\/schema\\\/logo\\\/image\\\/\",\"url\":\"https:\\\/\\\/www.lojadacentral.com.br\\\/wp-content\\\/uploads\\\/2024\\\/02\\\/Logo-Central-PNG.png\",\"contentUrl\":\"https:\\\/\\\/www.lojadacentral.com.br\\\/wp-content\\\/uploads\\\/2024\\\/02\\\/Logo-Central-PNG.png\",\"width\":3891,\"height\":700,\"caption\":\"Central Do Acr\u00edlico\"},\"image\":{\"@id\":\"https:\\\/\\\/www.lojadacentral.com.br\\\/#\\\/schema\\\/logo\\\/image\\\/\"},\"sameAs\":[\"https:\\\/\\\/www.instagram.com\\\/centraldoacrilico\\\/\"]}]}<\/script>\n<!-- \/ Yoast SEO plugin. -->","yoast_head_json":{"title":"Fita Dupla Face PVC - Loja da Central","robots":{"index":"index","follow":"follow","max-snippet":"max-snippet:-1","max-image-preview":"max-image-preview:large","max-video-preview":"max-video-preview:-1"},"canonical":"https:\/\/www.lojadacentral.com.br\/?product=fita-dupla-face-pvc","og_locale":"pt_BR","og_type":"article","og_title":"Fita Dupla Face PVC - Loja da Central","og_description":"Alto n\u00edvel de ader\u00eancia e durabilidade.   Nossas fitas Dupla Face branca de PVC com adesivo acr\u00edlico oferecem alto n\u00edvel de ader\u00eancia e ades\u00e3o imediata, mesmo em superf\u00edcies \u00e1speras e a longo prazo. Indicadas para colagem de PVC Expandido por serem mais resistentes \u00e0\u00a0plasticizantes. Utilizadas tamb\u00e9m para fixa\u00e7\u00e3o de fitas de led.  Devido a sua ader\u00eancia e ades\u00e3o imediata, tamb\u00e9m s\u00e3o utilizadas na cartonagem para papelaria e cartonagem.   Alta ader\u00eancia;  Boa fixa\u00e7\u00e3o em superf\u00edcies irregulares;  Longa durabilidade;  Perfeita para PVC Expandido;  Fixa\u00e7\u00e3o de Fita Led.  Medidas:   09mm;  15mm;  Rolos com 50 metros. Espessura 0,225mm.","og_url":"https:\/\/www.lojadacentral.com.br\/?product=fita-dupla-face-pvc","og_site_name":"Loja da Central","article_modified_time":"2026-02-09T12:27:45+00:00","og_image":[{"width":1080,"height":1349,"url":"https:\/\/www.lojadacentral.com.br\/wp-content\/uploads\/2024\/04\/FitaDuplaFacePVCFoto2-Central-do-Acrilico-1.png","type":"image\/png"}],"twitter_card":"summary_large_image","twitter_misc":{"Est. tempo de leitura":"1 minuto"},"schema":{"@context":"https:\/\/schema.org","@graph":[{"@type":"WebPage","@id":"https:\/\/www.lojadacentral.com.br\/?product=fita-dupla-face-pvc","url":"https:\/\/www.lojadacentral.com.br\/?product=fita-dupla-face-pvc","name":"Fita Dupla Face PVC - Loja da Central","isPartOf":{"@id":"https:\/\/www.lojadacentral.com.br\/#website"},"primaryImageOfPage":{"@id":"https:\/\/www.lojadacentral.com.br\/?product=fita-dupla-face-pvc#primaryimage"},"image":{"@id":"https:\/\/www.lojadacentral.com.br\/?product=fita-dupla-face-pvc#primaryimage"},"thumbnailUrl":"https:\/\/www.lojadacentral.com.br\/wp-content\/uploads\/2024\/04\/FitaDuplaFacePVCFoto2-Central-do-Acrilico-1.png","datePublished":"2024-04-01T18:14:57+00:00","dateModified":"2026-02-09T12:27:45+00:00","breadcrumb":{"@id":"https:\/\/www.lojadacentral.com.br\/?product=fita-dupla-face-pvc#breadcrumb"},"inLanguage":"pt-BR","potentialAction":[{"@type":"ReadAction","target":["https:\/\/www.lojadacentral.com.br\/?product=fita-dupla-face-pvc"]}]},{"@type":"ImageObject","inLanguage":"pt-BR","@id":"https:\/\/www.lojadacentral.com.br\/?product=fita-dupla-face-pvc#primaryimage","url":"https:\/\/www.lojadacentral.com.br\/wp-content\/uploads\/2024\/04\/FitaDuplaFacePVCFoto2-Central-do-Acrilico-1.png","contentUrl":"https:\/\/www.lojadacentral.com.br\/wp-content\/uploads\/2024\/04\/FitaDuplaFacePVCFoto2-Central-do-Acrilico-1.png","width":1080,"height":1349},{"@type":"BreadcrumbList","@id":"https:\/\/www.lojadacentral.com.br\/?product=fita-dupla-face-pvc#breadcrumb","itemListElement":[{"@type":"ListItem","position":1,"name":"In\u00edcio","item":"https:\/\/www.lojadacentral.com.br\/"},{"@type":"ListItem","position":2,"name":"Home","item":"https:\/\/www.lojadacentral.com.br\/"},{"@type":"ListItem","position":3,"name":"Fita Dupla Face PVC"}]},{"@type":"WebSite","@id":"https:\/\/www.lojadacentral.com.br\/#website","url":"https:\/\/www.lojadacentral.com.br\/","name":"Loja da Central =)","description":"Os materiais da Central Do Acr\u00edlico que voc\u00ea j\u00e1 conhece e confia agora dispon\u00edveis online na loja da Central. Compre e receba em sua casa!","publisher":{"@id":"https:\/\/www.lojadacentral.com.br\/#organization"},"potentialAction":[{"@type":"SearchAction","target":{"@type":"EntryPoint","urlTemplate":"https:\/\/www.lojadacentral.com.br\/?s={search_term_string}"},"query-input":{"@type":"PropertyValueSpecification","valueRequired":true,"valueName":"search_term_string"}}],"inLanguage":"pt-BR"},{"@type":"Organization","@id":"https:\/\/www.lojadacentral.com.br\/#organization","name":"Central Do Acr\u00edlico","url":"https:\/\/www.lojadacentral.com.br\/","logo":{"@type":"ImageObject","inLanguage":"pt-BR","@id":"https:\/\/www.lojadacentral.com.br\/#\/schema\/logo\/image\/","url":"https:\/\/www.lojadacentral.com.br\/wp-content\/uploads\/2024\/02\/Logo-Central-PNG.png","contentUrl":"https:\/\/www.lojadacentral.com.br\/wp-content\/uploads\/2024\/02\/Logo-Central-PNG.png","width":3891,"height":700,"caption":"Central Do Acr\u00edlico"},"image":{"@id":"https:\/\/www.lojadacentral.com.br\/#\/schema\/logo\/image\/"},"sameAs":["https:\/\/www.instagram.com\/centraldoacrilico\/"]}]}},"_links":{"self":[{"href":"https:\/\/www.lojadacentral.com.br\/index.php?rest_route=\/wp\/v2\/product\/2091","targetHints":{"allow":["GET"]}}],"collection":[{"href":"https:\/\/www.lojadacentral.com.br\/index.php?rest_route=\/wp\/v2\/product"}],"about":[{"href":"https:\/\/www.lojadacentral.com.br\/index.php?rest_route=\/wp\/v2\/types\/product"}],"wp:featuredmedia":[{"embeddable":true,"href":"https:\/\/www.lojadacentral.com.br\/index.php?rest_route=\/wp\/v2\/media\/2098"}],"wp:attachment":[{"href":"https:\/\/www.lojadacentral.com.br\/index.php?rest_route=%2Fwp%2Fv2%2Fmedia&parent=2091"}],"wp:term":[{"taxonomy":"product_brand","embeddable":true,"href":"https:\/\/www.lojadacentral.com.br\/index.php?rest_route=%2Fwp%2Fv2%2Fproduct_brand&post=2091"},{"taxonomy":"product_cat","embeddable":true,"href":"https:\/\/www.lojadacentral.com.br\/index.php?rest_route=%2Fwp%2Fv2%2Fproduct_cat&post=2091"},{"taxonomy":"product_tag","embeddable":true,"href":"https:\/\/www.lojadacentral.com.br\/index.php?rest_route=%2Fwp%2Fv2%2Fproduct_tag&post=2091"}],"curies":[{"name":"wp","href":"https:\/\/api.w.org\/{rel}","templated":true}]}}