{"id":2071,"date":"2024-04-01T14:24:27","date_gmt":"2024-04-01T17:24:27","guid":{"rendered":"https:\/\/loja.centraldoacrilico.com.br\/?post_type=product&#038;p=2071"},"modified":"2025-11-29T03:02:24","modified_gmt":"2025-11-29T06:02:24","slug":"fita-crepe","status":"publish","type":"product","link":"https:\/\/www.lojadacentral.com.br\/?product=fita-crepe","title":{"rendered":"Fita Crepe"},"content":{"rendered":"","protected":false},"excerpt":{"rendered":"<div class=\"elementor-element elementor-element-2ae2dd4 elementor-widget elementor-widget-text-editor\" data-id=\"2ae2dd4\" data-element_type=\"widget\" data-widget_type=\"text-editor.default\">\n<div class=\"elementor-widget-container\">\n<p><strong>Fixa\u00e7\u00e3o tempor\u00e1ria sem deixar marcas.<\/strong><\/p>\n<\/div>\n<div class=\"elementor-widget-container\">\n<p>Fita Crepe de uso geral, possui a vantagem de oferecer uma boa ader\u00eancia tempor\u00e1ria sem deixar res\u00edduos depois de removida.<br \/>\nAmplamente utilizada em gabaritos, para delimitar \u00e1reas de pintura, como r\u00f3tulo para identifica\u00e7\u00e3o, fixa\u00e7\u00e3o em geral, fechamento de embalagens, etc.<\/p>\n<p><strong>Medidas:<\/strong><\/p>\n<\/div>\n<ul>\n<li>24mm;<\/li>\n<li>45mm.<\/li>\n<\/ul>\n<h5><strong>Rolos com 50 metros.<\/strong><\/h5>\n<\/div>\n","protected":false},"featured_media":2072,"template":"","meta":[],"product_brand":[],"product_cat":[105],"product_tag":[],"class_list":{"0":"post-2071","1":"product","2":"type-product","3":"status-publish","4":"has-post-thumbnail","6":"product_cat-fitas","8":"first","9":"instock","10":"taxable","11":"shipping-taxable","12":"purchasable","13":"product-type-variable"},"yoast_head":"<!-- This site is optimized with the Yoast SEO plugin v27.5 - https:\/\/yoast.com\/product\/yoast-seo-wordpress\/ -->\n<title>Fita Crepe - Loja da Central<\/title>\n<meta name=\"robots\" content=\"index, follow, max-snippet:-1, max-image-preview:large, max-video-preview:-1\" \/>\n<link rel=\"canonical\" href=\"https:\/\/www.lojadacentral.com.br\/?product=fita-crepe\" \/>\n<meta property=\"og:locale\" content=\"pt_BR\" \/>\n<meta property=\"og:type\" content=\"article\" \/>\n<meta property=\"og:title\" content=\"Fita Crepe - Loja da Central\" \/>\n<meta property=\"og:description\" content=\"Fixa\u00e7\u00e3o tempor\u00e1ria sem deixar marcas.     Fita Crepe de uso geral, possui a vantagem de oferecer uma boa ader\u00eancia tempor\u00e1ria sem deixar res\u00edduos depois de removida. Amplamente utilizada em gabaritos, para delimitar \u00e1reas de pintura, como r\u00f3tulo para identifica\u00e7\u00e3o, fixa\u00e7\u00e3o em geral, fechamento de embalagens, etc.  Medidas:     24mm;  45mm.  Rolos com 50 metros.\" \/>\n<meta property=\"og:url\" content=\"https:\/\/www.lojadacentral.com.br\/?product=fita-crepe\" \/>\n<meta property=\"og:site_name\" content=\"Loja da Central\" \/>\n<meta property=\"article:modified_time\" content=\"2025-11-29T06:02:24+00:00\" \/>\n<meta property=\"og:image\" content=\"https:\/\/www.lojadacentral.com.br\/wp-content\/uploads\/2024\/04\/Foto5Crepe-Central-Do-Acrilico.png\" \/>\n\t<meta property=\"og:image:width\" content=\"1080\" \/>\n\t<meta property=\"og:image:height\" content=\"1349\" \/>\n\t<meta property=\"og:image:type\" content=\"image\/png\" \/>\n<meta name=\"twitter:card\" content=\"summary_large_image\" \/>\n<meta name=\"twitter:label1\" content=\"Est. tempo de leitura\" \/>\n\t<meta name=\"twitter:data1\" content=\"1 minuto\" \/>\n<script type=\"application\/ld+json\" class=\"yoast-schema-graph\">{\"@context\":\"https:\\\/\\\/schema.org\",\"@graph\":[{\"@type\":\"WebPage\",\"@id\":\"https:\\\/\\\/www.lojadacentral.com.br\\\/?product=fita-crepe\",\"url\":\"https:\\\/\\\/www.lojadacentral.com.br\\\/?product=fita-crepe\",\"name\":\"Fita Crepe - Loja da Central\",\"isPartOf\":{\"@id\":\"https:\\\/\\\/www.lojadacentral.com.br\\\/#website\"},\"primaryImageOfPage\":{\"@id\":\"https:\\\/\\\/www.lojadacentral.com.br\\\/?product=fita-crepe#primaryimage\"},\"image\":{\"@id\":\"https:\\\/\\\/www.lojadacentral.com.br\\\/?product=fita-crepe#primaryimage\"},\"thumbnailUrl\":\"https:\\\/\\\/www.lojadacentral.com.br\\\/wp-content\\\/uploads\\\/2024\\\/04\\\/Foto5Crepe-Central-Do-Acrilico.png\",\"datePublished\":\"2024-04-01T17:24:27+00:00\",\"dateModified\":\"2025-11-29T06:02:24+00:00\",\"breadcrumb\":{\"@id\":\"https:\\\/\\\/www.lojadacentral.com.br\\\/?product=fita-crepe#breadcrumb\"},\"inLanguage\":\"pt-BR\",\"potentialAction\":[{\"@type\":\"ReadAction\",\"target\":[\"https:\\\/\\\/www.lojadacentral.com.br\\\/?product=fita-crepe\"]}]},{\"@type\":\"ImageObject\",\"inLanguage\":\"pt-BR\",\"@id\":\"https:\\\/\\\/www.lojadacentral.com.br\\\/?product=fita-crepe#primaryimage\",\"url\":\"https:\\\/\\\/www.lojadacentral.com.br\\\/wp-content\\\/uploads\\\/2024\\\/04\\\/Foto5Crepe-Central-Do-Acrilico.png\",\"contentUrl\":\"https:\\\/\\\/www.lojadacentral.com.br\\\/wp-content\\\/uploads\\\/2024\\\/04\\\/Foto5Crepe-Central-Do-Acrilico.png\",\"width\":1080,\"height\":1349},{\"@type\":\"BreadcrumbList\",\"@id\":\"https:\\\/\\\/www.lojadacentral.com.br\\\/?product=fita-crepe#breadcrumb\",\"itemListElement\":[{\"@type\":\"ListItem\",\"position\":1,\"name\":\"In\u00edcio\",\"item\":\"https:\\\/\\\/www.lojadacentral.com.br\\\/\"},{\"@type\":\"ListItem\",\"position\":2,\"name\":\"Home\",\"item\":\"https:\\\/\\\/www.lojadacentral.com.br\\\/\"},{\"@type\":\"ListItem\",\"position\":3,\"name\":\"Fita Crepe\"}]},{\"@type\":\"WebSite\",\"@id\":\"https:\\\/\\\/www.lojadacentral.com.br\\\/#website\",\"url\":\"https:\\\/\\\/www.lojadacentral.com.br\\\/\",\"name\":\"Loja da Central =)\",\"description\":\"Os materiais da Central Do Acr\u00edlico que voc\u00ea j\u00e1 conhece e confia agora dispon\u00edveis online na loja da Central. Compre e receba em sua casa!\",\"publisher\":{\"@id\":\"https:\\\/\\\/www.lojadacentral.com.br\\\/#organization\"},\"potentialAction\":[{\"@type\":\"SearchAction\",\"target\":{\"@type\":\"EntryPoint\",\"urlTemplate\":\"https:\\\/\\\/www.lojadacentral.com.br\\\/?s={search_term_string}\"},\"query-input\":{\"@type\":\"PropertyValueSpecification\",\"valueRequired\":true,\"valueName\":\"search_term_string\"}}],\"inLanguage\":\"pt-BR\"},{\"@type\":\"Organization\",\"@id\":\"https:\\\/\\\/www.lojadacentral.com.br\\\/#organization\",\"name\":\"Central Do Acr\u00edlico\",\"url\":\"https:\\\/\\\/www.lojadacentral.com.br\\\/\",\"logo\":{\"@type\":\"ImageObject\",\"inLanguage\":\"pt-BR\",\"@id\":\"https:\\\/\\\/www.lojadacentral.com.br\\\/#\\\/schema\\\/logo\\\/image\\\/\",\"url\":\"https:\\\/\\\/www.lojadacentral.com.br\\\/wp-content\\\/uploads\\\/2024\\\/02\\\/Logo-Central-PNG.png\",\"contentUrl\":\"https:\\\/\\\/www.lojadacentral.com.br\\\/wp-content\\\/uploads\\\/2024\\\/02\\\/Logo-Central-PNG.png\",\"width\":3891,\"height\":700,\"caption\":\"Central Do Acr\u00edlico\"},\"image\":{\"@id\":\"https:\\\/\\\/www.lojadacentral.com.br\\\/#\\\/schema\\\/logo\\\/image\\\/\"},\"sameAs\":[\"https:\\\/\\\/www.instagram.com\\\/centraldoacrilico\\\/\"]}]}<\/script>\n<!-- \/ Yoast SEO plugin. -->","yoast_head_json":{"title":"Fita Crepe - Loja da Central","robots":{"index":"index","follow":"follow","max-snippet":"max-snippet:-1","max-image-preview":"max-image-preview:large","max-video-preview":"max-video-preview:-1"},"canonical":"https:\/\/www.lojadacentral.com.br\/?product=fita-crepe","og_locale":"pt_BR","og_type":"article","og_title":"Fita Crepe - Loja da Central","og_description":"Fixa\u00e7\u00e3o tempor\u00e1ria sem deixar marcas.     Fita Crepe de uso geral, possui a vantagem de oferecer uma boa ader\u00eancia tempor\u00e1ria sem deixar res\u00edduos depois de removida. Amplamente utilizada em gabaritos, para delimitar \u00e1reas de pintura, como r\u00f3tulo para identifica\u00e7\u00e3o, fixa\u00e7\u00e3o em geral, fechamento de embalagens, etc.  Medidas:     24mm;  45mm.  Rolos com 50 metros.","og_url":"https:\/\/www.lojadacentral.com.br\/?product=fita-crepe","og_site_name":"Loja da Central","article_modified_time":"2025-11-29T06:02:24+00:00","og_image":[{"width":1080,"height":1349,"url":"https:\/\/www.lojadacentral.com.br\/wp-content\/uploads\/2024\/04\/Foto5Crepe-Central-Do-Acrilico.png","type":"image\/png"}],"twitter_card":"summary_large_image","twitter_misc":{"Est. tempo de leitura":"1 minuto"},"schema":{"@context":"https:\/\/schema.org","@graph":[{"@type":"WebPage","@id":"https:\/\/www.lojadacentral.com.br\/?product=fita-crepe","url":"https:\/\/www.lojadacentral.com.br\/?product=fita-crepe","name":"Fita Crepe - Loja da Central","isPartOf":{"@id":"https:\/\/www.lojadacentral.com.br\/#website"},"primaryImageOfPage":{"@id":"https:\/\/www.lojadacentral.com.br\/?product=fita-crepe#primaryimage"},"image":{"@id":"https:\/\/www.lojadacentral.com.br\/?product=fita-crepe#primaryimage"},"thumbnailUrl":"https:\/\/www.lojadacentral.com.br\/wp-content\/uploads\/2024\/04\/Foto5Crepe-Central-Do-Acrilico.png","datePublished":"2024-04-01T17:24:27+00:00","dateModified":"2025-11-29T06:02:24+00:00","breadcrumb":{"@id":"https:\/\/www.lojadacentral.com.br\/?product=fita-crepe#breadcrumb"},"inLanguage":"pt-BR","potentialAction":[{"@type":"ReadAction","target":["https:\/\/www.lojadacentral.com.br\/?product=fita-crepe"]}]},{"@type":"ImageObject","inLanguage":"pt-BR","@id":"https:\/\/www.lojadacentral.com.br\/?product=fita-crepe#primaryimage","url":"https:\/\/www.lojadacentral.com.br\/wp-content\/uploads\/2024\/04\/Foto5Crepe-Central-Do-Acrilico.png","contentUrl":"https:\/\/www.lojadacentral.com.br\/wp-content\/uploads\/2024\/04\/Foto5Crepe-Central-Do-Acrilico.png","width":1080,"height":1349},{"@type":"BreadcrumbList","@id":"https:\/\/www.lojadacentral.com.br\/?product=fita-crepe#breadcrumb","itemListElement":[{"@type":"ListItem","position":1,"name":"In\u00edcio","item":"https:\/\/www.lojadacentral.com.br\/"},{"@type":"ListItem","position":2,"name":"Home","item":"https:\/\/www.lojadacentral.com.br\/"},{"@type":"ListItem","position":3,"name":"Fita Crepe"}]},{"@type":"WebSite","@id":"https:\/\/www.lojadacentral.com.br\/#website","url":"https:\/\/www.lojadacentral.com.br\/","name":"Loja da Central =)","description":"Os materiais da Central Do Acr\u00edlico que voc\u00ea j\u00e1 conhece e confia agora dispon\u00edveis online na loja da Central. Compre e receba em sua casa!","publisher":{"@id":"https:\/\/www.lojadacentral.com.br\/#organization"},"potentialAction":[{"@type":"SearchAction","target":{"@type":"EntryPoint","urlTemplate":"https:\/\/www.lojadacentral.com.br\/?s={search_term_string}"},"query-input":{"@type":"PropertyValueSpecification","valueRequired":true,"valueName":"search_term_string"}}],"inLanguage":"pt-BR"},{"@type":"Organization","@id":"https:\/\/www.lojadacentral.com.br\/#organization","name":"Central Do Acr\u00edlico","url":"https:\/\/www.lojadacentral.com.br\/","logo":{"@type":"ImageObject","inLanguage":"pt-BR","@id":"https:\/\/www.lojadacentral.com.br\/#\/schema\/logo\/image\/","url":"https:\/\/www.lojadacentral.com.br\/wp-content\/uploads\/2024\/02\/Logo-Central-PNG.png","contentUrl":"https:\/\/www.lojadacentral.com.br\/wp-content\/uploads\/2024\/02\/Logo-Central-PNG.png","width":3891,"height":700,"caption":"Central Do Acr\u00edlico"},"image":{"@id":"https:\/\/www.lojadacentral.com.br\/#\/schema\/logo\/image\/"},"sameAs":["https:\/\/www.instagram.com\/centraldoacrilico\/"]}]}},"_links":{"self":[{"href":"https:\/\/www.lojadacentral.com.br\/index.php?rest_route=\/wp\/v2\/product\/2071","targetHints":{"allow":["GET"]}}],"collection":[{"href":"https:\/\/www.lojadacentral.com.br\/index.php?rest_route=\/wp\/v2\/product"}],"about":[{"href":"https:\/\/www.lojadacentral.com.br\/index.php?rest_route=\/wp\/v2\/types\/product"}],"wp:featuredmedia":[{"embeddable":true,"href":"https:\/\/www.lojadacentral.com.br\/index.php?rest_route=\/wp\/v2\/media\/2072"}],"wp:attachment":[{"href":"https:\/\/www.lojadacentral.com.br\/index.php?rest_route=%2Fwp%2Fv2%2Fmedia&parent=2071"}],"wp:term":[{"taxonomy":"product_brand","embeddable":true,"href":"https:\/\/www.lojadacentral.com.br\/index.php?rest_route=%2Fwp%2Fv2%2Fproduct_brand&post=2071"},{"taxonomy":"product_cat","embeddable":true,"href":"https:\/\/www.lojadacentral.com.br\/index.php?rest_route=%2Fwp%2Fv2%2Fproduct_cat&post=2071"},{"taxonomy":"product_tag","embeddable":true,"href":"https:\/\/www.lojadacentral.com.br\/index.php?rest_route=%2Fwp%2Fv2%2Fproduct_tag&post=2071"}],"curies":[{"name":"wp","href":"https:\/\/api.w.org\/{rel}","templated":true}]}}