{"id":1992,"date":"2024-04-01T11:42:40","date_gmt":"2024-04-01T14:42:40","guid":{"rendered":"https:\/\/loja.centraldoacrilico.com.br\/?post_type=product&#038;p=1992"},"modified":"2025-05-02T13:31:00","modified_gmt":"2025-05-02T16:31:00","slug":"dobradica-flexivel","status":"publish","type":"product","link":"https:\/\/www.lojadacentral.com.br\/?product=dobradica-flexivel","title":{"rendered":"Dobradi\u00e7a Flex\u00edvel"},"content":{"rendered":"","protected":false},"excerpt":{"rendered":"<div class=\"elementor-element elementor-element-2ae2dd4 elementor-widget elementor-widget-text-editor\" data-id=\"2ae2dd4\" data-element_type=\"widget\" data-widget_type=\"text-editor.default\">\n<div class=\"elementor-widget-container\">\n<p><strong>Dobradi\u00e7a Flex\u00edvel em Acr\u00edlico para agregar valor \u00e0s suas pe\u00e7as.<\/strong><\/p>\n<p>&nbsp;<\/p>\n<p>Nossa Dobradi\u00e7a Flex\u00edvel em Acr\u00edlico Cristal \u00e9 utilizada para agregar valor \u00e0s suas pe\u00e7as na montagem de caixas, malas, urnas, vitrines, displays, etc.<\/p>\n<ul>\n<li><b>Acr\u00edlico Cristal<\/b>;<br \/>\n35mmx1220mm.<\/li>\n<\/ul>\n<p>&nbsp;<\/p>\n<p><strong>Aten\u00e7\u00e3o<\/strong>: Para facilitar o envio, as dobradi\u00e7as flex\u00edveis s\u00e3o cortadas ao meio, sendo enviadas 2 partes com 610mm.<\/p>\n<p><strong>\u00a0<\/strong><\/p>\n<\/div>\n<\/div>\n","protected":false},"featured_media":1993,"template":"","meta":[],"product_brand":[],"product_cat":[44],"product_tag":[],"class_list":{"0":"post-1992","1":"product","2":"type-product","3":"status-publish","4":"has-post-thumbnail","6":"product_cat-acessorios","8":"first","9":"instock","10":"taxable","11":"shipping-taxable","12":"purchasable","13":"product-type-simple"},"yoast_head":"<!-- This site is optimized with the Yoast SEO plugin v27.5 - https:\/\/yoast.com\/product\/yoast-seo-wordpress\/ -->\n<title>Dobradi\u00e7a Flex\u00edvel - Loja da Central<\/title>\n<meta name=\"robots\" content=\"index, follow, max-snippet:-1, max-image-preview:large, max-video-preview:-1\" \/>\n<link rel=\"canonical\" href=\"https:\/\/www.lojadacentral.com.br\/?product=dobradica-flexivel\" \/>\n<meta property=\"og:locale\" content=\"pt_BR\" \/>\n<meta property=\"og:type\" content=\"article\" \/>\n<meta property=\"og:title\" content=\"Dobradi\u00e7a Flex\u00edvel - Loja da Central\" \/>\n<meta property=\"og:description\" content=\"Dobradi\u00e7a Flex\u00edvel em Acr\u00edlico para agregar valor \u00e0s suas pe\u00e7as.  &nbsp;  Nossa Dobradi\u00e7a Flex\u00edvel em Acr\u00edlico Cristal \u00e9 utilizada para agregar valor \u00e0s suas pe\u00e7as na montagem de caixas, malas, urnas, vitrines, displays, etc.   Acr\u00edlico Cristal; 35mmx1220mm.  &nbsp;  Aten\u00e7\u00e3o: Para facilitar o envio, as dobradi\u00e7as flex\u00edveis s\u00e3o cortadas ao meio, sendo enviadas 2 partes com 610mm.  \u00a0\" \/>\n<meta property=\"og:url\" content=\"https:\/\/www.lojadacentral.com.br\/?product=dobradica-flexivel\" \/>\n<meta property=\"og:site_name\" content=\"Loja da Central\" \/>\n<meta property=\"article:modified_time\" content=\"2025-05-02T16:31:00+00:00\" \/>\n<meta property=\"og:image\" content=\"https:\/\/www.lojadacentral.com.br\/wp-content\/uploads\/2024\/04\/Dobradica-Flexivel-2.jpg\" \/>\n\t<meta property=\"og:image:width\" content=\"1080\" \/>\n\t<meta property=\"og:image:height\" content=\"1349\" \/>\n\t<meta property=\"og:image:type\" content=\"image\/jpeg\" \/>\n<meta name=\"twitter:card\" content=\"summary_large_image\" \/>\n<meta name=\"twitter:label1\" content=\"Est. tempo de leitura\" \/>\n\t<meta name=\"twitter:data1\" content=\"1 minuto\" \/>\n<script type=\"application\/ld+json\" class=\"yoast-schema-graph\">{\"@context\":\"https:\\\/\\\/schema.org\",\"@graph\":[{\"@type\":\"WebPage\",\"@id\":\"https:\\\/\\\/www.lojadacentral.com.br\\\/?product=dobradica-flexivel\",\"url\":\"https:\\\/\\\/www.lojadacentral.com.br\\\/?product=dobradica-flexivel\",\"name\":\"Dobradi\u00e7a Flex\u00edvel - Loja da Central\",\"isPartOf\":{\"@id\":\"https:\\\/\\\/www.lojadacentral.com.br\\\/#website\"},\"primaryImageOfPage\":{\"@id\":\"https:\\\/\\\/www.lojadacentral.com.br\\\/?product=dobradica-flexivel#primaryimage\"},\"image\":{\"@id\":\"https:\\\/\\\/www.lojadacentral.com.br\\\/?product=dobradica-flexivel#primaryimage\"},\"thumbnailUrl\":\"https:\\\/\\\/www.lojadacentral.com.br\\\/wp-content\\\/uploads\\\/2024\\\/04\\\/Dobradica-Flexivel-2.jpg\",\"datePublished\":\"2024-04-01T14:42:40+00:00\",\"dateModified\":\"2025-05-02T16:31:00+00:00\",\"breadcrumb\":{\"@id\":\"https:\\\/\\\/www.lojadacentral.com.br\\\/?product=dobradica-flexivel#breadcrumb\"},\"inLanguage\":\"pt-BR\",\"potentialAction\":[{\"@type\":\"ReadAction\",\"target\":[\"https:\\\/\\\/www.lojadacentral.com.br\\\/?product=dobradica-flexivel\"]}]},{\"@type\":\"ImageObject\",\"inLanguage\":\"pt-BR\",\"@id\":\"https:\\\/\\\/www.lojadacentral.com.br\\\/?product=dobradica-flexivel#primaryimage\",\"url\":\"https:\\\/\\\/www.lojadacentral.com.br\\\/wp-content\\\/uploads\\\/2024\\\/04\\\/Dobradica-Flexivel-2.jpg\",\"contentUrl\":\"https:\\\/\\\/www.lojadacentral.com.br\\\/wp-content\\\/uploads\\\/2024\\\/04\\\/Dobradica-Flexivel-2.jpg\",\"width\":1080,\"height\":1349},{\"@type\":\"BreadcrumbList\",\"@id\":\"https:\\\/\\\/www.lojadacentral.com.br\\\/?product=dobradica-flexivel#breadcrumb\",\"itemListElement\":[{\"@type\":\"ListItem\",\"position\":1,\"name\":\"In\u00edcio\",\"item\":\"https:\\\/\\\/www.lojadacentral.com.br\\\/\"},{\"@type\":\"ListItem\",\"position\":2,\"name\":\"Home\",\"item\":\"https:\\\/\\\/www.lojadacentral.com.br\\\/\"},{\"@type\":\"ListItem\",\"position\":3,\"name\":\"Dobradi\u00e7a Flex\u00edvel\"}]},{\"@type\":\"WebSite\",\"@id\":\"https:\\\/\\\/www.lojadacentral.com.br\\\/#website\",\"url\":\"https:\\\/\\\/www.lojadacentral.com.br\\\/\",\"name\":\"Loja da Central =)\",\"description\":\"Os materiais da Central Do Acr\u00edlico que voc\u00ea j\u00e1 conhece e confia agora dispon\u00edveis online na loja da Central. Compre e receba em sua casa!\",\"publisher\":{\"@id\":\"https:\\\/\\\/www.lojadacentral.com.br\\\/#organization\"},\"potentialAction\":[{\"@type\":\"SearchAction\",\"target\":{\"@type\":\"EntryPoint\",\"urlTemplate\":\"https:\\\/\\\/www.lojadacentral.com.br\\\/?s={search_term_string}\"},\"query-input\":{\"@type\":\"PropertyValueSpecification\",\"valueRequired\":true,\"valueName\":\"search_term_string\"}}],\"inLanguage\":\"pt-BR\"},{\"@type\":\"Organization\",\"@id\":\"https:\\\/\\\/www.lojadacentral.com.br\\\/#organization\",\"name\":\"Central Do Acr\u00edlico\",\"url\":\"https:\\\/\\\/www.lojadacentral.com.br\\\/\",\"logo\":{\"@type\":\"ImageObject\",\"inLanguage\":\"pt-BR\",\"@id\":\"https:\\\/\\\/www.lojadacentral.com.br\\\/#\\\/schema\\\/logo\\\/image\\\/\",\"url\":\"https:\\\/\\\/www.lojadacentral.com.br\\\/wp-content\\\/uploads\\\/2024\\\/02\\\/Logo-Central-PNG.png\",\"contentUrl\":\"https:\\\/\\\/www.lojadacentral.com.br\\\/wp-content\\\/uploads\\\/2024\\\/02\\\/Logo-Central-PNG.png\",\"width\":3891,\"height\":700,\"caption\":\"Central Do Acr\u00edlico\"},\"image\":{\"@id\":\"https:\\\/\\\/www.lojadacentral.com.br\\\/#\\\/schema\\\/logo\\\/image\\\/\"},\"sameAs\":[\"https:\\\/\\\/www.instagram.com\\\/centraldoacrilico\\\/\"]}]}<\/script>\n<!-- \/ Yoast SEO plugin. -->","yoast_head_json":{"title":"Dobradi\u00e7a Flex\u00edvel - Loja da Central","robots":{"index":"index","follow":"follow","max-snippet":"max-snippet:-1","max-image-preview":"max-image-preview:large","max-video-preview":"max-video-preview:-1"},"canonical":"https:\/\/www.lojadacentral.com.br\/?product=dobradica-flexivel","og_locale":"pt_BR","og_type":"article","og_title":"Dobradi\u00e7a Flex\u00edvel - Loja da Central","og_description":"Dobradi\u00e7a Flex\u00edvel em Acr\u00edlico para agregar valor \u00e0s suas pe\u00e7as.  &nbsp;  Nossa Dobradi\u00e7a Flex\u00edvel em Acr\u00edlico Cristal \u00e9 utilizada para agregar valor \u00e0s suas pe\u00e7as na montagem de caixas, malas, urnas, vitrines, displays, etc.   Acr\u00edlico Cristal; 35mmx1220mm.  &nbsp;  Aten\u00e7\u00e3o: Para facilitar o envio, as dobradi\u00e7as flex\u00edveis s\u00e3o cortadas ao meio, sendo enviadas 2 partes com 610mm.  \u00a0","og_url":"https:\/\/www.lojadacentral.com.br\/?product=dobradica-flexivel","og_site_name":"Loja da Central","article_modified_time":"2025-05-02T16:31:00+00:00","og_image":[{"width":1080,"height":1349,"url":"https:\/\/www.lojadacentral.com.br\/wp-content\/uploads\/2024\/04\/Dobradica-Flexivel-2.jpg","type":"image\/jpeg"}],"twitter_card":"summary_large_image","twitter_misc":{"Est. tempo de leitura":"1 minuto"},"schema":{"@context":"https:\/\/schema.org","@graph":[{"@type":"WebPage","@id":"https:\/\/www.lojadacentral.com.br\/?product=dobradica-flexivel","url":"https:\/\/www.lojadacentral.com.br\/?product=dobradica-flexivel","name":"Dobradi\u00e7a Flex\u00edvel - Loja da Central","isPartOf":{"@id":"https:\/\/www.lojadacentral.com.br\/#website"},"primaryImageOfPage":{"@id":"https:\/\/www.lojadacentral.com.br\/?product=dobradica-flexivel#primaryimage"},"image":{"@id":"https:\/\/www.lojadacentral.com.br\/?product=dobradica-flexivel#primaryimage"},"thumbnailUrl":"https:\/\/www.lojadacentral.com.br\/wp-content\/uploads\/2024\/04\/Dobradica-Flexivel-2.jpg","datePublished":"2024-04-01T14:42:40+00:00","dateModified":"2025-05-02T16:31:00+00:00","breadcrumb":{"@id":"https:\/\/www.lojadacentral.com.br\/?product=dobradica-flexivel#breadcrumb"},"inLanguage":"pt-BR","potentialAction":[{"@type":"ReadAction","target":["https:\/\/www.lojadacentral.com.br\/?product=dobradica-flexivel"]}]},{"@type":"ImageObject","inLanguage":"pt-BR","@id":"https:\/\/www.lojadacentral.com.br\/?product=dobradica-flexivel#primaryimage","url":"https:\/\/www.lojadacentral.com.br\/wp-content\/uploads\/2024\/04\/Dobradica-Flexivel-2.jpg","contentUrl":"https:\/\/www.lojadacentral.com.br\/wp-content\/uploads\/2024\/04\/Dobradica-Flexivel-2.jpg","width":1080,"height":1349},{"@type":"BreadcrumbList","@id":"https:\/\/www.lojadacentral.com.br\/?product=dobradica-flexivel#breadcrumb","itemListElement":[{"@type":"ListItem","position":1,"name":"In\u00edcio","item":"https:\/\/www.lojadacentral.com.br\/"},{"@type":"ListItem","position":2,"name":"Home","item":"https:\/\/www.lojadacentral.com.br\/"},{"@type":"ListItem","position":3,"name":"Dobradi\u00e7a Flex\u00edvel"}]},{"@type":"WebSite","@id":"https:\/\/www.lojadacentral.com.br\/#website","url":"https:\/\/www.lojadacentral.com.br\/","name":"Loja da Central =)","description":"Os materiais da Central Do Acr\u00edlico que voc\u00ea j\u00e1 conhece e confia agora dispon\u00edveis online na loja da Central. Compre e receba em sua casa!","publisher":{"@id":"https:\/\/www.lojadacentral.com.br\/#organization"},"potentialAction":[{"@type":"SearchAction","target":{"@type":"EntryPoint","urlTemplate":"https:\/\/www.lojadacentral.com.br\/?s={search_term_string}"},"query-input":{"@type":"PropertyValueSpecification","valueRequired":true,"valueName":"search_term_string"}}],"inLanguage":"pt-BR"},{"@type":"Organization","@id":"https:\/\/www.lojadacentral.com.br\/#organization","name":"Central Do Acr\u00edlico","url":"https:\/\/www.lojadacentral.com.br\/","logo":{"@type":"ImageObject","inLanguage":"pt-BR","@id":"https:\/\/www.lojadacentral.com.br\/#\/schema\/logo\/image\/","url":"https:\/\/www.lojadacentral.com.br\/wp-content\/uploads\/2024\/02\/Logo-Central-PNG.png","contentUrl":"https:\/\/www.lojadacentral.com.br\/wp-content\/uploads\/2024\/02\/Logo-Central-PNG.png","width":3891,"height":700,"caption":"Central Do Acr\u00edlico"},"image":{"@id":"https:\/\/www.lojadacentral.com.br\/#\/schema\/logo\/image\/"},"sameAs":["https:\/\/www.instagram.com\/centraldoacrilico\/"]}]}},"_links":{"self":[{"href":"https:\/\/www.lojadacentral.com.br\/index.php?rest_route=\/wp\/v2\/product\/1992","targetHints":{"allow":["GET"]}}],"collection":[{"href":"https:\/\/www.lojadacentral.com.br\/index.php?rest_route=\/wp\/v2\/product"}],"about":[{"href":"https:\/\/www.lojadacentral.com.br\/index.php?rest_route=\/wp\/v2\/types\/product"}],"wp:featuredmedia":[{"embeddable":true,"href":"https:\/\/www.lojadacentral.com.br\/index.php?rest_route=\/wp\/v2\/media\/1993"}],"wp:attachment":[{"href":"https:\/\/www.lojadacentral.com.br\/index.php?rest_route=%2Fwp%2Fv2%2Fmedia&parent=1992"}],"wp:term":[{"taxonomy":"product_brand","embeddable":true,"href":"https:\/\/www.lojadacentral.com.br\/index.php?rest_route=%2Fwp%2Fv2%2Fproduct_brand&post=1992"},{"taxonomy":"product_cat","embeddable":true,"href":"https:\/\/www.lojadacentral.com.br\/index.php?rest_route=%2Fwp%2Fv2%2Fproduct_cat&post=1992"},{"taxonomy":"product_tag","embeddable":true,"href":"https:\/\/www.lojadacentral.com.br\/index.php?rest_route=%2Fwp%2Fv2%2Fproduct_tag&post=1992"}],"curies":[{"name":"wp","href":"https:\/\/api.w.org\/{rel}","templated":true}]}}