{"id":1616,"date":"2024-03-28T16:44:43","date_gmt":"2024-03-28T19:44:43","guid":{"rendered":"https:\/\/loja.centraldoacrilico.com.br\/?post_type=product&#038;p=1616"},"modified":"2025-04-24T15:14:19","modified_gmt":"2025-04-24T18:14:19","slug":"dobradeira-semi-profissional-1200mm","status":"publish","type":"product","link":"https:\/\/www.lojadacentral.com.br\/?product=dobradeira-semi-profissional-1200mm","title":{"rendered":"Dobradeira Semi Profissional 1200mm"},"content":{"rendered":"","protected":false},"excerpt":{"rendered":"<p><strong>Dobradeira de Acr\u00edlico com ajuste de \u00e2ngulo e r\u00e9guas regul\u00e1veis.<\/strong><\/p>\n<p>&nbsp;<\/p>\n<div class=\"elementor-element elementor-element-5d9c128 elementor-widget elementor-widget-text-editor\" data-id=\"5d9c128\" data-element_type=\"widget\" data-widget_type=\"text-editor.default\">\n<div class=\"elementor-widget-container\">\n<ul>\n<li>1200mm de \u00e1rea de dobra.<\/li>\n<\/ul>\n<p>&nbsp;<\/p>\n<\/div>\n<p>Conhe\u00e7a nossa Dobradeira Semi Profissional para dobrar Acr\u00edlico e outros pl\u00e1sticos, excelente para fazer diversas pe\u00e7as que necessitem de dobra, agilizando sua produ\u00e7\u00e3o dobrando mais pe\u00e7as ao mesmo tempo e com muito mais precis\u00e3o gra\u00e7as ao gabarito de \u00e2ngulo e as r\u00e9guas de largura x altura.<\/p>\n<p>Com estrutura de alum\u00ednio, o que a torna muito mais dur\u00e1vel, a Dobradeira conta com um gabarito ajuste de \u00e2ngulo e r\u00e9guas regul\u00e1veis para que todas as suas dobras fiquem uniformes.<\/p>\n<p>Al\u00e9m disso, o ajuste de temperatura de 07 (sete) n\u00edveis permite maior controle e precis\u00e3o. Dobra Acr\u00edlico at\u00e9 6mm, al\u00e9m de outros pl\u00e1sticos como: Policarbonato, PETG, PS, PSAI, PVC, ABS, entre outros.<\/p>\n<div class=\"elementor-element elementor-element-878f877 elementor-widget elementor-widget-heading\" data-id=\"878f877\" data-element_type=\"widget\" data-widget_type=\"heading.default\">\n<div class=\"elementor-widget-container\">\n<p class=\"elementor-heading-title elementor-size-default\"><strong>Especifica\u00e7\u00f5es:<\/strong><\/p>\n<p>&nbsp;<\/p>\n<\/div>\n<\/div>\n<div class=\"elementor-element elementor-element-f3a5297 elementor-widget elementor-widget-text-editor\" data-id=\"f3a5297\" data-element_type=\"widget\" data-widget_type=\"text-editor.default\">\n<div class=\"elementor-widget-container\">\n<ul>\n<li>Voltagem: 220V;<\/li>\n<li>Pot\u00eancias: 1000w;<\/li>\n<\/ul>\n<\/div>\n<\/div>\n<\/div>\n","protected":false},"featured_media":1622,"template":"","meta":[],"product_brand":[],"product_cat":[122],"product_tag":[],"class_list":{"0":"post-1616","1":"product","2":"type-product","3":"status-publish","4":"has-post-thumbnail","6":"product_cat-dobradeiras","8":"first","9":"instock","10":"taxable","11":"shipping-taxable","12":"purchasable","13":"product-type-simple"},"yoast_head":"<!-- This site is optimized with the Yoast SEO plugin v27.5 - https:\/\/yoast.com\/product\/yoast-seo-wordpress\/ -->\n<title>Dobradeira Semi Profissional 1200mm - Loja da Central<\/title>\n<meta name=\"robots\" content=\"index, follow, max-snippet:-1, max-image-preview:large, max-video-preview:-1\" \/>\n<link rel=\"canonical\" href=\"https:\/\/www.lojadacentral.com.br\/?product=dobradeira-semi-profissional-1200mm\" \/>\n<meta property=\"og:locale\" content=\"pt_BR\" \/>\n<meta property=\"og:type\" content=\"article\" \/>\n<meta property=\"og:title\" content=\"Dobradeira Semi Profissional 1200mm - Loja da Central\" \/>\n<meta property=\"og:description\" content=\"Dobradeira de Acr\u00edlico com ajuste de \u00e2ngulo e r\u00e9guas regul\u00e1veis.  &nbsp;     1200mm de \u00e1rea de dobra.  &nbsp;   Conhe\u00e7a nossa Dobradeira Semi Profissional para dobrar Acr\u00edlico e outros pl\u00e1sticos, excelente para fazer diversas pe\u00e7as que necessitem de dobra, agilizando sua produ\u00e7\u00e3o dobrando mais pe\u00e7as ao mesmo tempo e com muito mais precis\u00e3o gra\u00e7as ao gabarito de \u00e2ngulo e as r\u00e9guas de largura x altura.  Com estrutura de alum\u00ednio, o que a torna muito mais dur\u00e1vel, a Dobradeira conta com um gabarito ajuste de \u00e2ngulo e r\u00e9guas regul\u00e1veis para que todas as suas dobras fiquem uniformes.  Al\u00e9m disso, o ajuste de temperatura de 07 (sete) n\u00edveis permite maior controle e precis\u00e3o. Dobra Acr\u00edlico at\u00e9 6mm, al\u00e9m de outros pl\u00e1sticos como: Policarbonato, PETG, PS, PSAI, PVC, ABS, entre outros.   Especifica\u00e7\u00f5es: &nbsp;        Voltagem: 220V;  Pot\u00eancias: 1000w;\" \/>\n<meta property=\"og:url\" content=\"https:\/\/www.lojadacentral.com.br\/?product=dobradeira-semi-profissional-1200mm\" \/>\n<meta property=\"og:site_name\" content=\"Loja da Central\" \/>\n<meta property=\"article:modified_time\" content=\"2025-04-24T18:14:19+00:00\" \/>\n<meta property=\"og:image\" content=\"https:\/\/www.lojadacentral.com.br\/wp-content\/uploads\/2024\/03\/Foto17Dobradeira-Central-Do-Acrilico.jpg\" \/>\n\t<meta property=\"og:image:width\" content=\"1080\" \/>\n\t<meta property=\"og:image:height\" content=\"1349\" \/>\n\t<meta property=\"og:image:type\" content=\"image\/jpeg\" \/>\n<meta name=\"twitter:card\" content=\"summary_large_image\" \/>\n<meta name=\"twitter:label1\" content=\"Est. tempo de leitura\" \/>\n\t<meta name=\"twitter:data1\" content=\"1 minuto\" \/>\n<script type=\"application\/ld+json\" class=\"yoast-schema-graph\">{\"@context\":\"https:\\\/\\\/schema.org\",\"@graph\":[{\"@type\":\"WebPage\",\"@id\":\"https:\\\/\\\/www.lojadacentral.com.br\\\/?product=dobradeira-semi-profissional-1200mm\",\"url\":\"https:\\\/\\\/www.lojadacentral.com.br\\\/?product=dobradeira-semi-profissional-1200mm\",\"name\":\"Dobradeira Semi Profissional 1200mm - Loja da Central\",\"isPartOf\":{\"@id\":\"https:\\\/\\\/www.lojadacentral.com.br\\\/#website\"},\"primaryImageOfPage\":{\"@id\":\"https:\\\/\\\/www.lojadacentral.com.br\\\/?product=dobradeira-semi-profissional-1200mm#primaryimage\"},\"image\":{\"@id\":\"https:\\\/\\\/www.lojadacentral.com.br\\\/?product=dobradeira-semi-profissional-1200mm#primaryimage\"},\"thumbnailUrl\":\"https:\\\/\\\/www.lojadacentral.com.br\\\/wp-content\\\/uploads\\\/2024\\\/03\\\/Foto17Dobradeira-Central-Do-Acrilico.jpg\",\"datePublished\":\"2024-03-28T19:44:43+00:00\",\"dateModified\":\"2025-04-24T18:14:19+00:00\",\"breadcrumb\":{\"@id\":\"https:\\\/\\\/www.lojadacentral.com.br\\\/?product=dobradeira-semi-profissional-1200mm#breadcrumb\"},\"inLanguage\":\"pt-BR\",\"potentialAction\":[{\"@type\":\"ReadAction\",\"target\":[\"https:\\\/\\\/www.lojadacentral.com.br\\\/?product=dobradeira-semi-profissional-1200mm\"]}]},{\"@type\":\"ImageObject\",\"inLanguage\":\"pt-BR\",\"@id\":\"https:\\\/\\\/www.lojadacentral.com.br\\\/?product=dobradeira-semi-profissional-1200mm#primaryimage\",\"url\":\"https:\\\/\\\/www.lojadacentral.com.br\\\/wp-content\\\/uploads\\\/2024\\\/03\\\/Foto17Dobradeira-Central-Do-Acrilico.jpg\",\"contentUrl\":\"https:\\\/\\\/www.lojadacentral.com.br\\\/wp-content\\\/uploads\\\/2024\\\/03\\\/Foto17Dobradeira-Central-Do-Acrilico.jpg\",\"width\":1080,\"height\":1349},{\"@type\":\"BreadcrumbList\",\"@id\":\"https:\\\/\\\/www.lojadacentral.com.br\\\/?product=dobradeira-semi-profissional-1200mm#breadcrumb\",\"itemListElement\":[{\"@type\":\"ListItem\",\"position\":1,\"name\":\"In\u00edcio\",\"item\":\"https:\\\/\\\/www.lojadacentral.com.br\\\/\"},{\"@type\":\"ListItem\",\"position\":2,\"name\":\"Home\",\"item\":\"https:\\\/\\\/www.lojadacentral.com.br\\\/\"},{\"@type\":\"ListItem\",\"position\":3,\"name\":\"Dobradeira Semi Profissional 1200mm\"}]},{\"@type\":\"WebSite\",\"@id\":\"https:\\\/\\\/www.lojadacentral.com.br\\\/#website\",\"url\":\"https:\\\/\\\/www.lojadacentral.com.br\\\/\",\"name\":\"Loja da Central =)\",\"description\":\"Os materiais da Central Do Acr\u00edlico que voc\u00ea j\u00e1 conhece e confia agora dispon\u00edveis online na loja da Central. Compre e receba em sua casa!\",\"publisher\":{\"@id\":\"https:\\\/\\\/www.lojadacentral.com.br\\\/#organization\"},\"potentialAction\":[{\"@type\":\"SearchAction\",\"target\":{\"@type\":\"EntryPoint\",\"urlTemplate\":\"https:\\\/\\\/www.lojadacentral.com.br\\\/?s={search_term_string}\"},\"query-input\":{\"@type\":\"PropertyValueSpecification\",\"valueRequired\":true,\"valueName\":\"search_term_string\"}}],\"inLanguage\":\"pt-BR\"},{\"@type\":\"Organization\",\"@id\":\"https:\\\/\\\/www.lojadacentral.com.br\\\/#organization\",\"name\":\"Central Do Acr\u00edlico\",\"url\":\"https:\\\/\\\/www.lojadacentral.com.br\\\/\",\"logo\":{\"@type\":\"ImageObject\",\"inLanguage\":\"pt-BR\",\"@id\":\"https:\\\/\\\/www.lojadacentral.com.br\\\/#\\\/schema\\\/logo\\\/image\\\/\",\"url\":\"https:\\\/\\\/www.lojadacentral.com.br\\\/wp-content\\\/uploads\\\/2024\\\/02\\\/Logo-Central-PNG.png\",\"contentUrl\":\"https:\\\/\\\/www.lojadacentral.com.br\\\/wp-content\\\/uploads\\\/2024\\\/02\\\/Logo-Central-PNG.png\",\"width\":3891,\"height\":700,\"caption\":\"Central Do Acr\u00edlico\"},\"image\":{\"@id\":\"https:\\\/\\\/www.lojadacentral.com.br\\\/#\\\/schema\\\/logo\\\/image\\\/\"},\"sameAs\":[\"https:\\\/\\\/www.instagram.com\\\/centraldoacrilico\\\/\"]}]}<\/script>\n<!-- \/ Yoast SEO plugin. -->","yoast_head_json":{"title":"Dobradeira Semi Profissional 1200mm - Loja da Central","robots":{"index":"index","follow":"follow","max-snippet":"max-snippet:-1","max-image-preview":"max-image-preview:large","max-video-preview":"max-video-preview:-1"},"canonical":"https:\/\/www.lojadacentral.com.br\/?product=dobradeira-semi-profissional-1200mm","og_locale":"pt_BR","og_type":"article","og_title":"Dobradeira Semi Profissional 1200mm - Loja da Central","og_description":"Dobradeira de Acr\u00edlico com ajuste de \u00e2ngulo e r\u00e9guas regul\u00e1veis.  &nbsp;     1200mm de \u00e1rea de dobra.  &nbsp;   Conhe\u00e7a nossa Dobradeira Semi Profissional para dobrar Acr\u00edlico e outros pl\u00e1sticos, excelente para fazer diversas pe\u00e7as que necessitem de dobra, agilizando sua produ\u00e7\u00e3o dobrando mais pe\u00e7as ao mesmo tempo e com muito mais precis\u00e3o gra\u00e7as ao gabarito de \u00e2ngulo e as r\u00e9guas de largura x altura.  Com estrutura de alum\u00ednio, o que a torna muito mais dur\u00e1vel, a Dobradeira conta com um gabarito ajuste de \u00e2ngulo e r\u00e9guas regul\u00e1veis para que todas as suas dobras fiquem uniformes.  Al\u00e9m disso, o ajuste de temperatura de 07 (sete) n\u00edveis permite maior controle e precis\u00e3o. Dobra Acr\u00edlico at\u00e9 6mm, al\u00e9m de outros pl\u00e1sticos como: Policarbonato, PETG, PS, PSAI, PVC, ABS, entre outros.   Especifica\u00e7\u00f5es: &nbsp;        Voltagem: 220V;  Pot\u00eancias: 1000w;","og_url":"https:\/\/www.lojadacentral.com.br\/?product=dobradeira-semi-profissional-1200mm","og_site_name":"Loja da Central","article_modified_time":"2025-04-24T18:14:19+00:00","og_image":[{"width":1080,"height":1349,"url":"https:\/\/www.lojadacentral.com.br\/wp-content\/uploads\/2024\/03\/Foto17Dobradeira-Central-Do-Acrilico.jpg","type":"image\/jpeg"}],"twitter_card":"summary_large_image","twitter_misc":{"Est. tempo de leitura":"1 minuto"},"schema":{"@context":"https:\/\/schema.org","@graph":[{"@type":"WebPage","@id":"https:\/\/www.lojadacentral.com.br\/?product=dobradeira-semi-profissional-1200mm","url":"https:\/\/www.lojadacentral.com.br\/?product=dobradeira-semi-profissional-1200mm","name":"Dobradeira Semi Profissional 1200mm - Loja da Central","isPartOf":{"@id":"https:\/\/www.lojadacentral.com.br\/#website"},"primaryImageOfPage":{"@id":"https:\/\/www.lojadacentral.com.br\/?product=dobradeira-semi-profissional-1200mm#primaryimage"},"image":{"@id":"https:\/\/www.lojadacentral.com.br\/?product=dobradeira-semi-profissional-1200mm#primaryimage"},"thumbnailUrl":"https:\/\/www.lojadacentral.com.br\/wp-content\/uploads\/2024\/03\/Foto17Dobradeira-Central-Do-Acrilico.jpg","datePublished":"2024-03-28T19:44:43+00:00","dateModified":"2025-04-24T18:14:19+00:00","breadcrumb":{"@id":"https:\/\/www.lojadacentral.com.br\/?product=dobradeira-semi-profissional-1200mm#breadcrumb"},"inLanguage":"pt-BR","potentialAction":[{"@type":"ReadAction","target":["https:\/\/www.lojadacentral.com.br\/?product=dobradeira-semi-profissional-1200mm"]}]},{"@type":"ImageObject","inLanguage":"pt-BR","@id":"https:\/\/www.lojadacentral.com.br\/?product=dobradeira-semi-profissional-1200mm#primaryimage","url":"https:\/\/www.lojadacentral.com.br\/wp-content\/uploads\/2024\/03\/Foto17Dobradeira-Central-Do-Acrilico.jpg","contentUrl":"https:\/\/www.lojadacentral.com.br\/wp-content\/uploads\/2024\/03\/Foto17Dobradeira-Central-Do-Acrilico.jpg","width":1080,"height":1349},{"@type":"BreadcrumbList","@id":"https:\/\/www.lojadacentral.com.br\/?product=dobradeira-semi-profissional-1200mm#breadcrumb","itemListElement":[{"@type":"ListItem","position":1,"name":"In\u00edcio","item":"https:\/\/www.lojadacentral.com.br\/"},{"@type":"ListItem","position":2,"name":"Home","item":"https:\/\/www.lojadacentral.com.br\/"},{"@type":"ListItem","position":3,"name":"Dobradeira Semi Profissional 1200mm"}]},{"@type":"WebSite","@id":"https:\/\/www.lojadacentral.com.br\/#website","url":"https:\/\/www.lojadacentral.com.br\/","name":"Loja da Central =)","description":"Os materiais da Central Do Acr\u00edlico que voc\u00ea j\u00e1 conhece e confia agora dispon\u00edveis online na loja da Central. Compre e receba em sua casa!","publisher":{"@id":"https:\/\/www.lojadacentral.com.br\/#organization"},"potentialAction":[{"@type":"SearchAction","target":{"@type":"EntryPoint","urlTemplate":"https:\/\/www.lojadacentral.com.br\/?s={search_term_string}"},"query-input":{"@type":"PropertyValueSpecification","valueRequired":true,"valueName":"search_term_string"}}],"inLanguage":"pt-BR"},{"@type":"Organization","@id":"https:\/\/www.lojadacentral.com.br\/#organization","name":"Central Do Acr\u00edlico","url":"https:\/\/www.lojadacentral.com.br\/","logo":{"@type":"ImageObject","inLanguage":"pt-BR","@id":"https:\/\/www.lojadacentral.com.br\/#\/schema\/logo\/image\/","url":"https:\/\/www.lojadacentral.com.br\/wp-content\/uploads\/2024\/02\/Logo-Central-PNG.png","contentUrl":"https:\/\/www.lojadacentral.com.br\/wp-content\/uploads\/2024\/02\/Logo-Central-PNG.png","width":3891,"height":700,"caption":"Central Do Acr\u00edlico"},"image":{"@id":"https:\/\/www.lojadacentral.com.br\/#\/schema\/logo\/image\/"},"sameAs":["https:\/\/www.instagram.com\/centraldoacrilico\/"]}]}},"_links":{"self":[{"href":"https:\/\/www.lojadacentral.com.br\/index.php?rest_route=\/wp\/v2\/product\/1616","targetHints":{"allow":["GET"]}}],"collection":[{"href":"https:\/\/www.lojadacentral.com.br\/index.php?rest_route=\/wp\/v2\/product"}],"about":[{"href":"https:\/\/www.lojadacentral.com.br\/index.php?rest_route=\/wp\/v2\/types\/product"}],"wp:featuredmedia":[{"embeddable":true,"href":"https:\/\/www.lojadacentral.com.br\/index.php?rest_route=\/wp\/v2\/media\/1622"}],"wp:attachment":[{"href":"https:\/\/www.lojadacentral.com.br\/index.php?rest_route=%2Fwp%2Fv2%2Fmedia&parent=1616"}],"wp:term":[{"taxonomy":"product_brand","embeddable":true,"href":"https:\/\/www.lojadacentral.com.br\/index.php?rest_route=%2Fwp%2Fv2%2Fproduct_brand&post=1616"},{"taxonomy":"product_cat","embeddable":true,"href":"https:\/\/www.lojadacentral.com.br\/index.php?rest_route=%2Fwp%2Fv2%2Fproduct_cat&post=1616"},{"taxonomy":"product_tag","embeddable":true,"href":"https:\/\/www.lojadacentral.com.br\/index.php?rest_route=%2Fwp%2Fv2%2Fproduct_tag&post=1616"}],"curies":[{"name":"wp","href":"https:\/\/api.w.org\/{rel}","templated":true}]}}