{"id":1520,"date":"2024-03-28T10:57:54","date_gmt":"2024-03-28T13:57:54","guid":{"rendered":"https:\/\/loja.centraldoacrilico.com.br\/?post_type=product&#038;p=1520"},"modified":"2026-02-24T08:35:55","modified_gmt":"2026-02-24T11:35:55","slug":"mini-chapas","status":"publish","type":"product","link":"https:\/\/www.lojadacentral.com.br\/?product=mini-chapas","title":{"rendered":"Kit 05 mini Chapas Acr\u00edlico"},"content":{"rendered":"","protected":false},"excerpt":{"rendered":"<p>Nossos Acr\u00edlicos que voc\u00eas j\u00e1 conhecem e amam agora\u00a0em vers\u00e3o mini =)<\/p>\n<p>Com nossa extensa variedade de Acr\u00edlicos, sabemos que o desejo de todos \u00e9 ter uma Chapa de cada em seu cat\u00e1logo, para expandir as possibilidades na hora de executar seus projetos.<br \/>\nPor isso, pensando com muito carinho e atendendo \u00e0 muitos pedidos, criamos as mini Chapas.<br \/>\nNossas Chapas de Acr\u00edlico 100% puras com a qualidade e beleza que voc\u00ea j\u00e1 conhece, fracionadas em medidas menores para que voc\u00ea tenha muito mais cores \u00e0 disposi\u00e7\u00e3o da sua imagina\u00e7\u00e3o.<\/p>\n<p>As mini Chapas foram criadas para que voc\u00ea amente sua cole\u00e7\u00e3o e tenha todos os seus Acr\u00edlicos favoritos. Al\u00e9m disso, como o nome sugere, elas s\u00e3o pequenas para caberem em m\u00e1quinas de corte a laser menores.<\/p>\n<p>S\u00e3o +90 cores dispon\u00edveis \u00e0 pronta entrega!<\/p>\n<p>As mini Chapas s\u00e3o vendidas em kits e voc\u00ea pode montar o kit como quiser, escolhendo entre Chapas Cast Opacas e Transparentes, Espelhados, Purpurinas e Fantasia.<\/p>\n<p><strong><br \/>\nMEDIDAS:<\/strong><\/p>\n<p><strong>400x500mm<\/strong> : Acr\u00edlicos Cast Opacos, Transparentes, Espelhados e Fantasias;<\/p>\n<p><strong>350x570mm<\/strong> : Acr\u00edlicos Purpurina, LX e Tecido (TEC).<\/p>\n<p>Todas com espessura <strong>2mm<\/strong>.<\/p>\n<p>O valor do kit n\u00e3o muda, independentemente das mini Chapas escolhidas. Esperamos que tenham gostado e que aproveitem essa GRANDE (mini) novidade.<\/p>\n<p><strong>ATEN\u00c7\u00c3O:<\/strong><br \/>\nAs cores est\u00e3o apenas exemplificadas, podendo variar de acordo com as configura\u00e7\u00f5es de sua tela\/monitor.<br \/>\nH\u00e1 cores transparentes e leitosas\/opacas. Em caso de d\u00favidas, consulte um vendedor(a).<\/p>\n<p><strong>SELECIONE AS CORES ESCOLHIDAS NAS BARRAS DE SELE\u00c7\u00c3O ANTES DE ADICIONAR AO CARRINHO.<\/strong><\/p>\n<p>&nbsp;<\/p>\n[modula id=\"5464\"]\n","protected":false},"featured_media":3064,"template":"","meta":[],"product_brand":[],"product_cat":[79],"product_tag":[],"class_list":{"0":"post-1520","1":"product","2":"type-product","3":"status-publish","4":"has-post-thumbnail","6":"product_cat-minichapas","8":"first","9":"instock","10":"taxable","11":"shipping-taxable","12":"purchasable","13":"product-type-simple"},"yoast_head":"<!-- This site is optimized with the Yoast SEO plugin v27.5 - https:\/\/yoast.com\/product\/yoast-seo-wordpress\/ -->\n<title>Kit 05 mini Chapas Acr\u00edlico - Loja da Central<\/title>\n<meta name=\"robots\" content=\"index, follow, max-snippet:-1, max-image-preview:large, max-video-preview:-1\" \/>\n<link rel=\"canonical\" href=\"https:\/\/www.lojadacentral.com.br\/?product=mini-chapas\" \/>\n<meta property=\"og:locale\" content=\"pt_BR\" \/>\n<meta property=\"og:type\" content=\"article\" \/>\n<meta property=\"og:title\" content=\"Kit 05 mini Chapas Acr\u00edlico - Loja da Central\" \/>\n<meta property=\"og:description\" content=\"Nossos Acr\u00edlicos que voc\u00eas j\u00e1 conhecem e amam agora\u00a0em vers\u00e3o mini =)  Com nossa extensa variedade de Acr\u00edlicos, sabemos que o desejo de todos \u00e9 ter uma Chapa de cada em seu cat\u00e1logo, para expandir as possibilidades na hora de executar seus projetos. Por isso, pensando com muito carinho e atendendo \u00e0 muitos pedidos, criamos as mini Chapas. Nossas Chapas de Acr\u00edlico 100% puras com a qualidade e beleza que voc\u00ea j\u00e1 conhece, fracionadas em medidas menores para que voc\u00ea tenha muito mais cores \u00e0 disposi\u00e7\u00e3o da sua imagina\u00e7\u00e3o.  As mini Chapas foram criadas para que voc\u00ea amente sua cole\u00e7\u00e3o e tenha todos os seus Acr\u00edlicos favoritos. Al\u00e9m disso, como o nome sugere, elas s\u00e3o pequenas para caberem em m\u00e1quinas de corte a laser menores.  S\u00e3o +90 cores dispon\u00edveis \u00e0 pronta entrega!  As mini Chapas s\u00e3o vendidas em kits e voc\u00ea pode montar o kit como quiser, escolhendo entre Chapas Cast Opacas e Transparentes, Espelhados, Purpurinas e Fantasia.   MEDIDAS:  400x500mm : Acr\u00edlicos Cast Opacos, Transparentes, Espelhados e Fantasias;  350x570mm : Acr\u00edlicos Purpurina, LX e Tecido (TEC).  Todas com espessura 2mm.  O valor do kit n\u00e3o muda, independentemente das mini Chapas escolhidas. Esperamos que tenham gostado e que aproveitem essa GRANDE (mini) novidade.  ATEN\u00c7\u00c3O: As cores est\u00e3o apenas exemplificadas, podendo variar de acordo com as configura\u00e7\u00f5es de sua tela\/monitor. H\u00e1 cores transparentes e leitosas\/opacas. Em caso de d\u00favidas, consulte um vendedor(a).  SELECIONE AS CORES ESCOLHIDAS NAS BARRAS DE SELE\u00c7\u00c3O ANTES DE ADICIONAR AO CARRINHO.  &nbsp;\" \/>\n<meta property=\"og:url\" content=\"https:\/\/www.lojadacentral.com.br\/?product=mini-chapas\" \/>\n<meta property=\"og:site_name\" content=\"Loja da Central\" \/>\n<meta property=\"article:modified_time\" content=\"2026-02-24T11:35:55+00:00\" \/>\n<meta property=\"og:image\" content=\"https:\/\/www.lojadacentral.com.br\/wp-content\/uploads\/2024\/08\/MiniChapa07-Central-do-Acrilico.png\" \/>\n\t<meta property=\"og:image:width\" content=\"1080\" \/>\n\t<meta property=\"og:image:height\" content=\"1349\" \/>\n\t<meta property=\"og:image:type\" content=\"image\/png\" \/>\n<meta name=\"twitter:card\" content=\"summary_large_image\" \/>\n<meta name=\"twitter:label1\" content=\"Est. tempo de leitura\" \/>\n\t<meta name=\"twitter:data1\" content=\"1 minuto\" \/>\n<script type=\"application\/ld+json\" class=\"yoast-schema-graph\">{\"@context\":\"https:\\\/\\\/schema.org\",\"@graph\":[{\"@type\":\"WebPage\",\"@id\":\"https:\\\/\\\/www.lojadacentral.com.br\\\/?product=mini-chapas\",\"url\":\"https:\\\/\\\/www.lojadacentral.com.br\\\/?product=mini-chapas\",\"name\":\"Kit 05 mini Chapas Acr\u00edlico - Loja da Central\",\"isPartOf\":{\"@id\":\"https:\\\/\\\/www.lojadacentral.com.br\\\/#website\"},\"primaryImageOfPage\":{\"@id\":\"https:\\\/\\\/www.lojadacentral.com.br\\\/?product=mini-chapas#primaryimage\"},\"image\":{\"@id\":\"https:\\\/\\\/www.lojadacentral.com.br\\\/?product=mini-chapas#primaryimage\"},\"thumbnailUrl\":\"https:\\\/\\\/www.lojadacentral.com.br\\\/wp-content\\\/uploads\\\/2024\\\/08\\\/MiniChapa07-Central-do-Acrilico.png\",\"datePublished\":\"2024-03-28T13:57:54+00:00\",\"dateModified\":\"2026-02-24T11:35:55+00:00\",\"breadcrumb\":{\"@id\":\"https:\\\/\\\/www.lojadacentral.com.br\\\/?product=mini-chapas#breadcrumb\"},\"inLanguage\":\"pt-BR\",\"potentialAction\":[{\"@type\":\"ReadAction\",\"target\":[\"https:\\\/\\\/www.lojadacentral.com.br\\\/?product=mini-chapas\"]}]},{\"@type\":\"ImageObject\",\"inLanguage\":\"pt-BR\",\"@id\":\"https:\\\/\\\/www.lojadacentral.com.br\\\/?product=mini-chapas#primaryimage\",\"url\":\"https:\\\/\\\/www.lojadacentral.com.br\\\/wp-content\\\/uploads\\\/2024\\\/08\\\/MiniChapa07-Central-do-Acrilico.png\",\"contentUrl\":\"https:\\\/\\\/www.lojadacentral.com.br\\\/wp-content\\\/uploads\\\/2024\\\/08\\\/MiniChapa07-Central-do-Acrilico.png\",\"width\":1080,\"height\":1349},{\"@type\":\"BreadcrumbList\",\"@id\":\"https:\\\/\\\/www.lojadacentral.com.br\\\/?product=mini-chapas#breadcrumb\",\"itemListElement\":[{\"@type\":\"ListItem\",\"position\":1,\"name\":\"In\u00edcio\",\"item\":\"https:\\\/\\\/www.lojadacentral.com.br\\\/\"},{\"@type\":\"ListItem\",\"position\":2,\"name\":\"Home\",\"item\":\"https:\\\/\\\/www.lojadacentral.com.br\\\/\"},{\"@type\":\"ListItem\",\"position\":3,\"name\":\"Kit 05 mini Chapas Acr\u00edlico\"}]},{\"@type\":\"WebSite\",\"@id\":\"https:\\\/\\\/www.lojadacentral.com.br\\\/#website\",\"url\":\"https:\\\/\\\/www.lojadacentral.com.br\\\/\",\"name\":\"Loja da Central =)\",\"description\":\"Os materiais da Central Do Acr\u00edlico que voc\u00ea j\u00e1 conhece e confia agora dispon\u00edveis online na loja da Central. Compre e receba em sua casa!\",\"publisher\":{\"@id\":\"https:\\\/\\\/www.lojadacentral.com.br\\\/#organization\"},\"potentialAction\":[{\"@type\":\"SearchAction\",\"target\":{\"@type\":\"EntryPoint\",\"urlTemplate\":\"https:\\\/\\\/www.lojadacentral.com.br\\\/?s={search_term_string}\"},\"query-input\":{\"@type\":\"PropertyValueSpecification\",\"valueRequired\":true,\"valueName\":\"search_term_string\"}}],\"inLanguage\":\"pt-BR\"},{\"@type\":\"Organization\",\"@id\":\"https:\\\/\\\/www.lojadacentral.com.br\\\/#organization\",\"name\":\"Central Do Acr\u00edlico\",\"url\":\"https:\\\/\\\/www.lojadacentral.com.br\\\/\",\"logo\":{\"@type\":\"ImageObject\",\"inLanguage\":\"pt-BR\",\"@id\":\"https:\\\/\\\/www.lojadacentral.com.br\\\/#\\\/schema\\\/logo\\\/image\\\/\",\"url\":\"https:\\\/\\\/www.lojadacentral.com.br\\\/wp-content\\\/uploads\\\/2024\\\/02\\\/Logo-Central-PNG.png\",\"contentUrl\":\"https:\\\/\\\/www.lojadacentral.com.br\\\/wp-content\\\/uploads\\\/2024\\\/02\\\/Logo-Central-PNG.png\",\"width\":3891,\"height\":700,\"caption\":\"Central Do Acr\u00edlico\"},\"image\":{\"@id\":\"https:\\\/\\\/www.lojadacentral.com.br\\\/#\\\/schema\\\/logo\\\/image\\\/\"},\"sameAs\":[\"https:\\\/\\\/www.instagram.com\\\/centraldoacrilico\\\/\"]}]}<\/script>\n<!-- \/ Yoast SEO plugin. -->","yoast_head_json":{"title":"Kit 05 mini Chapas Acr\u00edlico - Loja da Central","robots":{"index":"index","follow":"follow","max-snippet":"max-snippet:-1","max-image-preview":"max-image-preview:large","max-video-preview":"max-video-preview:-1"},"canonical":"https:\/\/www.lojadacentral.com.br\/?product=mini-chapas","og_locale":"pt_BR","og_type":"article","og_title":"Kit 05 mini Chapas Acr\u00edlico - Loja da Central","og_description":"Nossos Acr\u00edlicos que voc\u00eas j\u00e1 conhecem e amam agora\u00a0em vers\u00e3o mini =)  Com nossa extensa variedade de Acr\u00edlicos, sabemos que o desejo de todos \u00e9 ter uma Chapa de cada em seu cat\u00e1logo, para expandir as possibilidades na hora de executar seus projetos. Por isso, pensando com muito carinho e atendendo \u00e0 muitos pedidos, criamos as mini Chapas. Nossas Chapas de Acr\u00edlico 100% puras com a qualidade e beleza que voc\u00ea j\u00e1 conhece, fracionadas em medidas menores para que voc\u00ea tenha muito mais cores \u00e0 disposi\u00e7\u00e3o da sua imagina\u00e7\u00e3o.  As mini Chapas foram criadas para que voc\u00ea amente sua cole\u00e7\u00e3o e tenha todos os seus Acr\u00edlicos favoritos. Al\u00e9m disso, como o nome sugere, elas s\u00e3o pequenas para caberem em m\u00e1quinas de corte a laser menores.  S\u00e3o +90 cores dispon\u00edveis \u00e0 pronta entrega!  As mini Chapas s\u00e3o vendidas em kits e voc\u00ea pode montar o kit como quiser, escolhendo entre Chapas Cast Opacas e Transparentes, Espelhados, Purpurinas e Fantasia.   MEDIDAS:  400x500mm : Acr\u00edlicos Cast Opacos, Transparentes, Espelhados e Fantasias;  350x570mm : Acr\u00edlicos Purpurina, LX e Tecido (TEC).  Todas com espessura 2mm.  O valor do kit n\u00e3o muda, independentemente das mini Chapas escolhidas. Esperamos que tenham gostado e que aproveitem essa GRANDE (mini) novidade.  ATEN\u00c7\u00c3O: As cores est\u00e3o apenas exemplificadas, podendo variar de acordo com as configura\u00e7\u00f5es de sua tela\/monitor. H\u00e1 cores transparentes e leitosas\/opacas. Em caso de d\u00favidas, consulte um vendedor(a).  SELECIONE AS CORES ESCOLHIDAS NAS BARRAS DE SELE\u00c7\u00c3O ANTES DE ADICIONAR AO CARRINHO.  &nbsp;","og_url":"https:\/\/www.lojadacentral.com.br\/?product=mini-chapas","og_site_name":"Loja da Central","article_modified_time":"2026-02-24T11:35:55+00:00","og_image":[{"width":1080,"height":1349,"url":"https:\/\/www.lojadacentral.com.br\/wp-content\/uploads\/2024\/08\/MiniChapa07-Central-do-Acrilico.png","type":"image\/png"}],"twitter_card":"summary_large_image","twitter_misc":{"Est. tempo de leitura":"1 minuto"},"schema":{"@context":"https:\/\/schema.org","@graph":[{"@type":"WebPage","@id":"https:\/\/www.lojadacentral.com.br\/?product=mini-chapas","url":"https:\/\/www.lojadacentral.com.br\/?product=mini-chapas","name":"Kit 05 mini Chapas Acr\u00edlico - Loja da Central","isPartOf":{"@id":"https:\/\/www.lojadacentral.com.br\/#website"},"primaryImageOfPage":{"@id":"https:\/\/www.lojadacentral.com.br\/?product=mini-chapas#primaryimage"},"image":{"@id":"https:\/\/www.lojadacentral.com.br\/?product=mini-chapas#primaryimage"},"thumbnailUrl":"https:\/\/www.lojadacentral.com.br\/wp-content\/uploads\/2024\/08\/MiniChapa07-Central-do-Acrilico.png","datePublished":"2024-03-28T13:57:54+00:00","dateModified":"2026-02-24T11:35:55+00:00","breadcrumb":{"@id":"https:\/\/www.lojadacentral.com.br\/?product=mini-chapas#breadcrumb"},"inLanguage":"pt-BR","potentialAction":[{"@type":"ReadAction","target":["https:\/\/www.lojadacentral.com.br\/?product=mini-chapas"]}]},{"@type":"ImageObject","inLanguage":"pt-BR","@id":"https:\/\/www.lojadacentral.com.br\/?product=mini-chapas#primaryimage","url":"https:\/\/www.lojadacentral.com.br\/wp-content\/uploads\/2024\/08\/MiniChapa07-Central-do-Acrilico.png","contentUrl":"https:\/\/www.lojadacentral.com.br\/wp-content\/uploads\/2024\/08\/MiniChapa07-Central-do-Acrilico.png","width":1080,"height":1349},{"@type":"BreadcrumbList","@id":"https:\/\/www.lojadacentral.com.br\/?product=mini-chapas#breadcrumb","itemListElement":[{"@type":"ListItem","position":1,"name":"In\u00edcio","item":"https:\/\/www.lojadacentral.com.br\/"},{"@type":"ListItem","position":2,"name":"Home","item":"https:\/\/www.lojadacentral.com.br\/"},{"@type":"ListItem","position":3,"name":"Kit 05 mini Chapas Acr\u00edlico"}]},{"@type":"WebSite","@id":"https:\/\/www.lojadacentral.com.br\/#website","url":"https:\/\/www.lojadacentral.com.br\/","name":"Loja da Central =)","description":"Os materiais da Central Do Acr\u00edlico que voc\u00ea j\u00e1 conhece e confia agora dispon\u00edveis online na loja da Central. Compre e receba em sua casa!","publisher":{"@id":"https:\/\/www.lojadacentral.com.br\/#organization"},"potentialAction":[{"@type":"SearchAction","target":{"@type":"EntryPoint","urlTemplate":"https:\/\/www.lojadacentral.com.br\/?s={search_term_string}"},"query-input":{"@type":"PropertyValueSpecification","valueRequired":true,"valueName":"search_term_string"}}],"inLanguage":"pt-BR"},{"@type":"Organization","@id":"https:\/\/www.lojadacentral.com.br\/#organization","name":"Central Do Acr\u00edlico","url":"https:\/\/www.lojadacentral.com.br\/","logo":{"@type":"ImageObject","inLanguage":"pt-BR","@id":"https:\/\/www.lojadacentral.com.br\/#\/schema\/logo\/image\/","url":"https:\/\/www.lojadacentral.com.br\/wp-content\/uploads\/2024\/02\/Logo-Central-PNG.png","contentUrl":"https:\/\/www.lojadacentral.com.br\/wp-content\/uploads\/2024\/02\/Logo-Central-PNG.png","width":3891,"height":700,"caption":"Central Do Acr\u00edlico"},"image":{"@id":"https:\/\/www.lojadacentral.com.br\/#\/schema\/logo\/image\/"},"sameAs":["https:\/\/www.instagram.com\/centraldoacrilico\/"]}]}},"_links":{"self":[{"href":"https:\/\/www.lojadacentral.com.br\/index.php?rest_route=\/wp\/v2\/product\/1520","targetHints":{"allow":["GET"]}}],"collection":[{"href":"https:\/\/www.lojadacentral.com.br\/index.php?rest_route=\/wp\/v2\/product"}],"about":[{"href":"https:\/\/www.lojadacentral.com.br\/index.php?rest_route=\/wp\/v2\/types\/product"}],"wp:featuredmedia":[{"embeddable":true,"href":"https:\/\/www.lojadacentral.com.br\/index.php?rest_route=\/wp\/v2\/media\/3064"}],"wp:attachment":[{"href":"https:\/\/www.lojadacentral.com.br\/index.php?rest_route=%2Fwp%2Fv2%2Fmedia&parent=1520"}],"wp:term":[{"taxonomy":"product_brand","embeddable":true,"href":"https:\/\/www.lojadacentral.com.br\/index.php?rest_route=%2Fwp%2Fv2%2Fproduct_brand&post=1520"},{"taxonomy":"product_cat","embeddable":true,"href":"https:\/\/www.lojadacentral.com.br\/index.php?rest_route=%2Fwp%2Fv2%2Fproduct_cat&post=1520"},{"taxonomy":"product_tag","embeddable":true,"href":"https:\/\/www.lojadacentral.com.br\/index.php?rest_route=%2Fwp%2Fv2%2Fproduct_tag&post=1520"}],"curies":[{"name":"wp","href":"https:\/\/api.w.org\/{rel}","templated":true}]}}