{"id":10305,"date":"2025-09-03T12:00:28","date_gmt":"2025-09-03T15:00:28","guid":{"rendered":"https:\/\/www.lojadacentral.com.br\/?post_type=product&#038;p=10305"},"modified":"2025-11-29T03:02:23","modified_gmt":"2025-11-29T06:02:23","slug":"base-led-madeira-luz-quente","status":"publish","type":"product","link":"https:\/\/www.lojadacentral.com.br\/?product=base-led-madeira-luz-quente","title":{"rendered":"Base LED Madeira Luz Quente"},"content":{"rendered":"","protected":false},"excerpt":{"rendered":"<div class=\"elementor-element elementor-element-97c8905 elementor-widget elementor-widget-heading\" data-id=\"97c8905\" data-element_type=\"widget\" data-widget_type=\"heading.default\">\n<div class=\"elementor-widget-container\">\n<div class=\"elementor-element elementor-element-574aa3a elementor-widget elementor-widget-text-editor\" data-id=\"574aa3a\" data-element_type=\"widget\" data-widget_type=\"text-editor.default\">\n<div class=\"elementor-widget-container\">\n<p><strong>Base LED Retangular de madeira para lumin\u00e1ria de Acr\u00edlico<\/strong>.<\/p>\n<\/div>\n<\/div>\n<p>A Base Led \u00e9 utilizada para lumin\u00e1rias, placas, displays, objetos decorativos em Acr\u00edlico, iluminando o Acr\u00edlico e destacando seu trabalho. Com a versatilidade do Acr\u00edlico, as possibilidades de cria\u00e7\u00e3o s\u00e3o infinitas, e a ilumina\u00e7\u00e3o da nossa Base LED deixa sua pe\u00e7a ainda mais sofisticada e moderna.<\/p>\n<ul>\n<li>Acompanha cabo micro-usb (J\u00e1 acoplado);<\/li>\n<li>Modelo de luz quente (Luz amarela, o led n\u00e3o muda de cor);<\/li>\n<li>N\u00e3o possui compartimento para pilhas ou baterias.<\/li>\n<\/ul>\n<p>&nbsp;<\/p>\n<p class=\"elementor-heading-title elementor-size-default\"><strong>Medidas da Base Retangular de madeira<\/strong>:<\/p>\n<\/div>\n<\/div>\n<div class=\"elementor-element elementor-element-574aa3a elementor-widget elementor-widget-text-editor\" data-id=\"574aa3a\" data-element_type=\"widget\" data-widget_type=\"text-editor.default\">\n<div class=\"elementor-widget-container\">\n<ul>\n<li>150mm largura;<\/li>\n<li>30mm de altura;<\/li>\n<li>45mm profundidade.<\/li>\n<\/ul>\n<\/div>\n<p><strong><br \/>\nAten\u00e7\u00e3o<\/strong>:<br \/>\nPara encaixe correto, o <strong>Acr\u00edlico utilizado deve ser de 3mm<\/strong>.<\/p>\n<\/div>\n","protected":false},"featured_media":10320,"template":"","meta":[],"product_brand":[],"product_cat":[44,190],"product_tag":[],"class_list":{"0":"post-10305","1":"product","2":"type-product","3":"status-publish","4":"has-post-thumbnail","6":"product_cat-acessorios","7":"product_cat-bases-led","9":"first","10":"instock","11":"taxable","12":"shipping-taxable","13":"purchasable","14":"product-type-simple"},"yoast_head":"<!-- This site is optimized with the Yoast SEO plugin v27.4 - https:\/\/yoast.com\/product\/yoast-seo-wordpress\/ -->\n<title>Base LED Madeira Luz Quente - Loja da Central<\/title>\n<meta name=\"robots\" content=\"index, follow, max-snippet:-1, max-image-preview:large, max-video-preview:-1\" \/>\n<link rel=\"canonical\" href=\"https:\/\/www.lojadacentral.com.br\/?product=base-led-madeira-luz-quente\" \/>\n<meta property=\"og:locale\" content=\"pt_BR\" \/>\n<meta property=\"og:type\" content=\"article\" \/>\n<meta property=\"og:title\" content=\"Base LED Madeira Luz Quente - Loja da Central\" \/>\n<meta property=\"og:description\" content=\"Base LED Retangular de madeira para lumin\u00e1ria de Acr\u00edlico.    A Base Led \u00e9 utilizada para lumin\u00e1rias, placas, displays, objetos decorativos em Acr\u00edlico, iluminando o Acr\u00edlico e destacando seu trabalho. Com a versatilidade do Acr\u00edlico, as possibilidades de cria\u00e7\u00e3o s\u00e3o infinitas, e a ilumina\u00e7\u00e3o da nossa Base LED deixa sua pe\u00e7a ainda mais sofisticada e moderna.   Acompanha cabo micro-usb (J\u00e1 acoplado);  Modelo de luz quente (Luz amarela, o led n\u00e3o muda de cor);  N\u00e3o possui compartimento para pilhas ou baterias.  &nbsp; Medidas da Base Retangular de madeira:        150mm largura;  30mm de altura;  45mm profundidade.    Aten\u00e7\u00e3o: Para encaixe correto, o Acr\u00edlico utilizado deve ser de 3mm.\" \/>\n<meta property=\"og:url\" content=\"https:\/\/www.lojadacentral.com.br\/?product=base-led-madeira-luz-quente\" \/>\n<meta property=\"og:site_name\" content=\"Loja da Central\" \/>\n<meta property=\"article:modified_time\" content=\"2025-11-29T06:02:23+00:00\" \/>\n<meta property=\"og:image\" content=\"https:\/\/www.lojadacentral.com.br\/wp-content\/uploads\/2025\/09\/Base-LED-madeira-1.jpg\" \/>\n\t<meta property=\"og:image:width\" content=\"1080\" \/>\n\t<meta property=\"og:image:height\" content=\"1349\" \/>\n\t<meta property=\"og:image:type\" content=\"image\/jpeg\" \/>\n<meta name=\"twitter:card\" content=\"summary_large_image\" \/>\n<meta name=\"twitter:label1\" content=\"Est. tempo de leitura\" \/>\n\t<meta name=\"twitter:data1\" content=\"1 minuto\" \/>\n<script type=\"application\/ld+json\" class=\"yoast-schema-graph\">{\"@context\":\"https:\\\/\\\/schema.org\",\"@graph\":[{\"@type\":\"WebPage\",\"@id\":\"https:\\\/\\\/www.lojadacentral.com.br\\\/?product=base-led-madeira-luz-quente\",\"url\":\"https:\\\/\\\/www.lojadacentral.com.br\\\/?product=base-led-madeira-luz-quente\",\"name\":\"Base LED Madeira Luz Quente - Loja da Central\",\"isPartOf\":{\"@id\":\"https:\\\/\\\/www.lojadacentral.com.br\\\/#website\"},\"primaryImageOfPage\":{\"@id\":\"https:\\\/\\\/www.lojadacentral.com.br\\\/?product=base-led-madeira-luz-quente#primaryimage\"},\"image\":{\"@id\":\"https:\\\/\\\/www.lojadacentral.com.br\\\/?product=base-led-madeira-luz-quente#primaryimage\"},\"thumbnailUrl\":\"https:\\\/\\\/www.lojadacentral.com.br\\\/wp-content\\\/uploads\\\/2025\\\/09\\\/Base-LED-madeira-1.jpg\",\"datePublished\":\"2025-09-03T15:00:28+00:00\",\"dateModified\":\"2025-11-29T06:02:23+00:00\",\"breadcrumb\":{\"@id\":\"https:\\\/\\\/www.lojadacentral.com.br\\\/?product=base-led-madeira-luz-quente#breadcrumb\"},\"inLanguage\":\"pt-BR\",\"potentialAction\":[{\"@type\":\"ReadAction\",\"target\":[\"https:\\\/\\\/www.lojadacentral.com.br\\\/?product=base-led-madeira-luz-quente\"]}]},{\"@type\":\"ImageObject\",\"inLanguage\":\"pt-BR\",\"@id\":\"https:\\\/\\\/www.lojadacentral.com.br\\\/?product=base-led-madeira-luz-quente#primaryimage\",\"url\":\"https:\\\/\\\/www.lojadacentral.com.br\\\/wp-content\\\/uploads\\\/2025\\\/09\\\/Base-LED-madeira-1.jpg\",\"contentUrl\":\"https:\\\/\\\/www.lojadacentral.com.br\\\/wp-content\\\/uploads\\\/2025\\\/09\\\/Base-LED-madeira-1.jpg\",\"width\":1080,\"height\":1349},{\"@type\":\"BreadcrumbList\",\"@id\":\"https:\\\/\\\/www.lojadacentral.com.br\\\/?product=base-led-madeira-luz-quente#breadcrumb\",\"itemListElement\":[{\"@type\":\"ListItem\",\"position\":1,\"name\":\"In\u00edcio\",\"item\":\"https:\\\/\\\/www.lojadacentral.com.br\\\/\"},{\"@type\":\"ListItem\",\"position\":2,\"name\":\"Home\",\"item\":\"https:\\\/\\\/www.lojadacentral.com.br\\\/\"},{\"@type\":\"ListItem\",\"position\":3,\"name\":\"Base LED Madeira Luz Quente\"}]},{\"@type\":\"WebSite\",\"@id\":\"https:\\\/\\\/www.lojadacentral.com.br\\\/#website\",\"url\":\"https:\\\/\\\/www.lojadacentral.com.br\\\/\",\"name\":\"Loja da Central =)\",\"description\":\"Os materiais da Central Do Acr\u00edlico que voc\u00ea j\u00e1 conhece e confia agora dispon\u00edveis online na loja da Central. Compre e receba em sua casa!\",\"publisher\":{\"@id\":\"https:\\\/\\\/www.lojadacentral.com.br\\\/#organization\"},\"potentialAction\":[{\"@type\":\"SearchAction\",\"target\":{\"@type\":\"EntryPoint\",\"urlTemplate\":\"https:\\\/\\\/www.lojadacentral.com.br\\\/?s={search_term_string}\"},\"query-input\":{\"@type\":\"PropertyValueSpecification\",\"valueRequired\":true,\"valueName\":\"search_term_string\"}}],\"inLanguage\":\"pt-BR\"},{\"@type\":\"Organization\",\"@id\":\"https:\\\/\\\/www.lojadacentral.com.br\\\/#organization\",\"name\":\"Central Do Acr\u00edlico\",\"url\":\"https:\\\/\\\/www.lojadacentral.com.br\\\/\",\"logo\":{\"@type\":\"ImageObject\",\"inLanguage\":\"pt-BR\",\"@id\":\"https:\\\/\\\/www.lojadacentral.com.br\\\/#\\\/schema\\\/logo\\\/image\\\/\",\"url\":\"https:\\\/\\\/www.lojadacentral.com.br\\\/wp-content\\\/uploads\\\/2024\\\/02\\\/Logo-Central-PNG.png\",\"contentUrl\":\"https:\\\/\\\/www.lojadacentral.com.br\\\/wp-content\\\/uploads\\\/2024\\\/02\\\/Logo-Central-PNG.png\",\"width\":3891,\"height\":700,\"caption\":\"Central Do Acr\u00edlico\"},\"image\":{\"@id\":\"https:\\\/\\\/www.lojadacentral.com.br\\\/#\\\/schema\\\/logo\\\/image\\\/\"},\"sameAs\":[\"https:\\\/\\\/www.instagram.com\\\/centraldoacrilico\\\/\"]}]}<\/script>\n<!-- \/ Yoast SEO plugin. -->","yoast_head_json":{"title":"Base LED Madeira Luz Quente - Loja da Central","robots":{"index":"index","follow":"follow","max-snippet":"max-snippet:-1","max-image-preview":"max-image-preview:large","max-video-preview":"max-video-preview:-1"},"canonical":"https:\/\/www.lojadacentral.com.br\/?product=base-led-madeira-luz-quente","og_locale":"pt_BR","og_type":"article","og_title":"Base LED Madeira Luz Quente - Loja da Central","og_description":"Base LED Retangular de madeira para lumin\u00e1ria de Acr\u00edlico.    A Base Led \u00e9 utilizada para lumin\u00e1rias, placas, displays, objetos decorativos em Acr\u00edlico, iluminando o Acr\u00edlico e destacando seu trabalho. Com a versatilidade do Acr\u00edlico, as possibilidades de cria\u00e7\u00e3o s\u00e3o infinitas, e a ilumina\u00e7\u00e3o da nossa Base LED deixa sua pe\u00e7a ainda mais sofisticada e moderna.   Acompanha cabo micro-usb (J\u00e1 acoplado);  Modelo de luz quente (Luz amarela, o led n\u00e3o muda de cor);  N\u00e3o possui compartimento para pilhas ou baterias.  &nbsp; Medidas da Base Retangular de madeira:        150mm largura;  30mm de altura;  45mm profundidade.    Aten\u00e7\u00e3o: Para encaixe correto, o Acr\u00edlico utilizado deve ser de 3mm.","og_url":"https:\/\/www.lojadacentral.com.br\/?product=base-led-madeira-luz-quente","og_site_name":"Loja da Central","article_modified_time":"2025-11-29T06:02:23+00:00","og_image":[{"width":1080,"height":1349,"url":"https:\/\/www.lojadacentral.com.br\/wp-content\/uploads\/2025\/09\/Base-LED-madeira-1.jpg","type":"image\/jpeg"}],"twitter_card":"summary_large_image","twitter_misc":{"Est. tempo de leitura":"1 minuto"},"schema":{"@context":"https:\/\/schema.org","@graph":[{"@type":"WebPage","@id":"https:\/\/www.lojadacentral.com.br\/?product=base-led-madeira-luz-quente","url":"https:\/\/www.lojadacentral.com.br\/?product=base-led-madeira-luz-quente","name":"Base LED Madeira Luz Quente - Loja da Central","isPartOf":{"@id":"https:\/\/www.lojadacentral.com.br\/#website"},"primaryImageOfPage":{"@id":"https:\/\/www.lojadacentral.com.br\/?product=base-led-madeira-luz-quente#primaryimage"},"image":{"@id":"https:\/\/www.lojadacentral.com.br\/?product=base-led-madeira-luz-quente#primaryimage"},"thumbnailUrl":"https:\/\/www.lojadacentral.com.br\/wp-content\/uploads\/2025\/09\/Base-LED-madeira-1.jpg","datePublished":"2025-09-03T15:00:28+00:00","dateModified":"2025-11-29T06:02:23+00:00","breadcrumb":{"@id":"https:\/\/www.lojadacentral.com.br\/?product=base-led-madeira-luz-quente#breadcrumb"},"inLanguage":"pt-BR","potentialAction":[{"@type":"ReadAction","target":["https:\/\/www.lojadacentral.com.br\/?product=base-led-madeira-luz-quente"]}]},{"@type":"ImageObject","inLanguage":"pt-BR","@id":"https:\/\/www.lojadacentral.com.br\/?product=base-led-madeira-luz-quente#primaryimage","url":"https:\/\/www.lojadacentral.com.br\/wp-content\/uploads\/2025\/09\/Base-LED-madeira-1.jpg","contentUrl":"https:\/\/www.lojadacentral.com.br\/wp-content\/uploads\/2025\/09\/Base-LED-madeira-1.jpg","width":1080,"height":1349},{"@type":"BreadcrumbList","@id":"https:\/\/www.lojadacentral.com.br\/?product=base-led-madeira-luz-quente#breadcrumb","itemListElement":[{"@type":"ListItem","position":1,"name":"In\u00edcio","item":"https:\/\/www.lojadacentral.com.br\/"},{"@type":"ListItem","position":2,"name":"Home","item":"https:\/\/www.lojadacentral.com.br\/"},{"@type":"ListItem","position":3,"name":"Base LED Madeira Luz Quente"}]},{"@type":"WebSite","@id":"https:\/\/www.lojadacentral.com.br\/#website","url":"https:\/\/www.lojadacentral.com.br\/","name":"Loja da Central =)","description":"Os materiais da Central Do Acr\u00edlico que voc\u00ea j\u00e1 conhece e confia agora dispon\u00edveis online na loja da Central. Compre e receba em sua casa!","publisher":{"@id":"https:\/\/www.lojadacentral.com.br\/#organization"},"potentialAction":[{"@type":"SearchAction","target":{"@type":"EntryPoint","urlTemplate":"https:\/\/www.lojadacentral.com.br\/?s={search_term_string}"},"query-input":{"@type":"PropertyValueSpecification","valueRequired":true,"valueName":"search_term_string"}}],"inLanguage":"pt-BR"},{"@type":"Organization","@id":"https:\/\/www.lojadacentral.com.br\/#organization","name":"Central Do Acr\u00edlico","url":"https:\/\/www.lojadacentral.com.br\/","logo":{"@type":"ImageObject","inLanguage":"pt-BR","@id":"https:\/\/www.lojadacentral.com.br\/#\/schema\/logo\/image\/","url":"https:\/\/www.lojadacentral.com.br\/wp-content\/uploads\/2024\/02\/Logo-Central-PNG.png","contentUrl":"https:\/\/www.lojadacentral.com.br\/wp-content\/uploads\/2024\/02\/Logo-Central-PNG.png","width":3891,"height":700,"caption":"Central Do Acr\u00edlico"},"image":{"@id":"https:\/\/www.lojadacentral.com.br\/#\/schema\/logo\/image\/"},"sameAs":["https:\/\/www.instagram.com\/centraldoacrilico\/"]}]}},"_links":{"self":[{"href":"https:\/\/www.lojadacentral.com.br\/index.php?rest_route=\/wp\/v2\/product\/10305","targetHints":{"allow":["GET"]}}],"collection":[{"href":"https:\/\/www.lojadacentral.com.br\/index.php?rest_route=\/wp\/v2\/product"}],"about":[{"href":"https:\/\/www.lojadacentral.com.br\/index.php?rest_route=\/wp\/v2\/types\/product"}],"wp:featuredmedia":[{"embeddable":true,"href":"https:\/\/www.lojadacentral.com.br\/index.php?rest_route=\/wp\/v2\/media\/10320"}],"wp:attachment":[{"href":"https:\/\/www.lojadacentral.com.br\/index.php?rest_route=%2Fwp%2Fv2%2Fmedia&parent=10305"}],"wp:term":[{"taxonomy":"product_brand","embeddable":true,"href":"https:\/\/www.lojadacentral.com.br\/index.php?rest_route=%2Fwp%2Fv2%2Fproduct_brand&post=10305"},{"taxonomy":"product_cat","embeddable":true,"href":"https:\/\/www.lojadacentral.com.br\/index.php?rest_route=%2Fwp%2Fv2%2Fproduct_cat&post=10305"},{"taxonomy":"product_tag","embeddable":true,"href":"https:\/\/www.lojadacentral.com.br\/index.php?rest_route=%2Fwp%2Fv2%2Fproduct_tag&post=10305"}],"curies":[{"name":"wp","href":"https:\/\/api.w.org\/{rel}","templated":true}]}}