{"id":158,"date":"2024-02-26T15:06:12","date_gmt":"2024-02-26T18:06:12","guid":{"rendered":"https:\/\/demosites.royal-elementor-addons.com\/pet-shop-v1\/?page_id=158"},"modified":"2025-04-17T10:18:34","modified_gmt":"2025-04-17T13:18:34","slug":"carrinho","status":"publish","type":"page","link":"https:\/\/www.lojadacentral.com.br\/?page_id=158","title":{"rendered":"Cart"},"content":{"rendered":"\t\t<div data-elementor-type=\"wp-page\" data-elementor-id=\"158\" class=\"elementor elementor-158\">\n\t\t\t\t<div class=\"elementor-element elementor-element-fe8b874 e-con-full e-flex wpr-particle-no wpr-jarallax-no wpr-parallax-no wpr-sticky-section-no wpr-column-slider-no wpr-equal-height-no e-con e-parent\" data-id=\"fe8b874\" data-element_type=\"container\" data-e-type=\"container\">\n\t\t\t\t<div class=\"elementor-element elementor-element-db441c3 elementor-widget elementor-widget-heading\" data-id=\"db441c3\" data-element_type=\"widget\" data-e-type=\"widget\" data-widget_type=\"heading.default\">\n\t\t\t\t<div class=\"elementor-widget-container\">\n\t\t\t\t\t<h2 class=\"elementor-heading-title elementor-size-default\">Carrinho<\/h2>\t\t\t\t<\/div>\n\t\t\t\t<\/div>\n\t\t\t\t<div class=\"elementor-element elementor-element-f714d1a elementor-widget-laptop__width-initial elementor-widget__width-initial wpr-cart-vertical wpr-checkout-flex-end elementor-widget elementor-widget-wpr-page-cart\" data-id=\"f714d1a\" data-element_type=\"widget\" data-e-type=\"widget\" data-widget_type=\"wpr-page-cart.default\">\n\t\t\t\t<div class=\"elementor-widget-container\">\n\t\t\t\t\t<div class=\"woocommerce\"><div class=\"woocommerce-notices-wrapper\"><\/div><div class=\"wc-empty-cart-message\">\n\t<div class=\"wc-block-components-notice-banner is-info\" role=\"status\">\n\t\t<svg xmlns=\"http:\/\/www.w3.org\/2000\/svg\" viewBox=\"0 0 24 24\" width=\"24\" height=\"24\" aria-hidden=\"true\" focusable=\"false\">\n\t\t\t<path d=\"M12 3.2c-4.8 0-8.8 3.9-8.8 8.8 0 4.8 3.9 8.8 8.8 8.8 4.8 0 8.8-3.9 8.8-8.8 0-4.8-4-8.8-8.8-8.8zm0 16c-4 0-7.2-3.3-7.2-7.2C4.8 8 8 4.8 12 4.8s7.2 3.3 7.2 7.2c0 4-3.2 7.2-7.2 7.2zM11 17h2v-6h-2v6zm0-8h2V7h-2v2z\"><\/path>\n\t\t<\/svg>\n\t\t<div class=\"wc-block-components-notice-banner__content\">\n\t\t\tSeu carrinho est\u00e1 vazio.\t\t<\/div>\n\t<\/div>\n<\/div>\t<p class=\"return-to-shop\">\n\t\t<a class=\"button wc-backward wp-element-button\" href=\"https:\/\/www.lojadacentral.com.br\/\">\n\t\t\tRetornar para a loja\t\t<\/a>\n\t<\/p>\n<\/div>\t\t\t\t<\/div>\n\t\t\t\t<\/div>\n\t\t\t\t<\/div>\n\t\t\t\t<\/div>\n\t\t","protected":false},"excerpt":{"rendered":"<p>Carrinho &nbsp; Produto &nbsp; Pre\u00e7o Quantidade Subtotal &times; ABS Dupla Camada &#8211; ABS 16 &#8211; Laranja c\/ Branco &#82;&#36;&nbsp;130,00 ABS Dupla Camada &#8211; ABS 16 &#8211; Laranja c\/ Branco quantidade &#82;&#36;&nbsp;130,00 Atualizar carrinho Aplicar Total Subtotal &#82;&#36;&nbsp;130,00 Entrega Retirada no local Jadlog Package (Melhor Envio) (5 a 6 dias \u00fateis): &#82;&#36;&nbsp;14,65 Jadlog .Com (Melhor Envio) (4 a 5 dias \u00fateis): &#82;&#36;&nbsp;14,77 Entrega para Rua Professor C\u00e2ndido Lemos Ramos, GUARULHOS, S\u00e3o Paulo, 07091-240. Mudar endere\u00e7o C\u00f3digo postal \/ CEP: Calcular Total &#82;&#36;&nbsp;144,65 Continuar<\/p>\n","protected":false},"author":1,"featured_media":0,"parent":0,"menu_order":0,"comment_status":"closed","ping_status":"closed","template":"elementor_canvas","meta":{"footnotes":""},"class_list":["post-158","page","type-page","status-publish","hentry"],"yoast_head":"<!-- This site is optimized with the Yoast SEO plugin v27.6 - https:\/\/yoast.com\/product\/yoast-seo-wordpress\/ -->\n<title>Cart - Loja da Central<\/title>\n<meta name=\"robots\" content=\"index, follow, max-snippet:-1, max-image-preview:large, max-video-preview:-1\" \/>\n<link rel=\"canonical\" href=\"https:\/\/www.lojadacentral.com.br\/?page_id=158\" \/>\n<meta property=\"og:locale\" content=\"pt_BR\" \/>\n<meta property=\"og:type\" content=\"article\" \/>\n<meta property=\"og:title\" content=\"Cart - Loja da Central\" \/>\n<meta property=\"og:description\" content=\"Carrinho &nbsp; Produto &nbsp; Pre\u00e7o Quantidade Subtotal &times; ABS Dupla Camada &#8211; ABS 16 &#8211; Laranja c\/ Branco &#082;&#036;&nbsp;130,00 ABS Dupla Camada &#8211; ABS 16 &#8211; Laranja c\/ Branco quantidade &#082;&#036;&nbsp;130,00 Atualizar carrinho Aplicar Total Subtotal &#082;&#036;&nbsp;130,00 Entrega Retirada no local Jadlog Package (Melhor Envio) (5 a 6 dias \u00fateis): &#082;&#036;&nbsp;14,65 Jadlog .Com (Melhor Envio) (4 a 5 dias \u00fateis): &#082;&#036;&nbsp;14,77 Entrega para Rua Professor C\u00e2ndido Lemos Ramos, GUARULHOS, S\u00e3o Paulo, 07091-240. Mudar endere\u00e7o C\u00f3digo postal \/ CEP: Calcular Total &#082;&#036;&nbsp;144,65 Continuar\" \/>\n<meta property=\"og:url\" content=\"https:\/\/www.lojadacentral.com.br\/?page_id=158\" \/>\n<meta property=\"og:site_name\" content=\"Loja da Central\" \/>\n<meta property=\"article:modified_time\" content=\"2025-04-17T13:18:34+00:00\" \/>\n<meta property=\"og:image\" content=\"https:\/\/www.lojadacentral.com.br\/wp-content\/uploads\/2024\/08\/ABS-16-V2-Central-do-Acrilico-300x300.png\" \/>\n<meta name=\"twitter:card\" content=\"summary_large_image\" \/>\n<meta name=\"twitter:label1\" content=\"Est. tempo de leitura\" \/>\n\t<meta name=\"twitter:data1\" content=\"1 minuto\" \/>\n<script type=\"application\/ld+json\" class=\"yoast-schema-graph\">{\"@context\":\"https:\\\/\\\/schema.org\",\"@graph\":[{\"@type\":\"WebPage\",\"@id\":\"https:\\\/\\\/www.lojadacentral.com.br\\\/?page_id=158\",\"url\":\"https:\\\/\\\/www.lojadacentral.com.br\\\/?page_id=158\",\"name\":\"Cart - Loja da Central\",\"isPartOf\":{\"@id\":\"https:\\\/\\\/www.lojadacentral.com.br\\\/#website\"},\"primaryImageOfPage\":{\"@id\":\"https:\\\/\\\/www.lojadacentral.com.br\\\/?page_id=158#primaryimage\"},\"image\":{\"@id\":\"https:\\\/\\\/www.lojadacentral.com.br\\\/?page_id=158#primaryimage\"},\"thumbnailUrl\":\"https:\\\/\\\/www.lojadacentral.com.br\\\/wp-content\\\/uploads\\\/2024\\\/08\\\/ABS-16-V2-Central-do-Acrilico-300x300.png\",\"datePublished\":\"2024-02-26T18:06:12+00:00\",\"dateModified\":\"2025-04-17T13:18:34+00:00\",\"breadcrumb\":{\"@id\":\"https:\\\/\\\/www.lojadacentral.com.br\\\/?page_id=158#breadcrumb\"},\"inLanguage\":\"pt-BR\",\"potentialAction\":[{\"@type\":\"ReadAction\",\"target\":[\"https:\\\/\\\/www.lojadacentral.com.br\\\/?page_id=158\"]}]},{\"@type\":\"ImageObject\",\"inLanguage\":\"pt-BR\",\"@id\":\"https:\\\/\\\/www.lojadacentral.com.br\\\/?page_id=158#primaryimage\",\"url\":\"https:\\\/\\\/www.lojadacentral.com.br\\\/wp-content\\\/uploads\\\/2024\\\/08\\\/ABS-16-V2-Central-do-Acrilico.png\",\"contentUrl\":\"https:\\\/\\\/www.lojadacentral.com.br\\\/wp-content\\\/uploads\\\/2024\\\/08\\\/ABS-16-V2-Central-do-Acrilico.png\",\"width\":700,\"height\":1000},{\"@type\":\"BreadcrumbList\",\"@id\":\"https:\\\/\\\/www.lojadacentral.com.br\\\/?page_id=158#breadcrumb\",\"itemListElement\":[{\"@type\":\"ListItem\",\"position\":1,\"name\":\"In\u00edcio\",\"item\":\"https:\\\/\\\/www.lojadacentral.com.br\\\/\"},{\"@type\":\"ListItem\",\"position\":2,\"name\":\"Cart\"}]},{\"@type\":\"WebSite\",\"@id\":\"https:\\\/\\\/www.lojadacentral.com.br\\\/#website\",\"url\":\"https:\\\/\\\/www.lojadacentral.com.br\\\/\",\"name\":\"Loja da Central =)\",\"description\":\"Os materiais da Central Do Acr\u00edlico que voc\u00ea j\u00e1 conhece e confia agora dispon\u00edveis online na loja da Central. Compre e receba em sua casa!\",\"publisher\":{\"@id\":\"https:\\\/\\\/www.lojadacentral.com.br\\\/#organization\"},\"potentialAction\":[{\"@type\":\"SearchAction\",\"target\":{\"@type\":\"EntryPoint\",\"urlTemplate\":\"https:\\\/\\\/www.lojadacentral.com.br\\\/?s={search_term_string}\"},\"query-input\":{\"@type\":\"PropertyValueSpecification\",\"valueRequired\":true,\"valueName\":\"search_term_string\"}}],\"inLanguage\":\"pt-BR\"},{\"@type\":\"Organization\",\"@id\":\"https:\\\/\\\/www.lojadacentral.com.br\\\/#organization\",\"name\":\"Central Do Acr\u00edlico\",\"url\":\"https:\\\/\\\/www.lojadacentral.com.br\\\/\",\"logo\":{\"@type\":\"ImageObject\",\"inLanguage\":\"pt-BR\",\"@id\":\"https:\\\/\\\/www.lojadacentral.com.br\\\/#\\\/schema\\\/logo\\\/image\\\/\",\"url\":\"https:\\\/\\\/www.lojadacentral.com.br\\\/wp-content\\\/uploads\\\/2024\\\/02\\\/Logo-Central-PNG.png\",\"contentUrl\":\"https:\\\/\\\/www.lojadacentral.com.br\\\/wp-content\\\/uploads\\\/2024\\\/02\\\/Logo-Central-PNG.png\",\"width\":3891,\"height\":700,\"caption\":\"Central Do Acr\u00edlico\"},\"image\":{\"@id\":\"https:\\\/\\\/www.lojadacentral.com.br\\\/#\\\/schema\\\/logo\\\/image\\\/\"},\"sameAs\":[\"https:\\\/\\\/www.instagram.com\\\/centraldoacrilico\\\/\"]}]}<\/script>\n<!-- \/ Yoast SEO plugin. -->","yoast_head_json":{"title":"Cart - Loja da Central","robots":{"index":"index","follow":"follow","max-snippet":"max-snippet:-1","max-image-preview":"max-image-preview:large","max-video-preview":"max-video-preview:-1"},"canonical":"https:\/\/www.lojadacentral.com.br\/?page_id=158","og_locale":"pt_BR","og_type":"article","og_title":"Cart - Loja da Central","og_description":"Carrinho &nbsp; Produto &nbsp; Pre\u00e7o Quantidade Subtotal &times; ABS Dupla Camada &#8211; ABS 16 &#8211; Laranja c\/ Branco &#82;&#36;&nbsp;130,00 ABS Dupla Camada &#8211; ABS 16 &#8211; Laranja c\/ Branco quantidade &#82;&#36;&nbsp;130,00 Atualizar carrinho Aplicar Total Subtotal &#82;&#36;&nbsp;130,00 Entrega Retirada no local Jadlog Package (Melhor Envio) (5 a 6 dias \u00fateis): &#82;&#36;&nbsp;14,65 Jadlog .Com (Melhor Envio) (4 a 5 dias \u00fateis): &#82;&#36;&nbsp;14,77 Entrega para Rua Professor C\u00e2ndido Lemos Ramos, GUARULHOS, S\u00e3o Paulo, 07091-240. Mudar endere\u00e7o C\u00f3digo postal \/ CEP: Calcular Total &#82;&#36;&nbsp;144,65 Continuar","og_url":"https:\/\/www.lojadacentral.com.br\/?page_id=158","og_site_name":"Loja da Central","article_modified_time":"2025-04-17T13:18:34+00:00","og_image":[{"url":"https:\/\/www.lojadacentral.com.br\/wp-content\/uploads\/2024\/08\/ABS-16-V2-Central-do-Acrilico-300x300.png","type":"","width":"","height":""}],"twitter_card":"summary_large_image","twitter_misc":{"Est. tempo de leitura":"1 minuto"},"schema":{"@context":"https:\/\/schema.org","@graph":[{"@type":"WebPage","@id":"https:\/\/www.lojadacentral.com.br\/?page_id=158","url":"https:\/\/www.lojadacentral.com.br\/?page_id=158","name":"Cart - Loja da Central","isPartOf":{"@id":"https:\/\/www.lojadacentral.com.br\/#website"},"primaryImageOfPage":{"@id":"https:\/\/www.lojadacentral.com.br\/?page_id=158#primaryimage"},"image":{"@id":"https:\/\/www.lojadacentral.com.br\/?page_id=158#primaryimage"},"thumbnailUrl":"https:\/\/www.lojadacentral.com.br\/wp-content\/uploads\/2024\/08\/ABS-16-V2-Central-do-Acrilico-300x300.png","datePublished":"2024-02-26T18:06:12+00:00","dateModified":"2025-04-17T13:18:34+00:00","breadcrumb":{"@id":"https:\/\/www.lojadacentral.com.br\/?page_id=158#breadcrumb"},"inLanguage":"pt-BR","potentialAction":[{"@type":"ReadAction","target":["https:\/\/www.lojadacentral.com.br\/?page_id=158"]}]},{"@type":"ImageObject","inLanguage":"pt-BR","@id":"https:\/\/www.lojadacentral.com.br\/?page_id=158#primaryimage","url":"https:\/\/www.lojadacentral.com.br\/wp-content\/uploads\/2024\/08\/ABS-16-V2-Central-do-Acrilico.png","contentUrl":"https:\/\/www.lojadacentral.com.br\/wp-content\/uploads\/2024\/08\/ABS-16-V2-Central-do-Acrilico.png","width":700,"height":1000},{"@type":"BreadcrumbList","@id":"https:\/\/www.lojadacentral.com.br\/?page_id=158#breadcrumb","itemListElement":[{"@type":"ListItem","position":1,"name":"In\u00edcio","item":"https:\/\/www.lojadacentral.com.br\/"},{"@type":"ListItem","position":2,"name":"Cart"}]},{"@type":"WebSite","@id":"https:\/\/www.lojadacentral.com.br\/#website","url":"https:\/\/www.lojadacentral.com.br\/","name":"Loja da Central =)","description":"Os materiais da Central Do Acr\u00edlico que voc\u00ea j\u00e1 conhece e confia agora dispon\u00edveis online na loja da Central. Compre e receba em sua casa!","publisher":{"@id":"https:\/\/www.lojadacentral.com.br\/#organization"},"potentialAction":[{"@type":"SearchAction","target":{"@type":"EntryPoint","urlTemplate":"https:\/\/www.lojadacentral.com.br\/?s={search_term_string}"},"query-input":{"@type":"PropertyValueSpecification","valueRequired":true,"valueName":"search_term_string"}}],"inLanguage":"pt-BR"},{"@type":"Organization","@id":"https:\/\/www.lojadacentral.com.br\/#organization","name":"Central Do Acr\u00edlico","url":"https:\/\/www.lojadacentral.com.br\/","logo":{"@type":"ImageObject","inLanguage":"pt-BR","@id":"https:\/\/www.lojadacentral.com.br\/#\/schema\/logo\/image\/","url":"https:\/\/www.lojadacentral.com.br\/wp-content\/uploads\/2024\/02\/Logo-Central-PNG.png","contentUrl":"https:\/\/www.lojadacentral.com.br\/wp-content\/uploads\/2024\/02\/Logo-Central-PNG.png","width":3891,"height":700,"caption":"Central Do Acr\u00edlico"},"image":{"@id":"https:\/\/www.lojadacentral.com.br\/#\/schema\/logo\/image\/"},"sameAs":["https:\/\/www.instagram.com\/centraldoacrilico\/"]}]}},"_links":{"self":[{"href":"https:\/\/www.lojadacentral.com.br\/index.php?rest_route=\/wp\/v2\/pages\/158","targetHints":{"allow":["GET"]}}],"collection":[{"href":"https:\/\/www.lojadacentral.com.br\/index.php?rest_route=\/wp\/v2\/pages"}],"about":[{"href":"https:\/\/www.lojadacentral.com.br\/index.php?rest_route=\/wp\/v2\/types\/page"}],"author":[{"embeddable":true,"href":"https:\/\/www.lojadacentral.com.br\/index.php?rest_route=\/wp\/v2\/users\/1"}],"replies":[{"embeddable":true,"href":"https:\/\/www.lojadacentral.com.br\/index.php?rest_route=%2Fwp%2Fv2%2Fcomments&post=158"}],"version-history":[{"count":282,"href":"https:\/\/www.lojadacentral.com.br\/index.php?rest_route=\/wp\/v2\/pages\/158\/revisions"}],"predecessor-version":[{"id":8574,"href":"https:\/\/www.lojadacentral.com.br\/index.php?rest_route=\/wp\/v2\/pages\/158\/revisions\/8574"}],"wp:attachment":[{"href":"https:\/\/www.lojadacentral.com.br\/index.php?rest_route=%2Fwp%2Fv2%2Fmedia&parent=158"}],"curies":[{"name":"wp","href":"https:\/\/api.w.org\/{rel}","templated":true}]}}